{"id":8853,"date":"2024-12-29T09:48:00","date_gmt":"2024-12-29T08:48:00","guid":{"rendered":"https:\/\/alexandredeschaumes.com\/?page_id=8853"},"modified":"2024-12-29T09:48:48","modified_gmt":"2024-12-29T08:48:48","slug":"lac-demosson-2024_10_02","status":"publish","type":"page","link":"https:\/\/alexandredeschaumes.com\/en\/lac-demosson-2024_10_02\/","title":{"rendered":"Lac d'emosson 2024_10_02"},"content":{"rendered":"<div class=\"taz_gallery taz_gallery-onPost taz_isWide\"style=\"grid-template-columns: repeat(3, 1fr);\">\t<div class=\"taz_layouter taz_layout-1-3-2\"style=\"margin: 25px;\">\n\t\t<figure\n\t\t\tclass=\"taz_figure taz_item-ratio-threebytwo taz_shadow taz_roundedStyle\"\n\t\t\tdata-index=\"0\"\n\t\t\tdata-item-id=\"8821\"\n\t\t\tdata-module=\"galleryOnPost\"\n\t\t\tdata-canzoom=\"1\"\n\t\t\tdata-instantzoom=\"\"\n\t\t>\n\t\t\t<div class=\"taz_layouter\">\n\t\t\t\t<a href=\"\/wordpress\/wp-content\/uploads\/4459-emosson-octobre-haut-giffre-suisse-valais.jpg\" class=\"taz_imageLink\"><span class=\"taz_imageWrapper taz_shadow taz_roundedStyle\"><img decoding=\"async\" alt=\"Ambiance automnale au-dessus du lac d&rsquo;&Eacute;mosson, Valais suisse, avec myrtilliers rouges, Tenneverge et Pointe de la Finive dans le massif du Haut Giffre\" class=\"taz_image\" src=\"\/wordpress\/wp-content\/themes\/AlexandreDeschaumes\/DevKit\/inc\/taz_imagePlaceholder.php?width=1230&height=821&color=%23594638\" data-src=\"\/wordpress\/wp-content\/uploads\/4459-emosson-octobre-haut-giffre-suisse-valais.jpg\"  title=\"F&eacute;&eacute;rie automnale &agrave; &Eacute;mosson\"><\/span><\/a>\n\t\t\t\t<img\n\t\t\t\t\tclass=\"taz_item-frame\"\n\t\t\t\t\tsrc=\"\/wordpress\/wp-content\/themes\/AlexandreDeschaumes\/DevKit\/inc\/taz_imagePlaceholder.php?width=1230&height=821&color=%23FFFFFF00\"\n\t\t\t\t>\n\t\t\t<\/div>\n\t\t\t\n\t\t<\/figure>\n\t<\/div>\t<div class=\"taz_layouter taz_layout-1-3-2\"style=\"margin: 25px;\">\n\t\t<figure\n\t\t\tclass=\"taz_figure taz_item-ratio-threebytwo taz_shadow taz_roundedStyle\"\n\t\t\tdata-index=\"1\"\n\t\t\tdata-item-id=\"8820\"\n\t\t\tdata-module=\"galleryOnPost\"\n\t\t\tdata-canzoom=\"1\"\n\t\t\tdata-instantzoom=\"\"\n\t\t>\n\t\t\t<div class=\"taz_layouter\">\n\t\t\t\t<a href=\"\/wordpress\/wp-content\/uploads\/4350-emosson-lac-octobre-haut-giffre-suisse-valais.jpg\" class=\"taz_imageLink\"><span class=\"taz_imageWrapper taz_shadow taz_roundedStyle\"><img decoding=\"async\" alt=\"Ambiance automnale myst&eacute;rieuse aux abords du lac d&rsquo;&Eacute;mosson, Valais suisse, avec m&eacute;l&egrave;zes dor&eacute;s, rochers et brumes envoutantes\" class=\"taz_image\" src=\"\/wordpress\/wp-content\/themes\/AlexandreDeschaumes\/DevKit\/inc\/taz_imagePlaceholder.php?width=1230&height=821&color=%23564330\" data-src=\"\/wordpress\/wp-content\/uploads\/4350-emosson-lac-octobre-haut-giffre-suisse-valais.jpg\"  title=\"Ambiance automnale &agrave; &Eacute;mosson - Valais suisse\"><\/span><\/a>\n\t\t\t\t<img\n\t\t\t\t\tclass=\"taz_item-frame\"\n\t\t\t\t\tsrc=\"\/wordpress\/wp-content\/themes\/AlexandreDeschaumes\/DevKit\/inc\/taz_imagePlaceholder.php?width=1230&height=821&color=%23FFFFFF00\"\n\t\t\t\t>\n\t\t\t<\/div>\n\t\t\t\n\t\t<\/figure>\n\t<\/div>\t<div class=\"taz_layouter taz_layout-1-3-2\"style=\"margin: 25px;\">\n\t\t<figure\n\t\t\tclass=\"taz_figure taz_item-ratio-threebytwo taz_shadow taz_roundedStyle\"\n\t\t\tdata-index=\"2\"\n\t\t\tdata-item-id=\"8846\"\n\t\t\tdata-module=\"galleryOnPost\"\n\t\t\tdata-canzoom=\"1\"\n\t\t\tdata-instantzoom=\"\"\n\t\t>\n\t\t\t<div class=\"taz_layouter\">\n\t\t\t\t<a href=\"\/wordpress\/wp-content\/uploads\/4472_emosson_automne.jpg\" class=\"taz_imageLink\"><span class=\"taz_imageWrapper taz_shadow taz_roundedStyle\"><img decoding=\"async\" alt=\"Sentier parmi les myrtilliers rouges, les m&eacute;l&egrave;zes dor&eacute;s et les &eacute;pic&eacute;as, &agrave; 2000 m d&rsquo;altitude pr&egrave;s du lac d&rsquo;&Eacute;mosson, avec la Pointe de la Finive dans la brume. Photographie Alexandre Deschaumes.\" class=\"taz_image\" src=\"\/wordpress\/wp-content\/themes\/AlexandreDeschaumes\/DevKit\/inc\/taz_imagePlaceholder.php?width=1230&height=820&color=\" data-src=\"\/wordpress\/wp-content\/uploads\/4472_emosson_automne.jpg\"  title=\"Chemin d&rsquo;automne et Pointe de la Finive &ndash; &Eacute;mosson\"><\/span><\/a>\n\t\t\t\t<img\n\t\t\t\t\tclass=\"taz_item-frame\"\n\t\t\t\t\tsrc=\"\/wordpress\/wp-content\/themes\/AlexandreDeschaumes\/DevKit\/inc\/taz_imagePlaceholder.php?width=1230&height=820&color=%23FFFFFF00\"\n\t\t\t\t>\n\t\t\t<\/div>\n\t\t\t\n\t\t<\/figure>\n\t<\/div>\t<div class=\"taz_layouter taz_layout-1-3-2\"style=\"margin: 25px;\">\n\t\t<figure\n\t\t\tclass=\"taz_figure taz_item-ratio-threebytwo taz_shadow taz_roundedStyle\"\n\t\t\tdata-index=\"3\"\n\t\t\tdata-item-id=\"8848\"\n\t\t\tdata-module=\"galleryOnPost\"\n\t\t\tdata-canzoom=\"1\"\n\t\t\tdata-instantzoom=\"\"\n\t\t>\n\t\t\t<div class=\"taz_layouter\">\n\t\t\t\t<a href=\"\/wordpress\/wp-content\/uploads\/4418_emosson_automne.jpg\" class=\"taz_imageLink\"><span class=\"taz_imageWrapper taz_shadow taz_roundedStyle\"><img decoding=\"async\" alt=\"Pointe de la Finive au-dessus du lac d&rsquo;&Eacute;mosson, envelopp&eacute;e de brumes vesp&eacute;rales et de couleurs automnales. Photographie d&rsquo;Alexandre Deschaumes.\" class=\"taz_image\" src=\"\/wordpress\/wp-content\/themes\/AlexandreDeschaumes\/DevKit\/inc\/taz_imagePlaceholder.php?width=1230&height=820&color=\" data-src=\"\/wordpress\/wp-content\/uploads\/4418_emosson_automne.jpg\"  title=\"Pointe de la Finive &ndash; Brumes d&rsquo;automne &agrave; &Eacute;mosson\"><\/span><\/a>\n\t\t\t\t<img\n\t\t\t\t\tclass=\"taz_item-frame\"\n\t\t\t\t\tsrc=\"\/wordpress\/wp-content\/themes\/AlexandreDeschaumes\/DevKit\/inc\/taz_imagePlaceholder.php?width=1230&height=820&color=%23FFFFFF00\"\n\t\t\t\t>\n\t\t\t<\/div>\n\t\t\t\n\t\t<\/figure>\n\t<\/div>\t<div class=\"taz_layouter taz_layout-1-16-9\"style=\"margin: 25px;\">\n\t\t<figure\n\t\t\tclass=\"taz_figure taz_item-ratio-sixteenbynine taz_shadow taz_roundedStyle\"\n\t\t\tdata-index=\"4\"\n\t\t\tdata-item-id=\"8847\"\n\t\t\tdata-module=\"galleryOnPost\"\n\t\t\tdata-canzoom=\"1\"\n\t\t\tdata-instantzoom=\"\"\n\t\t>\n\t\t\t<div class=\"taz_layouter\">\n\t\t\t\t<a href=\"\/wordpress\/wp-content\/uploads\/drone_perrons_emosson_01.jpg\" class=\"taz_imageLink\"><span class=\"taz_imageWrapper taz_shadow taz_roundedStyle\"><img decoding=\"async\" alt=\"Emosson Perrons automne\" class=\"taz_image\" src=\"\/wordpress\/wp-content\/themes\/AlexandreDeschaumes\/DevKit\/inc\/taz_imagePlaceholder.php?width=1230&height=692&color=\" data-src=\"\/wordpress\/wp-content\/uploads\/drone_perrons_emosson_01.jpg\"  title=\"Lac d&#039;Emosson depuis les Perrons\"><\/span><\/a>\n\t\t\t\t<img\n\t\t\t\t\tclass=\"taz_item-frame\"\n\t\t\t\t\tsrc=\"\/wordpress\/wp-content\/themes\/AlexandreDeschaumes\/DevKit\/inc\/taz_imagePlaceholder.php?width=1230&height=692&color=%23FFFFFF00\"\n\t\t\t\t>\n\t\t\t<\/div>\n\t\t\t\n\t\t<\/figure>\n\t<\/div>\t<div class=\"taz_layouter taz_layout-1-3-2\"style=\"margin: 25px;\">\n\t\t<figure\n\t\t\tclass=\"taz_figure taz_item-ratio-threebytwo taz_shadow taz_roundedStyle\"\n\t\t\tdata-index=\"5\"\n\t\t\tdata-item-id=\"8845\"\n\t\t\tdata-module=\"galleryOnPost\"\n\t\t\tdata-canzoom=\"1\"\n\t\t\tdata-instantzoom=\"\"\n\t\t>\n\t\t\t<div class=\"taz_layouter\">\n\t\t\t\t<a href=\"\/wordpress\/wp-content\/uploads\/4358_lichen_emosson_detail_automne.jpg\" class=\"taz_imageLink\"><span class=\"taz_imageWrapper taz_shadow taz_roundedStyle\"><img decoding=\"async\" alt=\"Lichen blanc et myrtilliers rouges sur une souche &agrave; 2000 m, lac d&rsquo;&Eacute;mosson, Valais, Suisse. Photographie d&rsquo;Alexandre Deschaumes.\" class=\"taz_image\" src=\"\/wordpress\/wp-content\/themes\/AlexandreDeschaumes\/DevKit\/inc\/taz_imagePlaceholder.php?width=1230&height=820&color=\" data-src=\"\/wordpress\/wp-content\/uploads\/4358_lichen_emosson_detail_automne.jpg\"  title=\"Lichens et myrtilliers en automne &ndash; &Eacute;mosson\"><\/span><\/a>\n\t\t\t\t<img\n\t\t\t\t\tclass=\"taz_item-frame\"\n\t\t\t\t\tsrc=\"\/wordpress\/wp-content\/themes\/AlexandreDeschaumes\/DevKit\/inc\/taz_imagePlaceholder.php?width=1230&height=820&color=%23FFFFFF00\"\n\t\t\t\t>\n\t\t\t<\/div>\n\t\t\t\n\t\t<\/figure>\n\t<\/div><\/div>","protected":false},"excerpt":{"rendered":"","protected":false},"author":4,"featured_media":0,"parent":0,"menu_order":0,"comment_status":"closed","ping_status":"closed","template":"","meta":{"_acf_changed":false,"footnotes":""},"class_list":["post-8853","page","type-page","status-publish","hentry"],"acf":[],"yoast_head":"<!-- This site is optimized with the Yoast SEO plugin v27.1.1 - https:\/\/yoast.com\/product\/yoast-seo-wordpress\/ -->\n<title>Lac d&#039;emosson 2024_10_02 &#8226; Alexandre Deschaumes<\/title>\n<meta name=\"robots\" content=\"index, follow, max-snippet:-1, max-image-preview:large, max-video-preview:-1\" \/>\n<link rel=\"canonical\" href=\"https:\/\/alexandredeschaumes.com\/en\/lac-demosson-2024_10_02\/\" \/>\n<meta property=\"og:locale\" content=\"en_US\" \/>\n<meta property=\"og:type\" content=\"article\" \/>\n<meta property=\"og:title\" content=\"Lac d&#039;emosson 2024_10_02 &#8226; Alexandre Deschaumes\" \/>\n<meta property=\"og:url\" content=\"https:\/\/alexandredeschaumes.com\/en\/lac-demosson-2024_10_02\/\" \/>\n<meta property=\"og:site_name\" content=\"Alexandre Deschaumes\" \/>\n<meta property=\"article:modified_time\" content=\"2024-12-29T08:48:48+00:00\" \/>\n<meta name=\"twitter:card\" content=\"summary_large_image\" \/>\n<script type=\"application\/ld+json\" class=\"yoast-schema-graph\">{\"@context\":\"https:\/\/schema.org\",\"@graph\":[{\"@type\":\"WebPage\",\"@id\":\"https:\/\/alexandredeschaumes.com\/en\/lac-demosson-2024_10_02\/\",\"url\":\"https:\/\/alexandredeschaumes.com\/en\/lac-demosson-2024_10_02\/\",\"name\":\"Lac d'emosson 2024_10_02 &#8226; Alexandre Deschaumes\",\"isPartOf\":{\"@id\":\"https:\/\/www.alexandredeschaumes.com\/en\/#website\"},\"datePublished\":\"2024-12-29T08:48:00+00:00\",\"dateModified\":\"2024-12-29T08:48:48+00:00\",\"breadcrumb\":{\"@id\":\"https:\/\/alexandredeschaumes.com\/en\/lac-demosson-2024_10_02\/#breadcrumb\"},\"inLanguage\":\"en-US\",\"potentialAction\":[{\"@type\":\"ReadAction\",\"target\":[\"https:\/\/alexandredeschaumes.com\/en\/lac-demosson-2024_10_02\/\"]}]},{\"@type\":\"BreadcrumbList\",\"@id\":\"https:\/\/alexandredeschaumes.com\/en\/lac-demosson-2024_10_02\/#breadcrumb\",\"itemListElement\":[{\"@type\":\"ListItem\",\"position\":1,\"name\":\"Accueil\",\"item\":\"https:\/\/www.alexandredeschaumes.com\/en\/\"},{\"@type\":\"ListItem\",\"position\":2,\"name\":\"Lac d'emosson 2024_10_02\"}]},{\"@type\":\"WebSite\",\"@id\":\"https:\/\/www.alexandredeschaumes.com\/en\/#website\",\"url\":\"https:\/\/www.alexandredeschaumes.com\/en\/\",\"name\":\"Alexandre Deschaumes\",\"description\":\"Voyage \u00c9th\u00e9r\u00e9\",\"publisher\":{\"@id\":\"https:\/\/www.alexandredeschaumes.com\/en\/#\/schema\/person\/3f2eb1dca0b06296625cf6271563acac\"},\"potentialAction\":[{\"@type\":\"SearchAction\",\"target\":{\"@type\":\"EntryPoint\",\"urlTemplate\":\"https:\/\/www.alexandredeschaumes.com\/en\/?s={search_term_string}\"},\"query-input\":{\"@type\":\"PropertyValueSpecification\",\"valueRequired\":true,\"valueName\":\"search_term_string\"}}],\"inLanguage\":\"en-US\"},{\"@type\":[\"Person\",\"Organization\"],\"@id\":\"https:\/\/www.alexandredeschaumes.com\/en\/#\/schema\/person\/3f2eb1dca0b06296625cf6271563acac\",\"name\":\"Alexandre Deschaumes\",\"image\":{\"@type\":\"ImageObject\",\"inLanguage\":\"en-US\",\"@id\":\"https:\/\/www.alexandredeschaumes.com\/en\/#\/schema\/person\/image\/\",\"url\":\"https:\/\/alexandredeschaumes.com\/wordpress\/wp-content\/uploads\/Avatar-AlexandreDeschaumes-Brown.jpg\",\"contentUrl\":\"https:\/\/alexandredeschaumes.com\/wordpress\/wp-content\/uploads\/Avatar-AlexandreDeschaumes-Brown.jpg\",\"width\":1200,\"height\":1200,\"caption\":\"Alexandre Deschaumes\"},\"logo\":{\"@id\":\"https:\/\/www.alexandredeschaumes.com\/en\/#\/schema\/person\/image\/\"}}]}<\/script>\n<!-- \/ Yoast SEO plugin. -->","yoast_head_json":{"title":"Lac d'emosson 2024_10_02 &#8226; Alexandre Deschaumes","robots":{"index":"index","follow":"follow","max-snippet":"max-snippet:-1","max-image-preview":"max-image-preview:large","max-video-preview":"max-video-preview:-1"},"canonical":"https:\/\/alexandredeschaumes.com\/en\/lac-demosson-2024_10_02\/","og_locale":"en_US","og_type":"article","og_title":"Lac d'emosson 2024_10_02 &#8226; Alexandre Deschaumes","og_url":"https:\/\/alexandredeschaumes.com\/en\/lac-demosson-2024_10_02\/","og_site_name":"Alexandre Deschaumes","article_modified_time":"2024-12-29T08:48:48+00:00","twitter_card":"summary_large_image","schema":{"@context":"https:\/\/schema.org","@graph":[{"@type":"WebPage","@id":"https:\/\/alexandredeschaumes.com\/en\/lac-demosson-2024_10_02\/","url":"https:\/\/alexandredeschaumes.com\/en\/lac-demosson-2024_10_02\/","name":"Lac d'emosson 2024_10_02 &#8226; Alexandre Deschaumes","isPartOf":{"@id":"https:\/\/www.alexandredeschaumes.com\/en\/#website"},"datePublished":"2024-12-29T08:48:00+00:00","dateModified":"2024-12-29T08:48:48+00:00","breadcrumb":{"@id":"https:\/\/alexandredeschaumes.com\/en\/lac-demosson-2024_10_02\/#breadcrumb"},"inLanguage":"en-US","potentialAction":[{"@type":"ReadAction","target":["https:\/\/alexandredeschaumes.com\/en\/lac-demosson-2024_10_02\/"]}]},{"@type":"BreadcrumbList","@id":"https:\/\/alexandredeschaumes.com\/en\/lac-demosson-2024_10_02\/#breadcrumb","itemListElement":[{"@type":"ListItem","position":1,"name":"Accueil","item":"https:\/\/www.alexandredeschaumes.com\/en\/"},{"@type":"ListItem","position":2,"name":"Lac d'emosson 2024_10_02"}]},{"@type":"WebSite","@id":"https:\/\/www.alexandredeschaumes.com\/en\/#website","url":"https:\/\/www.alexandredeschaumes.com\/en\/","name":"Alexandre Deschaumes","description":"Voyage \u00c9th\u00e9r\u00e9","publisher":{"@id":"https:\/\/www.alexandredeschaumes.com\/en\/#\/schema\/person\/3f2eb1dca0b06296625cf6271563acac"},"potentialAction":[{"@type":"SearchAction","target":{"@type":"EntryPoint","urlTemplate":"https:\/\/www.alexandredeschaumes.com\/en\/?s={search_term_string}"},"query-input":{"@type":"PropertyValueSpecification","valueRequired":true,"valueName":"search_term_string"}}],"inLanguage":"en-US"},{"@type":["Person","Organization"],"@id":"https:\/\/www.alexandredeschaumes.com\/en\/#\/schema\/person\/3f2eb1dca0b06296625cf6271563acac","name":"Alexandre Deschaumes","image":{"@type":"ImageObject","inLanguage":"en-US","@id":"https:\/\/www.alexandredeschaumes.com\/en\/#\/schema\/person\/image\/","url":"https:\/\/alexandredeschaumes.com\/wordpress\/wp-content\/uploads\/Avatar-AlexandreDeschaumes-Brown.jpg","contentUrl":"https:\/\/alexandredeschaumes.com\/wordpress\/wp-content\/uploads\/Avatar-AlexandreDeschaumes-Brown.jpg","width":1200,"height":1200,"caption":"Alexandre Deschaumes"},"logo":{"@id":"https:\/\/www.alexandredeschaumes.com\/en\/#\/schema\/person\/image\/"}}]}},"_links":{"self":[{"href":"https:\/\/alexandredeschaumes.com\/en\/wp-json\/wp\/v2\/pages\/8853","targetHints":{"allow":["GET"]}}],"collection":[{"href":"https:\/\/alexandredeschaumes.com\/en\/wp-json\/wp\/v2\/pages"}],"about":[{"href":"https:\/\/alexandredeschaumes.com\/en\/wp-json\/wp\/v2\/types\/page"}],"author":[{"embeddable":true,"href":"https:\/\/alexandredeschaumes.com\/en\/wp-json\/wp\/v2\/users\/4"}],"replies":[{"embeddable":true,"href":"https:\/\/alexandredeschaumes.com\/en\/wp-json\/wp\/v2\/comments?post=8853"}],"version-history":[{"count":4,"href":"https:\/\/alexandredeschaumes.com\/en\/wp-json\/wp\/v2\/pages\/8853\/revisions"}],"predecessor-version":[{"id":8857,"href":"https:\/\/alexandredeschaumes.com\/en\/wp-json\/wp\/v2\/pages\/8853\/revisions\/8857"}],"wp:attachment":[{"href":"https:\/\/alexandredeschaumes.com\/en\/wp-json\/wp\/v2\/media?parent=8853"}],"curies":[{"name":"wp","href":"https:\/\/api.w.org\/{rel}","templated":true}]}}