{"id":8163,"date":"2024-03-16T13:37:52","date_gmt":"2024-03-16T12:37:52","guid":{"rendered":"https:\/\/alexandredeschaumes.com\/?page_id=8163"},"modified":"2024-03-29T14:35:50","modified_gmt":"2024-03-29T13:35:50","slug":"voyages","status":"publish","type":"page","link":"https:\/\/alexandredeschaumes.com\/en\/voyages\/","title":{"rendered":"VOYAGES"},"content":{"rendered":"<section class=\"taz_section taz_galleriesList taz_isWide\">\n<header class=\"taz_galleriesList-header taz_headerIsFullHeight\" style=\"background-image:url(\/wordpress\/wp-content\/uploads\/6044-patagonie-pastels-torresdelpaine-chili-1.jpg);\"><div class=\"taz_galleriesList-textsAreaEnhancer\" style=\"background:linear-gradient(to top, #000000 0%, #00000000 100%);\"><\/div><div class=\"taz_galleriesList-textsArea\"><h1 class=\"taz_galleriesList-title\">Explorez mes aventures en Haute r\u00e9solution<\/h1><\/div><div class=\"taz_galleriesList-container\" style=\"width:75%;\"><figure class=\"taz_figure\"style=\"width:20%;\"><div class=\"taz_layouter\"><a class=\"taz_imageLink\" href=\"https:\/\/alexandredeschaumes.com\/en\/voyages-patagonie-chili\/\" title=\"Voyages | Patagonie | Chili\" style=\"max-width:80%;\"><span class=\"taz_imageWrapper\"><img decoding=\"async\" class=\"taz_image\" alt=\"Voyages | Patagonie | Chili\" src=\"\/wordpress\/wp-content\/themes\/AlexandreDeschaumes\/DevKit\/inc\/taz_imagePlaceholder.php?width=80&height=53&color=\" data-src=\"\/wordpress\/wp-content\/uploads\/6727-patagonie-leverdesoleil-cuernos-rouge-noir-320x213.jpg\"><\/span><\/a><div class=\"taz_galleriesList-meta\"><h3 class=\"taz_galleriesList-item-title\"><a href=\"https:\/\/alexandredeschaumes.com\/en\/voyages-patagonie-chili\/\" class=\"taz_galleriesList-item-link\">Voyages | Patagonie | Chili<\/a><\/h3><\/div><\/div><\/figure><figure class=\"taz_figure\"style=\"width:20%;\"><div class=\"taz_layouter\"><a class=\"taz_imageLink\" href=\"https:\/\/alexandredeschaumes.com\/en\/voyages-patagonie-argentine\/\" title=\"Voyages | Patagonie | Argentine\" style=\"max-width:80%;\"><span class=\"taz_imageWrapper\"><img decoding=\"async\" class=\"taz_image\" alt=\"Voyages | Patagonie | Argentine\" src=\"\/wordpress\/wp-content\/themes\/AlexandreDeschaumes\/DevKit\/inc\/taz_imagePlaceholder.php?width=80&height=53&color=\" data-src=\"\/wordpress\/wp-content\/uploads\/IMG_5777-320x213.jpg\"><\/span><\/a><div class=\"taz_galleriesList-meta\"><h3 class=\"taz_galleriesList-item-title\"><a href=\"https:\/\/alexandredeschaumes.com\/en\/voyages-patagonie-argentine\/\" class=\"taz_galleriesList-item-link\">Voyages | Patagonie | Argentine<\/a><\/h3><\/div><\/div><\/figure><figure class=\"taz_figure\"style=\"width:20%;\"><div class=\"taz_layouter\"><a class=\"taz_imageLink\" href=\"https:\/\/alexandredeschaumes.com\/en\/voyages-islande\/\" title=\"Voyages | Islande\" style=\"max-width:80%;\"><span class=\"taz_imageWrapper\"><img decoding=\"async\" class=\"taz_image\" alt=\"Voyages | Islande\" src=\"\/wordpress\/wp-content\/themes\/AlexandreDeschaumes\/DevKit\/inc\/taz_imagePlaceholder.php?width=80&height=53&color=\" data-src=\"\/wordpress\/wp-content\/uploads\/9618-islande-or-argent-detail-texture-landmannalaugar-320x213.jpg\"><\/span><\/a><div class=\"taz_galleriesList-meta\"><h3 class=\"taz_galleriesList-item-title\"><a href=\"https:\/\/alexandredeschaumes.com\/en\/voyages-islande\/\" class=\"taz_galleriesList-item-link\">Voyages | Islande<\/a><\/h3><\/div><\/div><\/figure><figure class=\"taz_figure\"style=\"width:20%;\"><div class=\"taz_layouter\"><a class=\"taz_imageLink\" href=\"https:\/\/alexandredeschaumes.com\/en\/voyages-nepal\/\" title=\"Voyages | N\u00e9pal\" style=\"max-width:80%;\"><span class=\"taz_imageWrapper\"><img decoding=\"async\" class=\"taz_image\" alt=\"Voyages | N&eacute;pal\" src=\"\/wordpress\/wp-content\/themes\/AlexandreDeschaumes\/DevKit\/inc\/taz_imagePlaceholder.php?width=80&height=52&color=\" data-src=\"\/wordpress\/wp-content\/uploads\/9207-femme-mustang-konchok-ling-porte-2-320x207.jpg\"><\/span><\/a><div class=\"taz_galleriesList-meta\"><h3 class=\"taz_galleriesList-item-title\"><a href=\"https:\/\/alexandredeschaumes.com\/en\/voyages-nepal\/\" class=\"taz_galleriesList-item-link\">Voyages | N\u00e9pal<\/a><\/h3><\/div><\/div><\/figure><figure class=\"taz_figure\"style=\"width:20%;\"><div class=\"taz_layouter\"><a class=\"taz_imageLink\" href=\"https:\/\/alexandredeschaumes.com\/en\/voyages-japon\/\" title=\"Voyages | Japon\" style=\"max-width:80%;\"><span class=\"taz_imageWrapper\"><img decoding=\"async\" class=\"taz_image\" alt=\"Voyages | Japon\" src=\"\/wordpress\/wp-content\/themes\/AlexandreDeschaumes\/DevKit\/inc\/taz_imagePlaceholder.php?width=80&height=53&color=\" data-src=\"\/wordpress\/wp-content\/uploads\/AD4_6719-2-320x213.jpg\"><\/span><\/a><div class=\"taz_galleriesList-meta\"><h3 class=\"taz_galleriesList-item-title\"><a href=\"https:\/\/alexandredeschaumes.com\/en\/voyages-japon\/\" class=\"taz_galleriesList-item-link\">Voyages | Japon<\/a><\/h3><\/div><\/div><\/figure><\/div><\/header><\/section>","protected":false},"excerpt":{"rendered":"","protected":false},"author":4,"featured_media":0,"parent":0,"menu_order":0,"comment_status":"closed","ping_status":"closed","template":"page-galleries.php","meta":{"_acf_changed":false,"footnotes":""},"class_list":["post-8163","page","type-page","status-publish","hentry"],"acf":[],"yoast_head":"<!-- This site is optimized with the Yoast SEO plugin v27.1.1 - https:\/\/yoast.com\/product\/yoast-seo-wordpress\/ -->\n<title>VOYAGES &#8226; Alexandre Deschaumes<\/title>\n<meta name=\"robots\" content=\"index, follow, max-snippet:-1, max-image-preview:large, max-video-preview:-1\" \/>\n<link rel=\"canonical\" href=\"https:\/\/alexandredeschaumes.com\/en\/voyages\/\" \/>\n<meta property=\"og:locale\" content=\"en_US\" \/>\n<meta property=\"og:type\" content=\"article\" \/>\n<meta property=\"og:title\" content=\"VOYAGES &#8226; Alexandre Deschaumes\" \/>\n<meta property=\"og:url\" content=\"https:\/\/alexandredeschaumes.com\/en\/voyages\/\" \/>\n<meta property=\"og:site_name\" content=\"Alexandre Deschaumes\" \/>\n<meta property=\"article:modified_time\" content=\"2024-03-29T13:35:50+00:00\" \/>\n<meta name=\"twitter:card\" content=\"summary_large_image\" \/>\n<script type=\"application\/ld+json\" class=\"yoast-schema-graph\">{\"@context\":\"https:\/\/schema.org\",\"@graph\":[{\"@type\":\"WebPage\",\"@id\":\"https:\/\/alexandredeschaumes.com\/en\/voyages\/\",\"url\":\"https:\/\/alexandredeschaumes.com\/en\/voyages\/\",\"name\":\"VOYAGES &#8226; Alexandre Deschaumes\",\"isPartOf\":{\"@id\":\"https:\/\/www.alexandredeschaumes.com\/en\/#website\"},\"datePublished\":\"2024-03-16T12:37:52+00:00\",\"dateModified\":\"2024-03-29T13:35:50+00:00\",\"breadcrumb\":{\"@id\":\"https:\/\/alexandredeschaumes.com\/en\/voyages\/#breadcrumb\"},\"inLanguage\":\"en-US\",\"potentialAction\":[{\"@type\":\"ReadAction\",\"target\":[\"https:\/\/alexandredeschaumes.com\/en\/voyages\/\"]}]},{\"@type\":\"BreadcrumbList\",\"@id\":\"https:\/\/alexandredeschaumes.com\/en\/voyages\/#breadcrumb\",\"itemListElement\":[{\"@type\":\"ListItem\",\"position\":1,\"name\":\"Accueil\",\"item\":\"https:\/\/www.alexandredeschaumes.com\/en\/\"},{\"@type\":\"ListItem\",\"position\":2,\"name\":\"VOYAGES\"}]},{\"@type\":\"WebSite\",\"@id\":\"https:\/\/www.alexandredeschaumes.com\/en\/#website\",\"url\":\"https:\/\/www.alexandredeschaumes.com\/en\/\",\"name\":\"Alexandre Deschaumes\",\"description\":\"Voyage \u00c9th\u00e9r\u00e9\",\"publisher\":{\"@id\":\"https:\/\/www.alexandredeschaumes.com\/en\/#\/schema\/person\/3f2eb1dca0b06296625cf6271563acac\"},\"potentialAction\":[{\"@type\":\"SearchAction\",\"target\":{\"@type\":\"EntryPoint\",\"urlTemplate\":\"https:\/\/www.alexandredeschaumes.com\/en\/?s={search_term_string}\"},\"query-input\":{\"@type\":\"PropertyValueSpecification\",\"valueRequired\":true,\"valueName\":\"search_term_string\"}}],\"inLanguage\":\"en-US\"},{\"@type\":[\"Person\",\"Organization\"],\"@id\":\"https:\/\/www.alexandredeschaumes.com\/en\/#\/schema\/person\/3f2eb1dca0b06296625cf6271563acac\",\"name\":\"Alexandre Deschaumes\",\"image\":{\"@type\":\"ImageObject\",\"inLanguage\":\"en-US\",\"@id\":\"https:\/\/www.alexandredeschaumes.com\/en\/#\/schema\/person\/image\/\",\"url\":\"https:\/\/alexandredeschaumes.com\/wordpress\/wp-content\/uploads\/Avatar-AlexandreDeschaumes-Brown.jpg\",\"contentUrl\":\"https:\/\/alexandredeschaumes.com\/wordpress\/wp-content\/uploads\/Avatar-AlexandreDeschaumes-Brown.jpg\",\"width\":1200,\"height\":1200,\"caption\":\"Alexandre Deschaumes\"},\"logo\":{\"@id\":\"https:\/\/www.alexandredeschaumes.com\/en\/#\/schema\/person\/image\/\"}}]}<\/script>\n<!-- \/ Yoast SEO plugin. -->","yoast_head_json":{"title":"VOYAGES &#8226; Alexandre Deschaumes","robots":{"index":"index","follow":"follow","max-snippet":"max-snippet:-1","max-image-preview":"max-image-preview:large","max-video-preview":"max-video-preview:-1"},"canonical":"https:\/\/alexandredeschaumes.com\/en\/voyages\/","og_locale":"en_US","og_type":"article","og_title":"VOYAGES &#8226; Alexandre Deschaumes","og_url":"https:\/\/alexandredeschaumes.com\/en\/voyages\/","og_site_name":"Alexandre Deschaumes","article_modified_time":"2024-03-29T13:35:50+00:00","twitter_card":"summary_large_image","schema":{"@context":"https:\/\/schema.org","@graph":[{"@type":"WebPage","@id":"https:\/\/alexandredeschaumes.com\/en\/voyages\/","url":"https:\/\/alexandredeschaumes.com\/en\/voyages\/","name":"VOYAGES &#8226; Alexandre Deschaumes","isPartOf":{"@id":"https:\/\/www.alexandredeschaumes.com\/en\/#website"},"datePublished":"2024-03-16T12:37:52+00:00","dateModified":"2024-03-29T13:35:50+00:00","breadcrumb":{"@id":"https:\/\/alexandredeschaumes.com\/en\/voyages\/#breadcrumb"},"inLanguage":"en-US","potentialAction":[{"@type":"ReadAction","target":["https:\/\/alexandredeschaumes.com\/en\/voyages\/"]}]},{"@type":"BreadcrumbList","@id":"https:\/\/alexandredeschaumes.com\/en\/voyages\/#breadcrumb","itemListElement":[{"@type":"ListItem","position":1,"name":"Accueil","item":"https:\/\/www.alexandredeschaumes.com\/en\/"},{"@type":"ListItem","position":2,"name":"VOYAGES"}]},{"@type":"WebSite","@id":"https:\/\/www.alexandredeschaumes.com\/en\/#website","url":"https:\/\/www.alexandredeschaumes.com\/en\/","name":"Alexandre Deschaumes","description":"Voyage \u00c9th\u00e9r\u00e9","publisher":{"@id":"https:\/\/www.alexandredeschaumes.com\/en\/#\/schema\/person\/3f2eb1dca0b06296625cf6271563acac"},"potentialAction":[{"@type":"SearchAction","target":{"@type":"EntryPoint","urlTemplate":"https:\/\/www.alexandredeschaumes.com\/en\/?s={search_term_string}"},"query-input":{"@type":"PropertyValueSpecification","valueRequired":true,"valueName":"search_term_string"}}],"inLanguage":"en-US"},{"@type":["Person","Organization"],"@id":"https:\/\/www.alexandredeschaumes.com\/en\/#\/schema\/person\/3f2eb1dca0b06296625cf6271563acac","name":"Alexandre Deschaumes","image":{"@type":"ImageObject","inLanguage":"en-US","@id":"https:\/\/www.alexandredeschaumes.com\/en\/#\/schema\/person\/image\/","url":"https:\/\/alexandredeschaumes.com\/wordpress\/wp-content\/uploads\/Avatar-AlexandreDeschaumes-Brown.jpg","contentUrl":"https:\/\/alexandredeschaumes.com\/wordpress\/wp-content\/uploads\/Avatar-AlexandreDeschaumes-Brown.jpg","width":1200,"height":1200,"caption":"Alexandre Deschaumes"},"logo":{"@id":"https:\/\/www.alexandredeschaumes.com\/en\/#\/schema\/person\/image\/"}}]}},"_links":{"self":[{"href":"https:\/\/alexandredeschaumes.com\/en\/wp-json\/wp\/v2\/pages\/8163","targetHints":{"allow":["GET"]}}],"collection":[{"href":"https:\/\/alexandredeschaumes.com\/en\/wp-json\/wp\/v2\/pages"}],"about":[{"href":"https:\/\/alexandredeschaumes.com\/en\/wp-json\/wp\/v2\/types\/page"}],"author":[{"embeddable":true,"href":"https:\/\/alexandredeschaumes.com\/en\/wp-json\/wp\/v2\/users\/4"}],"replies":[{"embeddable":true,"href":"https:\/\/alexandredeschaumes.com\/en\/wp-json\/wp\/v2\/comments?post=8163"}],"version-history":[{"count":75,"href":"https:\/\/alexandredeschaumes.com\/en\/wp-json\/wp\/v2\/pages\/8163\/revisions"}],"predecessor-version":[{"id":8483,"href":"https:\/\/alexandredeschaumes.com\/en\/wp-json\/wp\/v2\/pages\/8163\/revisions\/8483"}],"wp:attachment":[{"href":"https:\/\/alexandredeschaumes.com\/en\/wp-json\/wp\/v2\/media?parent=8163"}],"curies":[{"name":"wp","href":"https:\/\/api.w.org\/{rel}","templated":true}]}}