{"id":7660,"date":"2024-01-09T09:10:13","date_gmt":"2024-01-09T08:10:13","guid":{"rendered":"https:\/\/alexandredeschaumes.com\/?page_id=7660"},"modified":"2024-01-09T09:12:56","modified_gmt":"2024-01-09T08:12:56","slug":"remerciements-reservation-stage","status":"publish","type":"page","link":"https:\/\/alexandredeschaumes.com\/en\/remerciements-reservation-stage\/","title":{"rendered":"Remerciements r\u00e9servation stage"},"content":{"rendered":"<hr class=\"taz_separator\" data-not-visible=\"1\" style=\"margin-top: 15rem; margin-bottom: 15rem;\">\n\n\n<h2 class=\"has-text-align-center wp-block-heading\">R\u00e9servation confirm\u00e9e !<\/h2>\n\n\n<hr class=\"taz_separator\" data-not-visible=\"1\" style=\"margin-top: 3rem; margin-bottom: 3rem;\">\n\n\n<div class=\"wp-block-columns is-layout-flex wp-container-core-columns-is-layout-9d6595d7 wp-block-columns-is-layout-flex\">\n<div class=\"wp-block-column is-layout-flow wp-block-column-is-layout-flow\" style=\"flex-basis:50%\">\n<p class=\"has-text-align-left\">Nous vous remercions chaleureusement pour votre r\u00e9servation \u00e0 notre stage photo \"En Conscience\". Votre engagement dans cette aventure photographique est grandement appr\u00e9ci\u00e9.<\/p>\n\n\n\n<p class=\"has-text-align-left\">Nous serons en contact avec vous sous peu pour vous fournir toutes les informations n\u00e9cessaires concernant l'organisation du stage et la liste du mat\u00e9riel \u00e0 apporter.<\/p>\n\n\n\n<p class=\"has-text-align-left\">Si vous avez des questions ou si vous souhaitez nous contacter en avance, n'h\u00e9sitez pas \u00e0 le faire via WhatsApp au 06 12 32 26 17 ou par email \u00e0 <a>contact@alexandredeschaumes.com<\/a>.<\/p>\n\n\n\n<p class=\"has-text-align-left\">Au plaisir de vous retrouver pour ce moment de partage et d'apprentissage !<\/p>\n\n\n\n<p><\/p>\n<\/div>\n<\/div>\n\n\n<hr class=\"taz_separator\" data-not-visible=\"1\" style=\"margin-top: 15rem; margin-bottom: 15rem;\">","protected":false},"excerpt":{"rendered":"<p>R\u00e9servation confirm\u00e9e ! Nous vous remercions chaleureusement pour votre r\u00e9servation \u00e0 notre stage photo \"En Conscience\". Votre engagement dans cette aventure photographique est grandement appr\u00e9ci\u00e9. Nous serons en contact avec vous sous peu pour vous fournir toutes les informations n\u00e9cessaires concernant l'organisation du stage et la liste du mat\u00e9riel \u00e0 apporter. Si vous avez des [&hellip;]<\/p>\n","protected":false},"author":4,"featured_media":0,"parent":0,"menu_order":0,"comment_status":"closed","ping_status":"closed","template":"","meta":{"_acf_changed":false,"footnotes":""},"class_list":["post-7660","page","type-page","status-publish","hentry"],"acf":[],"yoast_head":"<!-- This site is optimized with the Yoast SEO plugin v27.1.1 - https:\/\/yoast.com\/product\/yoast-seo-wordpress\/ -->\n<title>Remerciements r\u00e9servation stage &#8226; Alexandre Deschaumes<\/title>\n<meta name=\"robots\" content=\"index, follow, max-snippet:-1, max-image-preview:large, max-video-preview:-1\" \/>\n<link rel=\"canonical\" href=\"https:\/\/alexandredeschaumes.com\/en\/remerciements-reservation-stage\/\" \/>\n<meta property=\"og:locale\" content=\"en_US\" \/>\n<meta property=\"og:type\" content=\"article\" \/>\n<meta property=\"og:title\" content=\"Remerciements r\u00e9servation stage &#8226; Alexandre Deschaumes\" \/>\n<meta property=\"og:description\" content=\"R\u00e9servation confirm\u00e9e ! Nous vous remercions chaleureusement pour votre r\u00e9servation \u00e0 notre stage photo &quot;En Conscience&quot;. Votre engagement dans cette aventure photographique est grandement appr\u00e9ci\u00e9. Nous serons en contact avec vous sous peu pour vous fournir toutes les informations n\u00e9cessaires concernant l&#039;organisation du stage et la liste du mat\u00e9riel \u00e0 apporter. Si vous avez des [&hellip;]\" \/>\n<meta property=\"og:url\" content=\"https:\/\/alexandredeschaumes.com\/en\/remerciements-reservation-stage\/\" \/>\n<meta property=\"og:site_name\" content=\"Alexandre Deschaumes\" \/>\n<meta property=\"article:modified_time\" content=\"2024-01-09T08:12:56+00:00\" \/>\n<meta name=\"twitter:card\" content=\"summary_large_image\" \/>\n<meta name=\"twitter:label1\" content=\"Est. reading time\" \/>\n\t<meta name=\"twitter:data1\" content=\"1 minute\" \/>\n<script type=\"application\/ld+json\" class=\"yoast-schema-graph\">{\"@context\":\"https:\/\/schema.org\",\"@graph\":[{\"@type\":\"WebPage\",\"@id\":\"https:\/\/alexandredeschaumes.com\/en\/remerciements-reservation-stage\/\",\"url\":\"https:\/\/alexandredeschaumes.com\/en\/remerciements-reservation-stage\/\",\"name\":\"Remerciements r\u00e9servation stage &#8226; Alexandre Deschaumes\",\"isPartOf\":{\"@id\":\"https:\/\/www.alexandredeschaumes.com\/en\/#website\"},\"datePublished\":\"2024-01-09T08:10:13+00:00\",\"dateModified\":\"2024-01-09T08:12:56+00:00\",\"breadcrumb\":{\"@id\":\"https:\/\/alexandredeschaumes.com\/en\/remerciements-reservation-stage\/#breadcrumb\"},\"inLanguage\":\"en-US\",\"potentialAction\":[{\"@type\":\"ReadAction\",\"target\":[\"https:\/\/alexandredeschaumes.com\/en\/remerciements-reservation-stage\/\"]}]},{\"@type\":\"BreadcrumbList\",\"@id\":\"https:\/\/alexandredeschaumes.com\/en\/remerciements-reservation-stage\/#breadcrumb\",\"itemListElement\":[{\"@type\":\"ListItem\",\"position\":1,\"name\":\"Accueil\",\"item\":\"https:\/\/www.alexandredeschaumes.com\/en\/\"},{\"@type\":\"ListItem\",\"position\":2,\"name\":\"Remerciements r\u00e9servation stage\"}]},{\"@type\":\"WebSite\",\"@id\":\"https:\/\/www.alexandredeschaumes.com\/en\/#website\",\"url\":\"https:\/\/www.alexandredeschaumes.com\/en\/\",\"name\":\"Alexandre Deschaumes\",\"description\":\"Voyage \u00c9th\u00e9r\u00e9\",\"publisher\":{\"@id\":\"https:\/\/www.alexandredeschaumes.com\/en\/#\/schema\/person\/3f2eb1dca0b06296625cf6271563acac\"},\"potentialAction\":[{\"@type\":\"SearchAction\",\"target\":{\"@type\":\"EntryPoint\",\"urlTemplate\":\"https:\/\/www.alexandredeschaumes.com\/en\/?s={search_term_string}\"},\"query-input\":{\"@type\":\"PropertyValueSpecification\",\"valueRequired\":true,\"valueName\":\"search_term_string\"}}],\"inLanguage\":\"en-US\"},{\"@type\":[\"Person\",\"Organization\"],\"@id\":\"https:\/\/www.alexandredeschaumes.com\/en\/#\/schema\/person\/3f2eb1dca0b06296625cf6271563acac\",\"name\":\"Alexandre Deschaumes\",\"image\":{\"@type\":\"ImageObject\",\"inLanguage\":\"en-US\",\"@id\":\"https:\/\/www.alexandredeschaumes.com\/en\/#\/schema\/person\/image\/\",\"url\":\"https:\/\/alexandredeschaumes.com\/wordpress\/wp-content\/uploads\/Avatar-AlexandreDeschaumes-Brown.jpg\",\"contentUrl\":\"https:\/\/alexandredeschaumes.com\/wordpress\/wp-content\/uploads\/Avatar-AlexandreDeschaumes-Brown.jpg\",\"width\":1200,\"height\":1200,\"caption\":\"Alexandre Deschaumes\"},\"logo\":{\"@id\":\"https:\/\/www.alexandredeschaumes.com\/en\/#\/schema\/person\/image\/\"}}]}<\/script>\n<!-- \/ Yoast SEO plugin. -->","yoast_head_json":{"title":"Remerciements r\u00e9servation stage &#8226; Alexandre Deschaumes","robots":{"index":"index","follow":"follow","max-snippet":"max-snippet:-1","max-image-preview":"max-image-preview:large","max-video-preview":"max-video-preview:-1"},"canonical":"https:\/\/alexandredeschaumes.com\/en\/remerciements-reservation-stage\/","og_locale":"en_US","og_type":"article","og_title":"Remerciements r\u00e9servation stage &#8226; Alexandre Deschaumes","og_description":"R\u00e9servation confirm\u00e9e ! Nous vous remercions chaleureusement pour votre r\u00e9servation \u00e0 notre stage photo \"En Conscience\". Votre engagement dans cette aventure photographique est grandement appr\u00e9ci\u00e9. Nous serons en contact avec vous sous peu pour vous fournir toutes les informations n\u00e9cessaires concernant l'organisation du stage et la liste du mat\u00e9riel \u00e0 apporter. Si vous avez des [&hellip;]","og_url":"https:\/\/alexandredeschaumes.com\/en\/remerciements-reservation-stage\/","og_site_name":"Alexandre Deschaumes","article_modified_time":"2024-01-09T08:12:56+00:00","twitter_card":"summary_large_image","twitter_misc":{"Est. reading time":"1 minute"},"schema":{"@context":"https:\/\/schema.org","@graph":[{"@type":"WebPage","@id":"https:\/\/alexandredeschaumes.com\/en\/remerciements-reservation-stage\/","url":"https:\/\/alexandredeschaumes.com\/en\/remerciements-reservation-stage\/","name":"Remerciements r\u00e9servation stage &#8226; Alexandre Deschaumes","isPartOf":{"@id":"https:\/\/www.alexandredeschaumes.com\/en\/#website"},"datePublished":"2024-01-09T08:10:13+00:00","dateModified":"2024-01-09T08:12:56+00:00","breadcrumb":{"@id":"https:\/\/alexandredeschaumes.com\/en\/remerciements-reservation-stage\/#breadcrumb"},"inLanguage":"en-US","potentialAction":[{"@type":"ReadAction","target":["https:\/\/alexandredeschaumes.com\/en\/remerciements-reservation-stage\/"]}]},{"@type":"BreadcrumbList","@id":"https:\/\/alexandredeschaumes.com\/en\/remerciements-reservation-stage\/#breadcrumb","itemListElement":[{"@type":"ListItem","position":1,"name":"Accueil","item":"https:\/\/www.alexandredeschaumes.com\/en\/"},{"@type":"ListItem","position":2,"name":"Remerciements r\u00e9servation stage"}]},{"@type":"WebSite","@id":"https:\/\/www.alexandredeschaumes.com\/en\/#website","url":"https:\/\/www.alexandredeschaumes.com\/en\/","name":"Alexandre Deschaumes","description":"Voyage \u00c9th\u00e9r\u00e9","publisher":{"@id":"https:\/\/www.alexandredeschaumes.com\/en\/#\/schema\/person\/3f2eb1dca0b06296625cf6271563acac"},"potentialAction":[{"@type":"SearchAction","target":{"@type":"EntryPoint","urlTemplate":"https:\/\/www.alexandredeschaumes.com\/en\/?s={search_term_string}"},"query-input":{"@type":"PropertyValueSpecification","valueRequired":true,"valueName":"search_term_string"}}],"inLanguage":"en-US"},{"@type":["Person","Organization"],"@id":"https:\/\/www.alexandredeschaumes.com\/en\/#\/schema\/person\/3f2eb1dca0b06296625cf6271563acac","name":"Alexandre Deschaumes","image":{"@type":"ImageObject","inLanguage":"en-US","@id":"https:\/\/www.alexandredeschaumes.com\/en\/#\/schema\/person\/image\/","url":"https:\/\/alexandredeschaumes.com\/wordpress\/wp-content\/uploads\/Avatar-AlexandreDeschaumes-Brown.jpg","contentUrl":"https:\/\/alexandredeschaumes.com\/wordpress\/wp-content\/uploads\/Avatar-AlexandreDeschaumes-Brown.jpg","width":1200,"height":1200,"caption":"Alexandre Deschaumes"},"logo":{"@id":"https:\/\/www.alexandredeschaumes.com\/en\/#\/schema\/person\/image\/"}}]}},"_links":{"self":[{"href":"https:\/\/alexandredeschaumes.com\/en\/wp-json\/wp\/v2\/pages\/7660","targetHints":{"allow":["GET"]}}],"collection":[{"href":"https:\/\/alexandredeschaumes.com\/en\/wp-json\/wp\/v2\/pages"}],"about":[{"href":"https:\/\/alexandredeschaumes.com\/en\/wp-json\/wp\/v2\/types\/page"}],"author":[{"embeddable":true,"href":"https:\/\/alexandredeschaumes.com\/en\/wp-json\/wp\/v2\/users\/4"}],"replies":[{"embeddable":true,"href":"https:\/\/alexandredeschaumes.com\/en\/wp-json\/wp\/v2\/comments?post=7660"}],"version-history":[{"count":6,"href":"https:\/\/alexandredeschaumes.com\/en\/wp-json\/wp\/v2\/pages\/7660\/revisions"}],"predecessor-version":[{"id":7668,"href":"https:\/\/alexandredeschaumes.com\/en\/wp-json\/wp\/v2\/pages\/7660\/revisions\/7668"}],"wp:attachment":[{"href":"https:\/\/alexandredeschaumes.com\/en\/wp-json\/wp\/v2\/media?parent=7660"}],"curies":[{"name":"wp","href":"https:\/\/api.w.org\/{rel}","templated":true}]}}