{"id":7196,"date":"2023-11-09T09:15:08","date_gmt":"2023-11-09T08:15:08","guid":{"rendered":"https:\/\/alexandredeschaumes.com\/?page_id=7196"},"modified":"2025-09-14T09:44:54","modified_gmt":"2025-09-14T07:44:54","slug":"livre-contemplations","status":"publish","type":"page","link":"https:\/\/alexandredeschaumes.com\/en\/livre-contemplations\/","title":{"rendered":"Livre \u00ab CONTEMPLATIONS \u00bb"},"content":{"rendered":"\n<h4 class=\"has-text-align-center wp-block-heading\">Une vision onirique des montagnes du Haut-Giffre<\/h4>\n\n\n\n<figure class=\"taz_figure\" data-availability=\"high\" data-canzoom=\"\" data-item-id=\"7259\" data-module=\"image\">\n\t<div class=\"taz_layouter\"><span class=\"taz_imageNoLink\"><span class=\"taz_imageWrapper taz_roundedStyle\"><img decoding=\"async\" class=\"taz_image\" alt=\"Livre - Trois-quart   Dos\" src=\"\/wordpress\/wp-content\/themes\/AlexandreDeschaumes\/DevKit\/inc\/taz_imagePlaceholder.php?width=2000&height=1253&color=transparent\" data-src=\"\/wordpress\/wp-content\/uploads\/Livre-Trois-quart-Dos.png\" title=\"Livre - Trois-quart   Dos\"><\/span><\/span>\n\t\t<img decoding=\"async\" class=\"taz_item-frame\" src=\"\/wordpress\/wp-content\/themes\/AlexandreDeschaumes\/DevKit\/inc\/taz_imagePlaceholder.php?width=2000&height=1253&color=%23FFFFFF00\"> \n\t<\/div>\n<\/figure>\n\n<button type=\"button\" class=\"taz_button\" data-align=\"center\" data-context=\"default\" onclick=\"window.open('https:\/\/alexandredeschaumes.com\/shop\/','_self')\" data-size=\"large\" data-style=\"inverted\"><span>Commander le Livre   |   59\u20ac<\/span><\/button>\n\n<hr class=\"taz_separator\" data-not-visible=\"1\" style=\"margin-top: 3rem; margin-bottom: 3rem;\">\n\n<hr class=\"taz_separator\" data-not-visible=\"1\" style=\"margin-top: 3rem; margin-bottom: 3rem;\">\n\n\n<div class=\"wp-block-columns is-layout-flex wp-container-core-columns-is-layout-9d6595d7 wp-block-columns-is-layout-flex\">\n<div class=\"wp-block-column is-layout-flow wp-block-column-is-layout-flow\" style=\"flex-basis:66%\">\n<ul class=\"wp-block-list\">\n<li><strong>Titre :<\/strong>&nbsp;\"Contemplations\"<\/li>\n\n\n\n<li><strong>Ann\u00e9e :<\/strong> 2023<\/li>\n\n\n\n<li><strong>ISBN :<\/strong>&nbsp; 978-2-9589970-0-7<\/li>\n\n\n\n<li><strong>Photographies, textes, maquette et mise en page :<\/strong>&nbsp; Alexandre Deschaumes<\/li>\n\n\n\n<li><strong>Textes :<\/strong> Daniel Gr\u00e9voz<\/li>\n\n\n\n<li><strong>Cartes dessin\u00e9es :<\/strong> Vicky Petrequin<\/li>\n\n\n\n<li><strong>Lieux :<\/strong> Massif du Haut-Giffre, Haute-Savoie, France<\/li>\n\n\n\n<li><strong>Tirage :<\/strong> 1500<\/li>\n\n\n\n<li><strong>Nombre de pages :<\/strong>&nbsp; 180<\/li>\n\n\n\n<li><strong>Format :<\/strong> 32x28cm<\/li>\n\n\n\n<li><strong>Impression :<\/strong> Escourbiac<\/li>\n<\/ul>\n<\/div>\n<\/div>\n\n\n<hr class=\"taz_separator\" style=\"margin-top: 3rem; margin-bottom: 3rem; border-style: solid; border-width: 1px; max-width: 50%;\">\n\n\n<div class=\"wp-block-columns is-layout-flex wp-container-core-columns-is-layout-9d6595d7 wp-block-columns-is-layout-flex\">\n<div class=\"wp-block-column is-layout-flow wp-block-column-is-layout-flow\" style=\"flex-basis:66%\">\n<blockquote class=\"wp-block-quote is-layout-flow wp-block-quote-is-layout-flow\">\n<p class=\"has-small-font-size\">Falaises dolomitiques, cirques spectaculaires et pics intr\u00e9pides\u2026 Le relief des montagnes du Haut-Giffre cultive l\u2019insolite jusqu\u2019\u00e0 tutoyer parfois le fantasmagorique quand les brumes s\u2019en emparent au point de les isoler du r\u00e9el. Un univers propice aux vagabondages de l\u2019imagination et du r\u00eave que j\u2019explore et capture \u00e0 travers mes photographies depuis plus de 15 ans.&nbsp;La fascination que j'ai d'embl\u00e9e ressentie pour ce massif ne s'est jamais d\u00e9mentie&nbsp;et j\u2019aspire \u00e0 vous entra\u00eener dans ce voyage au c\u0153ur m\u00eame de ses ravins secrets, ses cr\u00eates \u00e9th\u00e9r\u00e9es et ses prodigieuses cascades. Une vision accompagn\u00e9e de textes de l\u2019\u00e9crivain Daniel Gr\u00e9voz.<\/p>\n<cite>Alexandre Deschaumes&nbsp;<\/cite><\/blockquote>\n<\/div>\n<\/div>\n\n\n\n<div class=\"wp-block-columns is-layout-flex wp-container-core-columns-is-layout-9d6595d7 wp-block-columns-is-layout-flex\">\n<div class=\"wp-block-column is-layout-flow wp-block-column-is-layout-flow\">\n<figure class=\"taz_figure\" data-availability=\"high\" data-canzoom=\"1\" data-item-id=\"7274\" data-module=\"image\">\n\t<div class=\"taz_layouter\"><a href=\"\/wordpress\/wp-content\/uploads\/Livre-Double-page-2-3.png\" class=\"taz_imageLink\" data-bind=\"1\"><span class=\"taz_imageWrapper taz_roundedStyle\"><img decoding=\"async\" class=\"taz_image\" alt=\"Livre - Double page-2-3\" src=\"\/wordpress\/wp-content\/themes\/AlexandreDeschaumes\/DevKit\/inc\/taz_imagePlaceholder.php?width=2000&height=1168&color=transparent\" data-src=\"\/wordpress\/wp-content\/uploads\/Livre-Double-page-2-3.png\" title=\"Livre - Double page-2-3\"><\/span><\/a>\n\t\t<img decoding=\"async\" class=\"taz_item-frame\" src=\"\/wordpress\/wp-content\/themes\/AlexandreDeschaumes\/DevKit\/inc\/taz_imagePlaceholder.php?width=2000&height=1168&color=%23FFFFFF00\"> \n\t<\/div>\n<\/figure><\/div>\n\n\n\n<div class=\"wp-block-column is-layout-flow wp-block-column-is-layout-flow\">\n<figure class=\"taz_figure\" data-availability=\"high\" data-canzoom=\"1\" data-item-id=\"7271\" data-module=\"image\">\n\t<div class=\"taz_layouter\"><a href=\"\/wordpress\/wp-content\/uploads\/Livre-Double-page-106-107.png\" class=\"taz_imageLink\" data-bind=\"1\"><span class=\"taz_imageWrapper taz_roundedStyle\"><img decoding=\"async\" class=\"taz_image\" alt=\"Livre - Double page-106-107\" src=\"\/wordpress\/wp-content\/themes\/AlexandreDeschaumes\/DevKit\/inc\/taz_imagePlaceholder.php?width=2000&height=1168&color=transparent\" data-src=\"\/wordpress\/wp-content\/uploads\/Livre-Double-page-106-107.png\" title=\"Livre - Double page-106-107\"><\/span><\/a>\n\t\t<img decoding=\"async\" class=\"taz_item-frame\" src=\"\/wordpress\/wp-content\/themes\/AlexandreDeschaumes\/DevKit\/inc\/taz_imagePlaceholder.php?width=2000&height=1168&color=%23FFFFFF00\"> \n\t<\/div>\n<\/figure><\/div>\n<\/div>\n\n\n\n<div class=\"wp-block-columns is-layout-flex wp-container-core-columns-is-layout-9d6595d7 wp-block-columns-is-layout-flex\">\n<div class=\"wp-block-column is-layout-flow wp-block-column-is-layout-flow\" style=\"flex-basis:66%\">\n<h2 class=\"wp-block-heading\">Que contient le livre ?<\/h2>\n\n\n\n<p><strong>3 Chapitres<\/strong>&nbsp;sur les zones suivantes, progressant chronologiquement \u00e0 travers les saisons :&nbsp;<\/p>\n\n\n\n<ul class=\"wp-block-list\">\n<li>Fer \u00e0 Cheval, Bout du Monde, Vogealle, \u00c9mosson<\/li>\n\n\n\n<li>Vallon de Sales, Montagne d'Anterne, les Fiz<\/li>\n\n\n\n<li>Cirque des Fonts, Col des Chaux, fr\u00eates du Grenier, Buet<\/li>\n<\/ul>\n\n\n\n<p><strong>Plus de 150 photographies<\/strong>&nbsp;vous montrant les diff\u00e9rentes contemplations de la nature sauvage visible dans le massif.&nbsp;<\/p>\n\n\n\n<p>Le sujet est trait\u00e9 majoritairement sous l'angle de l'<strong>atmosph\u00e8re onirique<\/strong>&nbsp;mais pas seulement. C'est un recueil un peu \u00e0 mi-chemin entre la po\u00e9sie plus \u00e9vocatrice et abstraite ainsi qu'un reportage plus ancr\u00e9 dans le r\u00e9el pour certaines zones. J'essaie de rejoindre un \u00e9quilibre de&nbsp;<em>surr\u00e9alisme naturel<\/em>, c'est la raison pour laquelle les images sont g\u00e9n\u00e9ralement peu retouch\u00e9es pour favoriser une sensation de r\u00e9alisme tout en essayant de ne pas \u00e9vincer la magie.<\/p>\n\n\n\n<p>On trouvera des paysages vastes, grandioses et d\u00e9taill\u00e9s mais aussi des \u00e9vocations plus intimistes et abstraites. Parfois en assemblage haute r\u00e9solution sur double page avec un papier \u00e0 fort grammage ( 200 gr ) mettant en valeur la&nbsp;<strong>pr\u00e9cision et la finesse.<\/strong><\/p>\n\n\n\n<p>Mais je vais \u00e9galement un peu au-del\u00e0 d'un simple reportage des lieux en m'autorisant un \u00e9cart vers des&nbsp;<strong>ambiances plus foresti\u00e8res et brumeuses<\/strong>&nbsp;ou encore des&nbsp;<strong>d\u00e9tails<\/strong>&nbsp;de roches, de&nbsp;<strong>flore locale<\/strong>&nbsp;et quelques<strong>&nbsp;animaux<\/strong>.<\/p>\n\n\n\n<p>L'amplitude des prises de vues peut aller de 2010 \u00e0 2023. Je parcours le massif depuis une vingtaine d'ann\u00e9es.<\/p>\n\n\n\n<p>Les photos seront l\u00e9gend\u00e9es pr\u00e9cis\u00e9ment ainsi qu'accompagn\u00e9es de&nbsp;<strong>textes<\/strong>&nbsp;de l'\u00e9crivain guide&nbsp;<strong>Daniel Gr\u00e9voz<\/strong>, qui parle de ces lieux d'une fa\u00e7on \u00e0 la fois po\u00e9tique mais \u00e9galement historique ou scientifique.&nbsp;<\/p>\n\n\n\n<p>Certains textes sont \u00e9galement \u00e9cris par moi m\u00eame pour d\u00e9crire mes ressentis sous des aspects \u00e9motionnels ou un peu techniques.<\/p>\n\n\n\n<p>Chaque Chapitre est illustr\u00e9 d'une&nbsp;<strong>carte personnalis\u00e9e<\/strong>, qui est dessin\u00e9e \u00e0 la main par l'artiste peintre&nbsp;<strong>Vicky Petrequin<\/strong>. Les cartes permettent de se situer, d'imaginer ses propres explorations et donc de&nbsp;<strong>r\u00eaver<\/strong>. Elles apportent une structure g\u00e9ographique afin de mieux comprendre les lieux.<\/p>\n\n\n\n<p>L'ensemble est donc un projet assez&nbsp;<strong>complexe et ambitieux<\/strong>&nbsp;inspir\u00e9 d'innombrables recherches et sorties.<\/p>\n<\/div>\n<\/div>\n\n\n\n<div class=\"wp-block-columns is-layout-flex wp-container-core-columns-is-layout-9d6595d7 wp-block-columns-is-layout-flex\">\n<div class=\"wp-block-column is-layout-flow wp-block-column-is-layout-flow\" style=\"flex-basis:66%\">\n<figure class=\"taz_figure\" data-availability=\"high\" data-canzoom=\"1\" data-item-id=\"7275\" data-module=\"image\">\n\t<div class=\"taz_layouter\"><a href=\"\/wordpress\/wp-content\/uploads\/Livre-Double-page-70-71.png\" class=\"taz_imageLink\" data-bind=\"1\"><span class=\"taz_imageWrapper taz_roundedStyle\"><img decoding=\"async\" class=\"taz_image\" alt=\"Livre - Double page-70-71\" src=\"\/wordpress\/wp-content\/themes\/AlexandreDeschaumes\/DevKit\/inc\/taz_imagePlaceholder.php?width=2000&height=1168&color=transparent\" data-src=\"\/wordpress\/wp-content\/uploads\/Livre-Double-page-70-71.png\" title=\"Livre - Double page-70-71\"><\/span><\/a>\n\t\t<img decoding=\"async\" class=\"taz_item-frame\" src=\"\/wordpress\/wp-content\/themes\/AlexandreDeschaumes\/DevKit\/inc\/taz_imagePlaceholder.php?width=2000&height=1168&color=%23FFFFFF00\"> \n\t<\/div>\n<\/figure><\/div>\n<\/div>\n\n\n\n<div class=\"wp-block-columns is-layout-flex wp-container-core-columns-is-layout-9d6595d7 wp-block-columns-is-layout-flex\">\n<div class=\"wp-block-column is-layout-flow wp-block-column-is-layout-flow\" style=\"flex-basis:66%\">\n<div class=\"wp-block-columns is-layout-flex wp-container-core-columns-is-layout-9d6595d7 wp-block-columns-is-layout-flex\">\n<div class=\"wp-block-column is-layout-flow wp-block-column-is-layout-flow\">\n<figure class=\"taz_figure\" data-availability=\"high\" data-canzoom=\"1\" data-item-id=\"7272\" data-module=\"image\">\n\t<div class=\"taz_layouter\"><a href=\"\/wordpress\/wp-content\/uploads\/Livre-Double-page-124-125.png\" class=\"taz_imageLink\" data-bind=\"1\"><span class=\"taz_imageWrapper taz_roundedStyle\"><img decoding=\"async\" class=\"taz_image\" alt=\"Livre - Double page-124-125\" src=\"\/wordpress\/wp-content\/themes\/AlexandreDeschaumes\/DevKit\/inc\/taz_imagePlaceholder.php?width=2000&height=1168&color=transparent\" data-src=\"\/wordpress\/wp-content\/uploads\/Livre-Double-page-124-125.png\" title=\"Livre - Double page-124-125\"><\/span><\/a>\n\t\t<img decoding=\"async\" class=\"taz_item-frame\" src=\"\/wordpress\/wp-content\/themes\/AlexandreDeschaumes\/DevKit\/inc\/taz_imagePlaceholder.php?width=2000&height=1168&color=%23FFFFFF00\"> \n\t<\/div>\n<\/figure><\/div>\n\n\n\n<div class=\"wp-block-column is-layout-flow wp-block-column-is-layout-flow\">\n<figure class=\"taz_figure\" data-availability=\"high\" data-canzoom=\"1\" data-item-id=\"7273\" data-module=\"image\">\n\t<div class=\"taz_layouter\"><a href=\"\/wordpress\/wp-content\/uploads\/Livre-Double-page158-159.png\" class=\"taz_imageLink\" data-bind=\"1\"><span class=\"taz_imageWrapper taz_roundedStyle\"><img decoding=\"async\" class=\"taz_image\" alt=\"Livre - Double page158-159\" src=\"\/wordpress\/wp-content\/themes\/AlexandreDeschaumes\/DevKit\/inc\/taz_imagePlaceholder.php?width=2000&height=1168&color=transparent\" data-src=\"\/wordpress\/wp-content\/uploads\/Livre-Double-page158-159.png\" title=\"Livre - Double page158-159\"><\/span><\/a>\n\t\t<img decoding=\"async\" class=\"taz_item-frame\" src=\"\/wordpress\/wp-content\/themes\/AlexandreDeschaumes\/DevKit\/inc\/taz_imagePlaceholder.php?width=2000&height=1168&color=%23FFFFFF00\"> \n\t<\/div>\n<\/figure><\/div>\n<\/div>\n<\/div>\n<\/div>\n\n\n\n<div class=\"wp-block-columns is-layout-flex wp-container-core-columns-is-layout-9d6595d7 wp-block-columns-is-layout-flex\">\n<div class=\"wp-block-column is-layout-flow wp-block-column-is-layout-flow\" style=\"flex-basis:320px\">\n<figure class=\"taz_figure\" data-availability=\"high\" data-canzoom=\"\" data-item-id=\"7241\" data-module=\"image\">\n\t<div class=\"taz_layouter\"><a href=\"https:\/\/alexandredeschaumes.com\/shop\/\"target=\"_self\" class=\"taz_imageLink\"><span class=\"taz_imageWrapper taz_roundedStyle\"><img decoding=\"async\" class=\"taz_image\" alt=\"Livre-1re-Dos\" src=\"\/wordpress\/wp-content\/themes\/AlexandreDeschaumes\/DevKit\/inc\/taz_imagePlaceholder.php?width=320&height=308&color=transparent\" data-src=\"\/wordpress\/wp-content\/uploads\/Livre-1re-Dos-320x308.png\" title=\"Livre-1re-Dos\"><\/span><\/a>\n\t\t<img decoding=\"async\" class=\"taz_item-frame\" src=\"\/wordpress\/wp-content\/themes\/AlexandreDeschaumes\/DevKit\/inc\/taz_imagePlaceholder.php?width=320&height=308&color=%23FFFFFF00\"> \n\t<\/div>\n<\/figure><\/div>\n<\/div>\n\n\n<button type=\"button\" class=\"taz_button\" data-align=\"center\" data-context=\"default\" onclick=\"window.open('https:\/\/alexandredeschaumes.com\/alpes-massif-du-haut-giffre\/','_blank')\" data-size=\"default\" data-style=\"inverted\"><span>Visitez la galerie \"Massif du Haut Giffre\"<\/span><\/button>\n\n<button type=\"button\" class=\"taz_button\" data-align=\"center\" data-context=\"default\" onclick=\"window.open('https:\/\/alexandredeschaumes.com\/shop\/','_self')\" data-size=\"large\" data-style=\"inverted\"><span>Commander le Livre  |  59\u20ac<\/span><\/button>\n\n\n<p><\/p>\n","protected":false},"excerpt":{"rendered":"<p>Contemplations est un livre photographique d\u2019Alexandre Deschaumes d\u00e9di\u00e9 au massif du Haut-Giffre. Plus de 150 images r\u00e9v\u00e8lent ses falaises, cascades et brumes oniriques, avec des textes po\u00e9tiques de Daniel Gr\u00e9voz et des cartes illustr\u00e9es de Vicky Petrequin<\/p>\n","protected":false},"author":4,"featured_media":7288,"parent":0,"menu_order":0,"comment_status":"closed","ping_status":"closed","template":"","meta":{"_acf_changed":false,"footnotes":""},"class_list":["post-7196","page","type-page","status-publish","has-post-thumbnail","hentry"],"acf":[],"yoast_head":"<!-- This site is optimized with the Yoast SEO plugin v27.1.1 - https:\/\/yoast.com\/product\/yoast-seo-wordpress\/ -->\n<title>Contemplations \u2013 Livre photo sur le Haut-Giffre | Alexandre Deschaumes<\/title>\n<meta name=\"description\" content=\"Plongez dans Contemplations, le nouveau livre d\u2019Alexandre Deschaumes. Plus de 150 photographies oniriques du massif du Haut-Giffre, incluant le Cirque du Fer-\u00e0-Cheval, accompagn\u00e9es des textes po\u00e9tiques et scientifiques de Daniel Gr\u00e9voz.\" \/>\n<meta name=\"robots\" content=\"index, follow, max-snippet:-1, max-image-preview:large, max-video-preview:-1\" \/>\n<link rel=\"canonical\" href=\"https:\/\/alexandredeschaumes.com\/en\/livre-contemplations\/\" \/>\n<meta property=\"og:locale\" content=\"en_US\" \/>\n<meta property=\"og:type\" content=\"article\" \/>\n<meta property=\"og:title\" content=\"Contemplations \u2013 Livre photo sur le Haut-Giffre | Alexandre Deschaumes\" \/>\n<meta property=\"og:description\" content=\"Plongez dans Contemplations, le nouveau livre d\u2019Alexandre Deschaumes. Plus de 150 photographies oniriques du massif du Haut-Giffre, incluant le Cirque du Fer-\u00e0-Cheval, accompagn\u00e9es des textes po\u00e9tiques et scientifiques de Daniel Gr\u00e9voz.\" \/>\n<meta property=\"og:url\" content=\"https:\/\/alexandredeschaumes.com\/en\/livre-contemplations\/\" \/>\n<meta property=\"og:site_name\" content=\"Alexandre Deschaumes\" \/>\n<meta property=\"article:modified_time\" content=\"2025-09-14T07:44:54+00:00\" \/>\n<meta property=\"og:image\" content=\"https:\/\/alexandredeschaumes.com\/wordpress\/wp-content\/uploads\/Livre-Trois-quart-Dos_low.png\" \/>\n\t<meta property=\"og:image:width\" content=\"320\" \/>\n\t<meta property=\"og:image:height\" content=\"200\" \/>\n\t<meta property=\"og:image:type\" content=\"image\/png\" \/>\n<meta name=\"twitter:card\" content=\"summary_large_image\" \/>\n<meta name=\"twitter:label1\" content=\"Est. reading time\" \/>\n\t<meta name=\"twitter:data1\" content=\"3 minutes\" \/>\n<script type=\"application\/ld+json\" class=\"yoast-schema-graph\">{\"@context\":\"https:\/\/schema.org\",\"@graph\":[{\"@type\":\"WebPage\",\"@id\":\"https:\/\/alexandredeschaumes.com\/en\/livre-contemplations\/\",\"url\":\"https:\/\/alexandredeschaumes.com\/en\/livre-contemplations\/\",\"name\":\"Contemplations \u2013 Livre photo sur le Haut-Giffre | Alexandre Deschaumes\",\"isPartOf\":{\"@id\":\"https:\/\/www.alexandredeschaumes.com\/en\/#website\"},\"primaryImageOfPage\":{\"@id\":\"https:\/\/alexandredeschaumes.com\/en\/livre-contemplations\/#primaryimage\"},\"image\":{\"@id\":\"https:\/\/alexandredeschaumes.com\/en\/livre-contemplations\/#primaryimage\"},\"thumbnailUrl\":\"https:\/\/alexandredeschaumes.com\/wordpress\/wp-content\/uploads\/Livre-Trois-quart-Dos_low.png\",\"datePublished\":\"2023-11-09T08:15:08+00:00\",\"dateModified\":\"2025-09-14T07:44:54+00:00\",\"description\":\"Plongez dans Contemplations, le nouveau livre d\u2019Alexandre Deschaumes. Plus de 150 photographies oniriques du massif du Haut-Giffre, incluant le Cirque du Fer-\u00e0-Cheval, accompagn\u00e9es des textes po\u00e9tiques et scientifiques de Daniel Gr\u00e9voz.\",\"breadcrumb\":{\"@id\":\"https:\/\/alexandredeschaumes.com\/en\/livre-contemplations\/#breadcrumb\"},\"inLanguage\":\"en-US\",\"potentialAction\":[{\"@type\":\"ReadAction\",\"target\":[\"https:\/\/alexandredeschaumes.com\/en\/livre-contemplations\/\"]}]},{\"@type\":\"ImageObject\",\"inLanguage\":\"en-US\",\"@id\":\"https:\/\/alexandredeschaumes.com\/en\/livre-contemplations\/#primaryimage\",\"url\":\"https:\/\/alexandredeschaumes.com\/wordpress\/wp-content\/uploads\/Livre-Trois-quart-Dos_low.png\",\"contentUrl\":\"https:\/\/alexandredeschaumes.com\/wordpress\/wp-content\/uploads\/Livre-Trois-quart-Dos_low.png\",\"width\":320,\"height\":200},{\"@type\":\"BreadcrumbList\",\"@id\":\"https:\/\/alexandredeschaumes.com\/en\/livre-contemplations\/#breadcrumb\",\"itemListElement\":[{\"@type\":\"ListItem\",\"position\":1,\"name\":\"Accueil\",\"item\":\"https:\/\/www.alexandredeschaumes.com\/en\/\"},{\"@type\":\"ListItem\",\"position\":2,\"name\":\"Livre \u00ab CONTEMPLATIONS \u00bb\"}]},{\"@type\":\"WebSite\",\"@id\":\"https:\/\/www.alexandredeschaumes.com\/en\/#website\",\"url\":\"https:\/\/www.alexandredeschaumes.com\/en\/\",\"name\":\"Alexandre Deschaumes\",\"description\":\"Voyage \u00c9th\u00e9r\u00e9\",\"publisher\":{\"@id\":\"https:\/\/www.alexandredeschaumes.com\/en\/#\/schema\/person\/3f2eb1dca0b06296625cf6271563acac\"},\"potentialAction\":[{\"@type\":\"SearchAction\",\"target\":{\"@type\":\"EntryPoint\",\"urlTemplate\":\"https:\/\/www.alexandredeschaumes.com\/en\/?s={search_term_string}\"},\"query-input\":{\"@type\":\"PropertyValueSpecification\",\"valueRequired\":true,\"valueName\":\"search_term_string\"}}],\"inLanguage\":\"en-US\"},{\"@type\":[\"Person\",\"Organization\"],\"@id\":\"https:\/\/www.alexandredeschaumes.com\/en\/#\/schema\/person\/3f2eb1dca0b06296625cf6271563acac\",\"name\":\"Alexandre Deschaumes\",\"image\":{\"@type\":\"ImageObject\",\"inLanguage\":\"en-US\",\"@id\":\"https:\/\/www.alexandredeschaumes.com\/en\/#\/schema\/person\/image\/\",\"url\":\"https:\/\/alexandredeschaumes.com\/wordpress\/wp-content\/uploads\/Avatar-AlexandreDeschaumes-Brown.jpg\",\"contentUrl\":\"https:\/\/alexandredeschaumes.com\/wordpress\/wp-content\/uploads\/Avatar-AlexandreDeschaumes-Brown.jpg\",\"width\":1200,\"height\":1200,\"caption\":\"Alexandre Deschaumes\"},\"logo\":{\"@id\":\"https:\/\/www.alexandredeschaumes.com\/en\/#\/schema\/person\/image\/\"}}]}<\/script>\n<!-- \/ Yoast SEO plugin. -->","yoast_head_json":{"title":"Contemplations \u2013 Livre photo sur le Haut-Giffre | Alexandre Deschaumes","description":"Plongez dans Contemplations, le nouveau livre d\u2019Alexandre Deschaumes. Plus de 150 photographies oniriques du massif du Haut-Giffre, incluant le Cirque du Fer-\u00e0-Cheval, accompagn\u00e9es des textes po\u00e9tiques et scientifiques de Daniel Gr\u00e9voz.","robots":{"index":"index","follow":"follow","max-snippet":"max-snippet:-1","max-image-preview":"max-image-preview:large","max-video-preview":"max-video-preview:-1"},"canonical":"https:\/\/alexandredeschaumes.com\/en\/livre-contemplations\/","og_locale":"en_US","og_type":"article","og_title":"Contemplations \u2013 Livre photo sur le Haut-Giffre | Alexandre Deschaumes","og_description":"Plongez dans Contemplations, le nouveau livre d\u2019Alexandre Deschaumes. Plus de 150 photographies oniriques du massif du Haut-Giffre, incluant le Cirque du Fer-\u00e0-Cheval, accompagn\u00e9es des textes po\u00e9tiques et scientifiques de Daniel Gr\u00e9voz.","og_url":"https:\/\/alexandredeschaumes.com\/en\/livre-contemplations\/","og_site_name":"Alexandre Deschaumes","article_modified_time":"2025-09-14T07:44:54+00:00","og_image":[{"width":320,"height":200,"url":"https:\/\/alexandredeschaumes.com\/wordpress\/wp-content\/uploads\/Livre-Trois-quart-Dos_low.png","type":"image\/png"}],"twitter_card":"summary_large_image","twitter_misc":{"Est. reading time":"3 minutes"},"schema":{"@context":"https:\/\/schema.org","@graph":[{"@type":"WebPage","@id":"https:\/\/alexandredeschaumes.com\/en\/livre-contemplations\/","url":"https:\/\/alexandredeschaumes.com\/en\/livre-contemplations\/","name":"Contemplations \u2013 Livre photo sur le Haut-Giffre | Alexandre Deschaumes","isPartOf":{"@id":"https:\/\/www.alexandredeschaumes.com\/en\/#website"},"primaryImageOfPage":{"@id":"https:\/\/alexandredeschaumes.com\/en\/livre-contemplations\/#primaryimage"},"image":{"@id":"https:\/\/alexandredeschaumes.com\/en\/livre-contemplations\/#primaryimage"},"thumbnailUrl":"https:\/\/alexandredeschaumes.com\/wordpress\/wp-content\/uploads\/Livre-Trois-quart-Dos_low.png","datePublished":"2023-11-09T08:15:08+00:00","dateModified":"2025-09-14T07:44:54+00:00","description":"Plongez dans Contemplations, le nouveau livre d\u2019Alexandre Deschaumes. Plus de 150 photographies oniriques du massif du Haut-Giffre, incluant le Cirque du Fer-\u00e0-Cheval, accompagn\u00e9es des textes po\u00e9tiques et scientifiques de Daniel Gr\u00e9voz.","breadcrumb":{"@id":"https:\/\/alexandredeschaumes.com\/en\/livre-contemplations\/#breadcrumb"},"inLanguage":"en-US","potentialAction":[{"@type":"ReadAction","target":["https:\/\/alexandredeschaumes.com\/en\/livre-contemplations\/"]}]},{"@type":"ImageObject","inLanguage":"en-US","@id":"https:\/\/alexandredeschaumes.com\/en\/livre-contemplations\/#primaryimage","url":"https:\/\/alexandredeschaumes.com\/wordpress\/wp-content\/uploads\/Livre-Trois-quart-Dos_low.png","contentUrl":"https:\/\/alexandredeschaumes.com\/wordpress\/wp-content\/uploads\/Livre-Trois-quart-Dos_low.png","width":320,"height":200},{"@type":"BreadcrumbList","@id":"https:\/\/alexandredeschaumes.com\/en\/livre-contemplations\/#breadcrumb","itemListElement":[{"@type":"ListItem","position":1,"name":"Accueil","item":"https:\/\/www.alexandredeschaumes.com\/en\/"},{"@type":"ListItem","position":2,"name":"Livre \u00ab CONTEMPLATIONS \u00bb"}]},{"@type":"WebSite","@id":"https:\/\/www.alexandredeschaumes.com\/en\/#website","url":"https:\/\/www.alexandredeschaumes.com\/en\/","name":"Alexandre Deschaumes","description":"Voyage \u00c9th\u00e9r\u00e9","publisher":{"@id":"https:\/\/www.alexandredeschaumes.com\/en\/#\/schema\/person\/3f2eb1dca0b06296625cf6271563acac"},"potentialAction":[{"@type":"SearchAction","target":{"@type":"EntryPoint","urlTemplate":"https:\/\/www.alexandredeschaumes.com\/en\/?s={search_term_string}"},"query-input":{"@type":"PropertyValueSpecification","valueRequired":true,"valueName":"search_term_string"}}],"inLanguage":"en-US"},{"@type":["Person","Organization"],"@id":"https:\/\/www.alexandredeschaumes.com\/en\/#\/schema\/person\/3f2eb1dca0b06296625cf6271563acac","name":"Alexandre Deschaumes","image":{"@type":"ImageObject","inLanguage":"en-US","@id":"https:\/\/www.alexandredeschaumes.com\/en\/#\/schema\/person\/image\/","url":"https:\/\/alexandredeschaumes.com\/wordpress\/wp-content\/uploads\/Avatar-AlexandreDeschaumes-Brown.jpg","contentUrl":"https:\/\/alexandredeschaumes.com\/wordpress\/wp-content\/uploads\/Avatar-AlexandreDeschaumes-Brown.jpg","width":1200,"height":1200,"caption":"Alexandre Deschaumes"},"logo":{"@id":"https:\/\/www.alexandredeschaumes.com\/en\/#\/schema\/person\/image\/"}}]}},"_links":{"self":[{"href":"https:\/\/alexandredeschaumes.com\/en\/wp-json\/wp\/v2\/pages\/7196","targetHints":{"allow":["GET"]}}],"collection":[{"href":"https:\/\/alexandredeschaumes.com\/en\/wp-json\/wp\/v2\/pages"}],"about":[{"href":"https:\/\/alexandredeschaumes.com\/en\/wp-json\/wp\/v2\/types\/page"}],"author":[{"embeddable":true,"href":"https:\/\/alexandredeschaumes.com\/en\/wp-json\/wp\/v2\/users\/4"}],"replies":[{"embeddable":true,"href":"https:\/\/alexandredeschaumes.com\/en\/wp-json\/wp\/v2\/comments?post=7196"}],"version-history":[{"count":68,"href":"https:\/\/alexandredeschaumes.com\/en\/wp-json\/wp\/v2\/pages\/7196\/revisions"}],"predecessor-version":[{"id":9312,"href":"https:\/\/alexandredeschaumes.com\/en\/wp-json\/wp\/v2\/pages\/7196\/revisions\/9312"}],"wp:featuredmedia":[{"embeddable":true,"href":"https:\/\/alexandredeschaumes.com\/en\/wp-json\/wp\/v2\/media\/7288"}],"wp:attachment":[{"href":"https:\/\/alexandredeschaumes.com\/en\/wp-json\/wp\/v2\/media?parent=7196"}],"curies":[{"name":"wp","href":"https:\/\/api.w.org\/{rel}","templated":true}]}}