{"id":6927,"date":"2023-01-16T16:20:08","date_gmt":"2023-01-16T15:20:08","guid":{"rendered":"https:\/\/alexandredeschaumes.com\/?page_id=6927"},"modified":"2023-11-09T09:30:37","modified_gmt":"2023-11-09T08:30:37","slug":"livre-voyage-ethere","status":"publish","type":"page","link":"https:\/\/alexandredeschaumes.com\/en\/livre-voyage-ethere\/","title":{"rendered":"Livre Voyage \u00c9th\u00e9r\u00e9"},"content":{"rendered":"\n<figure class=\"taz_figure\" data-availability=\"high\" data-canzoom=\"1\" data-item-id=\"6875\" data-module=\"image\">\n\t<div class=\"taz_layouter\"><a href=\"\/wordpress\/wp-content\/uploads\/Book.jpg\" class=\"taz_imageLink\" data-bind=\"1\"><span class=\"taz_imageWrapper taz_shadow taz_roundedStyle\"><img decoding=\"async\" class=\"taz_image\" alt=\"Voyage &amp;eacute;th&amp;eacute;r&amp;eacute;\" src=\"\/wordpress\/wp-content\/themes\/AlexandreDeschaumes\/DevKit\/inc\/taz_imagePlaceholder.php?width=1100&height=938&color=\" data-src=\"\/wordpress\/wp-content\/uploads\/Book.jpg\" title=\"Voyage &amp;eacute;th&amp;eacute;r&amp;eacute;\"><\/span><\/a>\n\t\t<img decoding=\"async\" class=\"taz_item-frame\" src=\"\/wordpress\/wp-content\/themes\/AlexandreDeschaumes\/DevKit\/inc\/taz_imagePlaceholder.php?width=1100&height=938&color=%23FFFFFF00\"> \n\t<\/div>\n<\/figure>\n\n\n<p><strong>Descriptif :&nbsp;<\/strong><em>Voyage \u00e9th\u00e9r\u00e9<\/em>&nbsp;est une errance personnelle et onirique \u00e0 travers montagnes et for\u00eats en 115 photographies d\u2019Alexandre Deschaumes prises entre 2007 et 2016, principalement dans les Alpes, en Islande et en Patagonie. Ces photographies r\u00e9sultent g\u00e9n\u00e9ralement d\u2019une interpr\u00e9tation personnelle et cibl\u00e9e qui peut s\u2019\u00e9loigner du r\u00e9el habituellement per\u00e7u : d\u00e9tail du d\u00e9cor, forte sous-exposition, noir et blanc, contrastes et balance des blancs personnalis\u00e9s. Mais pas de trucages d\u00e9voyant l\u2019instant v\u00e9cu, elles restent fid\u00e8les \u00e0 des lieux et aventures r\u00e9elle. Un index cl\u00f4ture l\u2019ouvrage, contenant des indications sur le lieu, le contexte, le titre \u00e9ventuel, mais aussi la r\u00e9f\u00e9rence de l\u2019image, et aussi quelques indications techniques quand elles sont utiles \u00e0 la compr\u00e9hension de l\u2019image.<\/p>\n\n\n<hr class=\"taz_separator\" data-not-visible=\"1\" style=\"margin-top: 3rem; margin-bottom: 3rem;\">\n\n\n<blockquote class=\"wp-block-quote is-layout-flow wp-block-quote-is-layout-flow\">\n<p class=\"has-small-font-size\"><em>En cela, ses photos sont plus proches d\u2019une \u0153uvre de peintre que de clich\u00e9s ordinaires. Les ambiances en sont le maitre mot. La nature n\u2019est pas seulement un d\u00e9cor mais atmosph\u00e8res o\u00f9 sont valoris\u00e9s l\u2019indicible, l\u2019\u00e9vanescent ou l\u2019irrationnel\u2026 Son regard transcende ainsi des paysages venus d\u2019une extr\u00e9mit\u00e9 \u00e0 l\u2019autre de la plan\u00e8te pour en livrer une all\u00e9gorie tr\u00e8s personnelle et fascinante. Il en r\u00e9sulte ce Voyage \u00e9th\u00e9r\u00e9, un vagabondage \u00e0 travers for\u00eats et montagnes qui semblent n\u00e9es de l\u2019imaginaire comme s\u2019il s\u2019agissait d\u2019un monde diaphane ou c\u00e9leste.<br>Ce livre n\u2019a pas \u00e9t\u00e9 \u00e9crit. Il s\u2019est construit comme une qu\u00eate d\u2019absolu.<br>Ce livre ne se lit pas. Il s\u2019explore comme un \u00e9tat d\u2019\u00e2me.<br>Ce livre n\u2019est pas achev\u00e9. Il se prolonge dans les r\u00e9flexions qu\u2019il suscite.<\/em><\/p>\n<cite>Daniel Gr\u00e9voz, \u00e9crivain, extrait de la pr\u00e9face<\/cite><\/blockquote>\n\n\n\n<blockquote class=\"wp-block-quote has-small-font-size is-layout-flow wp-block-quote-is-layout-flow\">\n<p><em>L\u2019inspiration doit rester la chose primordiale, la beaut\u00e9 permet l\u2019\u00e9l\u00e9vation de l\u2019esprit, et donne \u00e0 jamais l\u2019envie d\u2019atteindre les sph\u00e8res \u00e9th\u00e9r\u00e9es.<\/em><\/p>\n<cite>Alexandre Deschaumes<\/cite><\/blockquote>\n\n\n<hr class=\"taz_separator\" data-not-visible=\"1\" style=\"margin-top: 3rem; margin-bottom: 3rem;\">\n\n\n<figure class=\"taz_figure\" data-availability=\"high\" data-canzoom=\"1\" data-item-id=\"6934\" data-module=\"image\">\n\t<div class=\"taz_layouter\"><a href=\"\/wordpress\/wp-content\/uploads\/voyage-ethere-interieur.png\" class=\"taz_imageLink\" data-bind=\"1\"><span class=\"taz_imageWrapper taz_shadow taz_roundedStyle\"><img decoding=\"async\" class=\"taz_image\" alt=\"voyage-ethere-interieur\" src=\"\/wordpress\/wp-content\/themes\/AlexandreDeschaumes\/DevKit\/inc\/taz_imagePlaceholder.php?width=1519&height=658&color=transparent\" data-src=\"\/wordpress\/wp-content\/uploads\/voyage-ethere-interieur.png\" title=\"voyage-ethere-interieur\"><\/span><\/a>\n\t\t<img decoding=\"async\" class=\"taz_item-frame\" src=\"\/wordpress\/wp-content\/themes\/AlexandreDeschaumes\/DevKit\/inc\/taz_imagePlaceholder.php?width=1519&height=658&color=%23FFFFFF00\"> \n\t<\/div>\n<\/figure>\n\n\n<ul class=\"wp-block-list\">\n<li><strong>Titre :<\/strong>\u00a0\"Voyage \u00e9th\u00e9r\u00e9\"<\/li>\n\n\n\n<li><strong>Ann\u00e9e :<\/strong> 2016<\/li>\n\n\n\n<li><strong>Auteur :<\/strong>&nbsp; Alexandre Deschaumes<\/li>\n\n\n\n<li><strong>ISBN :<\/strong>&nbsp; 978-2-7466-9291-6<\/li>\n\n\n\n<li><strong>Textes, photographies, maquette et mise en page :<\/strong>&nbsp; Alexandre Deschaumes<\/li>\n<\/ul>\n\n\n<hr class=\"taz_separator\" data-not-visible=\"1\" style=\"margin-top: 3rem; margin-bottom: 3rem;\">\n\n\n<ul class=\"wp-block-list\">\n<li><strong>Nombre de pages :<\/strong>&nbsp; 176<\/li>\n\n\n\n<li><strong>Tirage :<\/strong>&nbsp; 1000<\/li>\n\n\n\n<li><strong>Fa\u00e7onnage :<\/strong>&nbsp; format 30 x 24 cm \u00e0 l'italienne, couverture plein papier teint\u00e9 (fibres longues adapt\u00e9es) contrecoll\u00e9 sur carton 30\/10, fer surface 15 x 15 cm - 1.5 x 15, gardes rapport\u00e9es d\u00e9but et fin d'ouvrage, reliure cartonn\u00e9e, dos droit repinc\u00e9, tranchefile t\u00eate et pied<\/li>\n\n\n\n<li><strong>Impression :<\/strong> Escourbiac<\/li>\n\n\n\n<li><strong>- Couverture :<\/strong>&nbsp; marquage en creux 1 couleur \u00e0 chaud sur le plat 1 et dos<\/li>\n\n\n\n<li><strong>- Int\u00e9rieur :<\/strong>&nbsp; quadri recto\/verso<\/li>\n\n\n\n<li><strong>Trame :&nbsp;<\/strong>trame hybride 240<\/li>\n\n\n\n<li><strong>Types de papiers utilis\u00e9s :<\/strong><\/li>\n\n\n\n<li><strong>- Couverture :&nbsp;<\/strong>imprim\u00e9e sur Surbalin Seda ou Glatt<\/li>\n\n\n\n<li><strong>- Int\u00e9rieur :&nbsp;<\/strong>imprim\u00e9 sur couch\u00e9 cr\u00e9ation bouffant Gardapat bianka 150 g<\/li>\n\n\n\n<li><strong>- Gardes rapport\u00e9es :&nbsp;<\/strong>imprim\u00e9es sur Pop'set Hot Brown teint\u00e9 dans la masse 170 g<\/li>\n<\/ul>\n\n\n<button type=\"button\" class=\"taz_button\" data-align=\"center\" data-context=\"default\" onclick=\"window.open('https:\/\/fstoppers.com\/landscapes\/photography-book-review-landscape-artist-extraordinaire-alexandre-deschaumes-153409','_self')\" data-size=\"default\"><span>Lire une Review<\/span><\/button>","protected":false},"excerpt":{"rendered":"<p>Descriptif :&nbsp;Voyage \u00e9th\u00e9r\u00e9&nbsp;est une errance personnelle et onirique \u00e0 travers montagnes et for\u00eats en 115 photographies d\u2019Alexandre Deschaumes prises entre 2007 et 2016, principalement dans les Alpes, en Islande et en Patagonie. Ces photographies r\u00e9sultent g\u00e9n\u00e9ralement d\u2019une interpr\u00e9tation personnelle et cibl\u00e9e qui peut s\u2019\u00e9loigner du r\u00e9el habituellement per\u00e7u : d\u00e9tail du d\u00e9cor, forte sous-exposition, noir [&hellip;]<\/p>\n","protected":false},"author":4,"featured_media":0,"parent":0,"menu_order":0,"comment_status":"closed","ping_status":"closed","template":"","meta":{"_acf_changed":false,"footnotes":""},"class_list":["post-6927","page","type-page","status-publish","hentry"],"acf":[],"yoast_head":"<!-- This site is optimized with the Yoast SEO plugin v27.1.1 - https:\/\/yoast.com\/product\/yoast-seo-wordpress\/ -->\n<title>Livre Voyage \u00c9th\u00e9r\u00e9 &#8226; Alexandre Deschaumes<\/title>\n<meta name=\"robots\" content=\"index, follow, max-snippet:-1, max-image-preview:large, max-video-preview:-1\" \/>\n<link rel=\"canonical\" href=\"https:\/\/alexandredeschaumes.com\/en\/livre-voyage-ethere\/\" \/>\n<meta property=\"og:locale\" content=\"en_US\" \/>\n<meta property=\"og:type\" content=\"article\" \/>\n<meta property=\"og:title\" content=\"Livre Voyage \u00c9th\u00e9r\u00e9 &#8226; Alexandre Deschaumes\" \/>\n<meta property=\"og:description\" content=\"Descriptif :&nbsp;Voyage \u00e9th\u00e9r\u00e9&nbsp;est une errance personnelle et onirique \u00e0 travers montagnes et for\u00eats en 115 photographies d\u2019Alexandre Deschaumes prises entre 2007 et 2016, principalement dans les Alpes, en Islande et en Patagonie. Ces photographies r\u00e9sultent g\u00e9n\u00e9ralement d\u2019une interpr\u00e9tation personnelle et cibl\u00e9e qui peut s\u2019\u00e9loigner du r\u00e9el habituellement per\u00e7u : d\u00e9tail du d\u00e9cor, forte sous-exposition, noir [&hellip;]\" \/>\n<meta property=\"og:url\" content=\"https:\/\/alexandredeschaumes.com\/en\/livre-voyage-ethere\/\" \/>\n<meta property=\"og:site_name\" content=\"Alexandre Deschaumes\" \/>\n<meta property=\"article:modified_time\" content=\"2023-11-09T08:30:37+00:00\" \/>\n<meta name=\"twitter:card\" content=\"summary_large_image\" \/>\n<meta name=\"twitter:label1\" content=\"Est. reading time\" \/>\n\t<meta name=\"twitter:data1\" content=\"3 minutes\" \/>\n<script type=\"application\/ld+json\" class=\"yoast-schema-graph\">{\"@context\":\"https:\/\/schema.org\",\"@graph\":[{\"@type\":\"WebPage\",\"@id\":\"https:\/\/alexandredeschaumes.com\/en\/livre-voyage-ethere\/\",\"url\":\"https:\/\/alexandredeschaumes.com\/en\/livre-voyage-ethere\/\",\"name\":\"Livre Voyage \u00c9th\u00e9r\u00e9 &#8226; Alexandre Deschaumes\",\"isPartOf\":{\"@id\":\"https:\/\/www.alexandredeschaumes.com\/en\/#website\"},\"datePublished\":\"2023-01-16T15:20:08+00:00\",\"dateModified\":\"2023-11-09T08:30:37+00:00\",\"breadcrumb\":{\"@id\":\"https:\/\/alexandredeschaumes.com\/en\/livre-voyage-ethere\/#breadcrumb\"},\"inLanguage\":\"en-US\",\"potentialAction\":[{\"@type\":\"ReadAction\",\"target\":[\"https:\/\/alexandredeschaumes.com\/en\/livre-voyage-ethere\/\"]}]},{\"@type\":\"BreadcrumbList\",\"@id\":\"https:\/\/alexandredeschaumes.com\/en\/livre-voyage-ethere\/#breadcrumb\",\"itemListElement\":[{\"@type\":\"ListItem\",\"position\":1,\"name\":\"Accueil\",\"item\":\"https:\/\/www.alexandredeschaumes.com\/en\/\"},{\"@type\":\"ListItem\",\"position\":2,\"name\":\"Livre Voyage \u00c9th\u00e9r\u00e9\"}]},{\"@type\":\"WebSite\",\"@id\":\"https:\/\/www.alexandredeschaumes.com\/en\/#website\",\"url\":\"https:\/\/www.alexandredeschaumes.com\/en\/\",\"name\":\"Alexandre Deschaumes\",\"description\":\"Voyage \u00c9th\u00e9r\u00e9\",\"publisher\":{\"@id\":\"https:\/\/www.alexandredeschaumes.com\/en\/#\/schema\/person\/3f2eb1dca0b06296625cf6271563acac\"},\"potentialAction\":[{\"@type\":\"SearchAction\",\"target\":{\"@type\":\"EntryPoint\",\"urlTemplate\":\"https:\/\/www.alexandredeschaumes.com\/en\/?s={search_term_string}\"},\"query-input\":{\"@type\":\"PropertyValueSpecification\",\"valueRequired\":true,\"valueName\":\"search_term_string\"}}],\"inLanguage\":\"en-US\"},{\"@type\":[\"Person\",\"Organization\"],\"@id\":\"https:\/\/www.alexandredeschaumes.com\/en\/#\/schema\/person\/3f2eb1dca0b06296625cf6271563acac\",\"name\":\"Alexandre Deschaumes\",\"image\":{\"@type\":\"ImageObject\",\"inLanguage\":\"en-US\",\"@id\":\"https:\/\/www.alexandredeschaumes.com\/en\/#\/schema\/person\/image\/\",\"url\":\"https:\/\/alexandredeschaumes.com\/wordpress\/wp-content\/uploads\/Avatar-AlexandreDeschaumes-Brown.jpg\",\"contentUrl\":\"https:\/\/alexandredeschaumes.com\/wordpress\/wp-content\/uploads\/Avatar-AlexandreDeschaumes-Brown.jpg\",\"width\":1200,\"height\":1200,\"caption\":\"Alexandre Deschaumes\"},\"logo\":{\"@id\":\"https:\/\/www.alexandredeschaumes.com\/en\/#\/schema\/person\/image\/\"}}]}<\/script>\n<!-- \/ Yoast SEO plugin. -->","yoast_head_json":{"title":"Livre Voyage \u00c9th\u00e9r\u00e9 &#8226; Alexandre Deschaumes","robots":{"index":"index","follow":"follow","max-snippet":"max-snippet:-1","max-image-preview":"max-image-preview:large","max-video-preview":"max-video-preview:-1"},"canonical":"https:\/\/alexandredeschaumes.com\/en\/livre-voyage-ethere\/","og_locale":"en_US","og_type":"article","og_title":"Livre Voyage \u00c9th\u00e9r\u00e9 &#8226; Alexandre Deschaumes","og_description":"Descriptif :&nbsp;Voyage \u00e9th\u00e9r\u00e9&nbsp;est une errance personnelle et onirique \u00e0 travers montagnes et for\u00eats en 115 photographies d\u2019Alexandre Deschaumes prises entre 2007 et 2016, principalement dans les Alpes, en Islande et en Patagonie. Ces photographies r\u00e9sultent g\u00e9n\u00e9ralement d\u2019une interpr\u00e9tation personnelle et cibl\u00e9e qui peut s\u2019\u00e9loigner du r\u00e9el habituellement per\u00e7u : d\u00e9tail du d\u00e9cor, forte sous-exposition, noir [&hellip;]","og_url":"https:\/\/alexandredeschaumes.com\/en\/livre-voyage-ethere\/","og_site_name":"Alexandre Deschaumes","article_modified_time":"2023-11-09T08:30:37+00:00","twitter_card":"summary_large_image","twitter_misc":{"Est. reading time":"3 minutes"},"schema":{"@context":"https:\/\/schema.org","@graph":[{"@type":"WebPage","@id":"https:\/\/alexandredeschaumes.com\/en\/livre-voyage-ethere\/","url":"https:\/\/alexandredeschaumes.com\/en\/livre-voyage-ethere\/","name":"Livre Voyage \u00c9th\u00e9r\u00e9 &#8226; Alexandre Deschaumes","isPartOf":{"@id":"https:\/\/www.alexandredeschaumes.com\/en\/#website"},"datePublished":"2023-01-16T15:20:08+00:00","dateModified":"2023-11-09T08:30:37+00:00","breadcrumb":{"@id":"https:\/\/alexandredeschaumes.com\/en\/livre-voyage-ethere\/#breadcrumb"},"inLanguage":"en-US","potentialAction":[{"@type":"ReadAction","target":["https:\/\/alexandredeschaumes.com\/en\/livre-voyage-ethere\/"]}]},{"@type":"BreadcrumbList","@id":"https:\/\/alexandredeschaumes.com\/en\/livre-voyage-ethere\/#breadcrumb","itemListElement":[{"@type":"ListItem","position":1,"name":"Accueil","item":"https:\/\/www.alexandredeschaumes.com\/en\/"},{"@type":"ListItem","position":2,"name":"Livre Voyage \u00c9th\u00e9r\u00e9"}]},{"@type":"WebSite","@id":"https:\/\/www.alexandredeschaumes.com\/en\/#website","url":"https:\/\/www.alexandredeschaumes.com\/en\/","name":"Alexandre Deschaumes","description":"Voyage \u00c9th\u00e9r\u00e9","publisher":{"@id":"https:\/\/www.alexandredeschaumes.com\/en\/#\/schema\/person\/3f2eb1dca0b06296625cf6271563acac"},"potentialAction":[{"@type":"SearchAction","target":{"@type":"EntryPoint","urlTemplate":"https:\/\/www.alexandredeschaumes.com\/en\/?s={search_term_string}"},"query-input":{"@type":"PropertyValueSpecification","valueRequired":true,"valueName":"search_term_string"}}],"inLanguage":"en-US"},{"@type":["Person","Organization"],"@id":"https:\/\/www.alexandredeschaumes.com\/en\/#\/schema\/person\/3f2eb1dca0b06296625cf6271563acac","name":"Alexandre Deschaumes","image":{"@type":"ImageObject","inLanguage":"en-US","@id":"https:\/\/www.alexandredeschaumes.com\/en\/#\/schema\/person\/image\/","url":"https:\/\/alexandredeschaumes.com\/wordpress\/wp-content\/uploads\/Avatar-AlexandreDeschaumes-Brown.jpg","contentUrl":"https:\/\/alexandredeschaumes.com\/wordpress\/wp-content\/uploads\/Avatar-AlexandreDeschaumes-Brown.jpg","width":1200,"height":1200,"caption":"Alexandre Deschaumes"},"logo":{"@id":"https:\/\/www.alexandredeschaumes.com\/en\/#\/schema\/person\/image\/"}}]}},"_links":{"self":[{"href":"https:\/\/alexandredeschaumes.com\/en\/wp-json\/wp\/v2\/pages\/6927","targetHints":{"allow":["GET"]}}],"collection":[{"href":"https:\/\/alexandredeschaumes.com\/en\/wp-json\/wp\/v2\/pages"}],"about":[{"href":"https:\/\/alexandredeschaumes.com\/en\/wp-json\/wp\/v2\/types\/page"}],"author":[{"embeddable":true,"href":"https:\/\/alexandredeschaumes.com\/en\/wp-json\/wp\/v2\/users\/4"}],"replies":[{"embeddable":true,"href":"https:\/\/alexandredeschaumes.com\/en\/wp-json\/wp\/v2\/comments?post=6927"}],"version-history":[{"count":10,"href":"https:\/\/alexandredeschaumes.com\/en\/wp-json\/wp\/v2\/pages\/6927\/revisions"}],"predecessor-version":[{"id":7200,"href":"https:\/\/alexandredeschaumes.com\/en\/wp-json\/wp\/v2\/pages\/6927\/revisions\/7200"}],"wp:attachment":[{"href":"https:\/\/alexandredeschaumes.com\/en\/wp-json\/wp\/v2\/media?parent=6927"}],"curies":[{"name":"wp","href":"https:\/\/api.w.org\/{rel}","templated":true}]}}