{"id":6108,"date":"2022-04-14T10:17:12","date_gmt":"2022-04-14T08:17:12","guid":{"rendered":"https:\/\/alexandredeschaumes.com\/?page_id=6108"},"modified":"2022-06-25T10:09:10","modified_gmt":"2022-06-25T08:09:10","slug":"commercial-2-2","status":"publish","type":"page","link":"https:\/\/alexandredeschaumes.com\/en\/commercial-2-2\/","title":{"rendered":"Commercial-2"},"content":{"rendered":"<section class=\"taz_section taz_galleriesList taz_isWide taz_noHeaderImage\">\n<header class=\"taz_galleriesList-header taz_headerIsFullHeight\" style=\"\"><div class=\"taz_galleriesList-container\" style=\"width:75%;\"><figure class=\"taz_figure\"style=\"width:100%;\"><div class=\"taz_layouter\"><a class=\"taz_imageLink\" href=\"https:\/\/alexandredeschaumes.com\/en\/commercial-2\/\" title=\"Commercial\" style=\"max-width:256px;\"><span class=\"taz_imageWrapper\"><img decoding=\"async\" class=\"taz_image\" alt=\"Commercial\" src=\"\/wordpress\/wp-content\/themes\/AlexandreDeschaumes\/DevKit\/inc\/taz_imagePlaceholder.php?width=256&height=256&color=\" data-src=\"\/wordpress\/wp-content\/uploads\/AD4_3121-1-320x320.jpg\"><\/span><\/a><div class=\"taz_galleriesList-meta\"><h3 class=\"taz_galleriesList-item-title\" style=\"color:#dddddd!important;\"><a href=\"https:\/\/alexandredeschaumes.com\/en\/commercial-2\/\" class=\"taz_galleriesList-item-link\">Commercial<\/a><\/h3><\/div><\/div><\/figure><\/div><\/header><\/section>","protected":false},"excerpt":{"rendered":"","protected":false},"author":4,"featured_media":6223,"parent":0,"menu_order":0,"comment_status":"closed","ping_status":"closed","template":"page-galleries.php","meta":{"_acf_changed":false,"footnotes":""},"class_list":["post-6108","page","type-page","status-publish","has-post-thumbnail","hentry"],"acf":[],"yoast_head":"<!-- This site is optimized with the Yoast SEO plugin v27.1.1 - https:\/\/yoast.com\/product\/yoast-seo-wordpress\/ -->\n<title>Commercial-2 &#8226; Alexandre Deschaumes<\/title>\n<meta name=\"robots\" content=\"index, follow, max-snippet:-1, max-image-preview:large, max-video-preview:-1\" \/>\n<link rel=\"canonical\" href=\"https:\/\/alexandredeschaumes.com\/en\/commercial-2-2\/\" \/>\n<meta property=\"og:locale\" content=\"en_US\" \/>\n<meta property=\"og:type\" content=\"article\" \/>\n<meta property=\"og:title\" content=\"Commercial-2 &#8226; Alexandre Deschaumes\" \/>\n<meta property=\"og:url\" content=\"https:\/\/alexandredeschaumes.com\/en\/commercial-2-2\/\" \/>\n<meta property=\"og:site_name\" content=\"Alexandre Deschaumes\" \/>\n<meta property=\"article:modified_time\" content=\"2022-06-25T08:09:10+00:00\" \/>\n<meta property=\"og:image\" content=\"https:\/\/alexandredeschaumes.com\/wordpress\/wp-content\/uploads\/AD4_3121-1.jpg\" \/>\n\t<meta property=\"og:image:width\" content=\"1680\" \/>\n\t<meta property=\"og:image:height\" content=\"1680\" \/>\n\t<meta property=\"og:image:type\" content=\"image\/jpeg\" \/>\n<meta name=\"twitter:card\" content=\"summary_large_image\" \/>\n<script type=\"application\/ld+json\" class=\"yoast-schema-graph\">{\"@context\":\"https:\/\/schema.org\",\"@graph\":[{\"@type\":\"WebPage\",\"@id\":\"https:\/\/alexandredeschaumes.com\/en\/commercial-2-2\/\",\"url\":\"https:\/\/alexandredeschaumes.com\/en\/commercial-2-2\/\",\"name\":\"Commercial-2 &#8226; Alexandre Deschaumes\",\"isPartOf\":{\"@id\":\"https:\/\/www.alexandredeschaumes.com\/en\/#website\"},\"primaryImageOfPage\":{\"@id\":\"https:\/\/alexandredeschaumes.com\/en\/commercial-2-2\/#primaryimage\"},\"image\":{\"@id\":\"https:\/\/alexandredeschaumes.com\/en\/commercial-2-2\/#primaryimage\"},\"thumbnailUrl\":\"https:\/\/alexandredeschaumes.com\/wordpress\/wp-content\/uploads\/AD4_3121-1.jpg\",\"datePublished\":\"2022-04-14T08:17:12+00:00\",\"dateModified\":\"2022-06-25T08:09:10+00:00\",\"breadcrumb\":{\"@id\":\"https:\/\/alexandredeschaumes.com\/en\/commercial-2-2\/#breadcrumb\"},\"inLanguage\":\"en-US\",\"potentialAction\":[{\"@type\":\"ReadAction\",\"target\":[\"https:\/\/alexandredeschaumes.com\/en\/commercial-2-2\/\"]}]},{\"@type\":\"ImageObject\",\"inLanguage\":\"en-US\",\"@id\":\"https:\/\/alexandredeschaumes.com\/en\/commercial-2-2\/#primaryimage\",\"url\":\"https:\/\/alexandredeschaumes.com\/wordpress\/wp-content\/uploads\/AD4_3121-1.jpg\",\"contentUrl\":\"https:\/\/alexandredeschaumes.com\/wordpress\/wp-content\/uploads\/AD4_3121-1.jpg\",\"width\":1680,\"height\":1680},{\"@type\":\"BreadcrumbList\",\"@id\":\"https:\/\/alexandredeschaumes.com\/en\/commercial-2-2\/#breadcrumb\",\"itemListElement\":[{\"@type\":\"ListItem\",\"position\":1,\"name\":\"Accueil\",\"item\":\"https:\/\/www.alexandredeschaumes.com\/en\/\"},{\"@type\":\"ListItem\",\"position\":2,\"name\":\"Commercial-2\"}]},{\"@type\":\"WebSite\",\"@id\":\"https:\/\/www.alexandredeschaumes.com\/en\/#website\",\"url\":\"https:\/\/www.alexandredeschaumes.com\/en\/\",\"name\":\"Alexandre Deschaumes\",\"description\":\"Voyage \u00c9th\u00e9r\u00e9\",\"publisher\":{\"@id\":\"https:\/\/www.alexandredeschaumes.com\/en\/#\/schema\/person\/3f2eb1dca0b06296625cf6271563acac\"},\"potentialAction\":[{\"@type\":\"SearchAction\",\"target\":{\"@type\":\"EntryPoint\",\"urlTemplate\":\"https:\/\/www.alexandredeschaumes.com\/en\/?s={search_term_string}\"},\"query-input\":{\"@type\":\"PropertyValueSpecification\",\"valueRequired\":true,\"valueName\":\"search_term_string\"}}],\"inLanguage\":\"en-US\"},{\"@type\":[\"Person\",\"Organization\"],\"@id\":\"https:\/\/www.alexandredeschaumes.com\/en\/#\/schema\/person\/3f2eb1dca0b06296625cf6271563acac\",\"name\":\"Alexandre Deschaumes\",\"image\":{\"@type\":\"ImageObject\",\"inLanguage\":\"en-US\",\"@id\":\"https:\/\/www.alexandredeschaumes.com\/en\/#\/schema\/person\/image\/\",\"url\":\"https:\/\/alexandredeschaumes.com\/wordpress\/wp-content\/uploads\/Avatar-AlexandreDeschaumes-Brown.jpg\",\"contentUrl\":\"https:\/\/alexandredeschaumes.com\/wordpress\/wp-content\/uploads\/Avatar-AlexandreDeschaumes-Brown.jpg\",\"width\":1200,\"height\":1200,\"caption\":\"Alexandre Deschaumes\"},\"logo\":{\"@id\":\"https:\/\/www.alexandredeschaumes.com\/en\/#\/schema\/person\/image\/\"}}]}<\/script>\n<!-- \/ Yoast SEO plugin. -->","yoast_head_json":{"title":"Commercial-2 &#8226; Alexandre Deschaumes","robots":{"index":"index","follow":"follow","max-snippet":"max-snippet:-1","max-image-preview":"max-image-preview:large","max-video-preview":"max-video-preview:-1"},"canonical":"https:\/\/alexandredeschaumes.com\/en\/commercial-2-2\/","og_locale":"en_US","og_type":"article","og_title":"Commercial-2 &#8226; Alexandre Deschaumes","og_url":"https:\/\/alexandredeschaumes.com\/en\/commercial-2-2\/","og_site_name":"Alexandre Deschaumes","article_modified_time":"2022-06-25T08:09:10+00:00","og_image":[{"width":1680,"height":1680,"url":"https:\/\/alexandredeschaumes.com\/wordpress\/wp-content\/uploads\/AD4_3121-1.jpg","type":"image\/jpeg"}],"twitter_card":"summary_large_image","schema":{"@context":"https:\/\/schema.org","@graph":[{"@type":"WebPage","@id":"https:\/\/alexandredeschaumes.com\/en\/commercial-2-2\/","url":"https:\/\/alexandredeschaumes.com\/en\/commercial-2-2\/","name":"Commercial-2 &#8226; Alexandre Deschaumes","isPartOf":{"@id":"https:\/\/www.alexandredeschaumes.com\/en\/#website"},"primaryImageOfPage":{"@id":"https:\/\/alexandredeschaumes.com\/en\/commercial-2-2\/#primaryimage"},"image":{"@id":"https:\/\/alexandredeschaumes.com\/en\/commercial-2-2\/#primaryimage"},"thumbnailUrl":"https:\/\/alexandredeschaumes.com\/wordpress\/wp-content\/uploads\/AD4_3121-1.jpg","datePublished":"2022-04-14T08:17:12+00:00","dateModified":"2022-06-25T08:09:10+00:00","breadcrumb":{"@id":"https:\/\/alexandredeschaumes.com\/en\/commercial-2-2\/#breadcrumb"},"inLanguage":"en-US","potentialAction":[{"@type":"ReadAction","target":["https:\/\/alexandredeschaumes.com\/en\/commercial-2-2\/"]}]},{"@type":"ImageObject","inLanguage":"en-US","@id":"https:\/\/alexandredeschaumes.com\/en\/commercial-2-2\/#primaryimage","url":"https:\/\/alexandredeschaumes.com\/wordpress\/wp-content\/uploads\/AD4_3121-1.jpg","contentUrl":"https:\/\/alexandredeschaumes.com\/wordpress\/wp-content\/uploads\/AD4_3121-1.jpg","width":1680,"height":1680},{"@type":"BreadcrumbList","@id":"https:\/\/alexandredeschaumes.com\/en\/commercial-2-2\/#breadcrumb","itemListElement":[{"@type":"ListItem","position":1,"name":"Accueil","item":"https:\/\/www.alexandredeschaumes.com\/en\/"},{"@type":"ListItem","position":2,"name":"Commercial-2"}]},{"@type":"WebSite","@id":"https:\/\/www.alexandredeschaumes.com\/en\/#website","url":"https:\/\/www.alexandredeschaumes.com\/en\/","name":"Alexandre Deschaumes","description":"Voyage \u00c9th\u00e9r\u00e9","publisher":{"@id":"https:\/\/www.alexandredeschaumes.com\/en\/#\/schema\/person\/3f2eb1dca0b06296625cf6271563acac"},"potentialAction":[{"@type":"SearchAction","target":{"@type":"EntryPoint","urlTemplate":"https:\/\/www.alexandredeschaumes.com\/en\/?s={search_term_string}"},"query-input":{"@type":"PropertyValueSpecification","valueRequired":true,"valueName":"search_term_string"}}],"inLanguage":"en-US"},{"@type":["Person","Organization"],"@id":"https:\/\/www.alexandredeschaumes.com\/en\/#\/schema\/person\/3f2eb1dca0b06296625cf6271563acac","name":"Alexandre Deschaumes","image":{"@type":"ImageObject","inLanguage":"en-US","@id":"https:\/\/www.alexandredeschaumes.com\/en\/#\/schema\/person\/image\/","url":"https:\/\/alexandredeschaumes.com\/wordpress\/wp-content\/uploads\/Avatar-AlexandreDeschaumes-Brown.jpg","contentUrl":"https:\/\/alexandredeschaumes.com\/wordpress\/wp-content\/uploads\/Avatar-AlexandreDeschaumes-Brown.jpg","width":1200,"height":1200,"caption":"Alexandre Deschaumes"},"logo":{"@id":"https:\/\/www.alexandredeschaumes.com\/en\/#\/schema\/person\/image\/"}}]}},"_links":{"self":[{"href":"https:\/\/alexandredeschaumes.com\/en\/wp-json\/wp\/v2\/pages\/6108","targetHints":{"allow":["GET"]}}],"collection":[{"href":"https:\/\/alexandredeschaumes.com\/en\/wp-json\/wp\/v2\/pages"}],"about":[{"href":"https:\/\/alexandredeschaumes.com\/en\/wp-json\/wp\/v2\/types\/page"}],"author":[{"embeddable":true,"href":"https:\/\/alexandredeschaumes.com\/en\/wp-json\/wp\/v2\/users\/4"}],"replies":[{"embeddable":true,"href":"https:\/\/alexandredeschaumes.com\/en\/wp-json\/wp\/v2\/comments?post=6108"}],"version-history":[{"count":46,"href":"https:\/\/alexandredeschaumes.com\/en\/wp-json\/wp\/v2\/pages\/6108\/revisions"}],"predecessor-version":[{"id":6610,"href":"https:\/\/alexandredeschaumes.com\/en\/wp-json\/wp\/v2\/pages\/6108\/revisions\/6610"}],"wp:featuredmedia":[{"embeddable":true,"href":"https:\/\/alexandredeschaumes.com\/en\/wp-json\/wp\/v2\/media\/6223"}],"wp:attachment":[{"href":"https:\/\/alexandredeschaumes.com\/en\/wp-json\/wp\/v2\/media?parent=6108"}],"curies":[{"name":"wp","href":"https:\/\/api.w.org\/{rel}","templated":true}]}}