{"id":5989,"date":"2022-03-25T14:50:36","date_gmt":"2022-03-25T13:50:36","guid":{"rendered":"https:\/\/alexandredeschaumes.com\/?page_id=5989"},"modified":"2026-01-05T15:12:32","modified_gmt":"2026-01-05T14:12:32","slug":"expositions","status":"publish","type":"page","link":"https:\/\/alexandredeschaumes.com\/en\/expositions\/","title":{"rendered":"Expositions"},"content":{"rendered":"<hr class=\"taz_separator\" data-not-visible=\"1\" style=\"margin-top: 3rem; margin-bottom: 3rem;\">\n\n\n<p><\/p>\n\n\n\n<h1 class=\"has-text-align-center wp-block-heading\">EXPOSITIONS<\/h1>\n\n\n<hr class=\"taz_separator\" data-not-visible=\"1\" style=\"margin-top: 3rem; margin-bottom: 3rem;\">\n\n\n<h2 class=\"wp-block-heading\">2026<\/h2>\n\n\n\n<ul class=\"wp-block-list\">\n<li>Festival nature, Hauteville-Lompnes (Ain, 01) 29,30,31 mai <\/li>\n\n\n\n<li>Abbaye de Sixt Fer \u00e0 Cheval (Haute Savoie 74 ) mi Juin - fin Septembre<\/li>\n<\/ul>\n\n\n\n<h2 class=\"wp-block-heading\">2025<\/h2>\n\n\n\n<ul class=\"wp-block-list\">\n<li>Festival&nbsp;<em>Instants Sauvages<\/em>, Haute Savoie 28-30 Novembre<\/li>\n<\/ul>\n\n\n\n<h2 class=\"wp-block-heading\">2024<\/h2>\n\n\n\n<ul class=\"wp-block-list\">\n<li>Galerie Artesol (Soleure, Suisse) 13 Janvier - 3 F\u00e9vrier<\/li>\n\n\n\n<li>Le Millennium, galerie d'art et librairie de montagne (Lausanne, Suisse) Mai - Juin - Juillet - Aout<\/li>\n\n\n\n<li>Refuge de Sales 1877m (Sixt Fer \u00e0 Cheval, Haute Savoie, France) Juillet - Ao\u00fbt - Septembre<\/li>\n\n\n\n<li>Salon du livre (Passy, Haute Savoie, France) 9,10,11 Aout <\/li>\n\n\n\n<li><a href=\"https:\/\/www.photo-montier.org\/\" target=\"_blank\" rel=\"noreferrer noopener\">Festival international de la photo animali\u00e8re et de nature<\/a>. MONTIER EN DER (Haute marne, France) 21-24 Novembre<\/li>\n<\/ul>\n\n\n\n<h2 class=\"wp-block-heading\">2023<\/h2>\n\n\n\n<ul class=\"wp-block-list\">\n<li>Chamonix Photo Festival 21 - 23 Octobre <\/li>\n<\/ul>\n\n\n\n<h2 class=\"wp-block-heading\">2022<\/h2>\n\n\n\n<ul class=\"wp-block-list\">\n<li><a href=\"https:\/\/www.hameaualbert.fr\/fr\" target=\"_blank\" rel=\"noreferrer noopener\">Hameau Albert 1er *****<\/a> (Chamonix, France) jusqu'au 30 Avril<\/li>\n<\/ul>\n\n\n\n<h2 class=\"wp-block-heading\">2021<\/h2>\n\n\n\n<ul class=\"wp-block-list\">\n<li>Magasin High Society (Haute-Savoie, France)<\/li>\n\n\n\n<li>Galerie d'art au Centre culturel Les Carroz (Haute-Savoie, France)<\/li>\n\n\n\n<li>les Montagn'Art Photo (Sallanches, France)<\/li>\n\n\n\n<li>Couleurs de Vie - Lac d'Annecy (Haute-Savoie, France)<\/li>\n\n\n\n<li>Biennale d'art contemporain de la Porte de France (Alsace, France)<\/li>\n<\/ul>\n\n\n\n<h2 class=\"wp-block-heading\">2020<\/h2>\n\n\n\n<ul class=\"wp-block-list\">\n<li>M\u00e9diath\u00e8que (Marignier, France)<\/li>\n<\/ul>\n\n\n\n<h2 class=\"wp-block-heading\">2018<\/h2>\n\n\n\n<ul class=\"wp-block-list\">\n<li>Festival Confrontations photo - (<a href=\"https:\/\/fr.wikipedia.org\/wiki\/Divonne-les-Bains\">Divonne-les-Bains<\/a>, France)<\/li>\n\n\n\n<li>Expo Galerie 361 (Annecy, France)<\/li>\n\n\n\n<li>Expo Image Contact , invit\u00e9 d'honneur (Miribel, France)<\/li>\n<\/ul>\n\n\n\n<h2 class=\"wp-block-heading\">2017<\/h2>\n\n\n\n<ul class=\"wp-block-list\">\n<li><a href=\"http:\/\/www.festivalnaturenamur.be\/\" target=\"_blank\" rel=\"noreferrer noopener\">Festival international nature NAMUR<\/a> (Belgique)<\/li>\n\n\n\n<li>Galerie La Hotte - Les Diablerets. (Suisse)<\/li>\n\n\n\n<li>Festival Lyc\u00e9e Photo Nature LPN 2017 de <a href=\"https:\/\/fr.wikipedia.org\/wiki\/Bourg-en-Bresse\">Bourg-en-Bresse<\/a>, Invit\u00e9 d'honneur (Ain, France)<\/li>\n\n\n\n<li>Festival Curieux Voyageurs (Saint-Etienne, France)<\/li>\n\n\n\n<li>Salon du Livre (Passy, France)<\/li>\n<\/ul>\n\n\n\n<h2 class=\"wp-block-heading\">2016<\/h2>\n\n\n\n<ul class=\"wp-block-list\">\n<li><a href=\"https:\/\/www.photo-montier.org\/\" target=\"_blank\" rel=\"noreferrer noopener\">Festival international de la photo animali\u00e8re et de nature<\/a>. MONTIER EN DER (Haute marne, France)<\/li>\n\n\n\n<li>Festival de <a href=\"https:\/\/fr.wikipedia.org\/wiki\/Vourles\">Vourles<\/a> (Rh\u00f4ne, France )<\/li>\n\n\n\n<li>Festival de Baar, Invit\u00e9 d'honneur (Bas-Rhin, France)<\/li>\n\n\n\n<li>Maison du Haut-Rh\u00f4ne \u00e0 <a href=\"https:\/\/fr.wikipedia.org\/wiki\/Seyssel_(Ain)\">Seyssel<\/a> (Ain, France)<\/li>\n\n\n\n<li>Ink Gallery<sup> <\/sup>. Seynod (Haute-Savoie, France)<\/li>\n\n\n\n<li>Festival Image et Neige de <a href=\"https:\/\/fr.wikipedia.org\/wiki\/Cluses\">Cluses<\/a> (Haute-Savoie, France)<\/li>\n<\/ul>\n\n\n\n<h2 class=\"wp-block-heading\">2015<\/h2>\n\n\n\n<ul class=\"wp-block-list\">\n<li>Festival <a href=\"https:\/\/fr.wikipedia.org\/wiki\/Fontaine_(Is%C3%A8re)\">Fontaine<\/a> en montagne (Is\u00e8re, France)<\/li>\n\n\n\n<li>Ferrari Art Gallery. <a href=\"https:\/\/fr.wikipedia.org\/wiki\/Vevey\">Vevey<\/a> (Suisse)<\/li>\n\n\n\n<li>Galerie La Hotte. Les Diablerets (Suisse)<\/li>\n<\/ul>\n\n\n\n<h2 class=\"wp-block-heading\">2014<\/h2>\n\n\n\n<ul class=\"wp-block-list\">\n<li>Galerie Meyer &amp; Kangangi. <a href=\"https:\/\/fr.wikipedia.org\/wiki\/Bienne\">Bienne<\/a> (Suisse)<\/li>\n\n\n\n<li>Festival nature de <a href=\"https:\/\/fr.wikipedia.org\/wiki\/Hauteville-Lompnes\">Hauteville<\/a> (Ain)<sup> <\/sup>Invit\u00e9 d'honneur. Projection du film \"la qu\u00eate d'inspiration\"<\/li>\n\n\n\n<li>Festival de la photo de <a href=\"https:\/\/fr.wikipedia.org\/wiki\/Mouans-Sartoux\">Mouans-Sartoux<\/a> (Alpes-Maritimes). Invit\u00e9 d'honneur - Exposition -Film - Conf\u00e9rence<\/li>\n\n\n\n<li>Festival Image-montagne de <a href=\"https:\/\/fr.wikipedia.org\/wiki\/Pau\">Pau<\/a> (Pyr\u00e9n\u00e9es-Atlantiques). Projection du film \"la qu\u00eate d'inspiration\"<\/li>\n\n\n\n<li>Journ\u00e9es de la For\u00eat (Marchin, France)<\/li>\n\n\n\n<li>Festival Image-Montagne (Pau, France)<\/li>\n<\/ul>\n\n\n\n<h2 class=\"wp-block-heading\">2013<\/h2>\n\n\n\n<ul class=\"wp-block-list\">\n<li><a href=\"https:\/\/fr.wikipedia.org\/wiki\/Dol-de-Bretagne\">Dol de Bretagne<\/a> - Terre de photographes(Ille-et-Vilaine, France)<\/li>\n\n\n\n<li><a href=\"http:\/\/www.festivalnaturenamur.be\/\" target=\"_blank\" rel=\"noreferrer noopener\">Festival international nature de NAMUR <\/a>(Belgique)<\/li>\n<\/ul>\n\n\n\n<h2 class=\"wp-block-heading\">2012<\/h2>\n\n\n\n<ul class=\"wp-block-list\">\n<li>Mont-Blanc photo festival. <a href=\"https:\/\/fr.wikipedia.org\/wiki\/Saint-Gervais-les-Bains\">Saint-Gervais-les-Bains<\/a> (Haute-Savoie, France)<\/li>\n\n\n\n<li><a href=\"https:\/\/www.photo-montier.org\/\" target=\"_blank\" rel=\"noreferrer noopener\">Festival international de la photo animali\u00e8re et de nature<\/a>. MONTIER EN DER (Haute marne, France)<\/li>\n\n\n\n<li>H\u00f4tel Windsor (Gen\u00e8ve, Suisse)<\/li>\n<\/ul>\n\n\n\n<h2 class=\"wp-block-heading\">2011<\/h2>\n\n\n\n<ul class=\"wp-block-list\">\n<li>Pr\u00e9sentation Islande Festival photo (Bessans, France)<\/li>\n\n\n\n<li>Restaurant le Saint Vincent ( Haute Savoie, France)<\/li>\n<\/ul>\n\n\n\n<h2 class=\"wp-block-heading\">2007<\/h2>\n\n\n\n<ul class=\"wp-block-list\">\n<li>Magasin \"Broc\u00e9liande\" (Gen\u00e8ve, Suisse)<\/li>\n<\/ul>\n","protected":false},"excerpt":{"rendered":"<p>EXPOSITIONS 2026 2025 2024 2023 2022 2021 2020 2018 2017 2016 2015 2014 2013 2012 2011 2007<\/p>\n","protected":false},"author":4,"featured_media":0,"parent":0,"menu_order":0,"comment_status":"closed","ping_status":"closed","template":"","meta":{"_acf_changed":false,"footnotes":""},"class_list":["post-5989","page","type-page","status-publish","hentry"],"acf":[],"yoast_head":"<!-- This site is optimized with the Yoast SEO plugin v27.1.1 - https:\/\/yoast.com\/product\/yoast-seo-wordpress\/ -->\n<title>Expositions &#8226; Alexandre Deschaumes<\/title>\n<meta name=\"robots\" content=\"index, follow, max-snippet:-1, max-image-preview:large, max-video-preview:-1\" \/>\n<link rel=\"canonical\" href=\"https:\/\/alexandredeschaumes.com\/en\/expositions\/\" \/>\n<meta property=\"og:locale\" content=\"en_US\" \/>\n<meta property=\"og:type\" content=\"article\" \/>\n<meta property=\"og:title\" content=\"Expositions &#8226; Alexandre Deschaumes\" \/>\n<meta property=\"og:description\" content=\"EXPOSITIONS 2026 2025 2024 2023 2022 2021 2020 2018 2017 2016 2015 2014 2013 2012 2011 2007\" \/>\n<meta property=\"og:url\" content=\"https:\/\/alexandredeschaumes.com\/en\/expositions\/\" \/>\n<meta property=\"og:site_name\" content=\"Alexandre Deschaumes\" \/>\n<meta property=\"article:modified_time\" content=\"2026-01-05T14:12:32+00:00\" \/>\n<meta name=\"twitter:card\" content=\"summary_large_image\" \/>\n<meta name=\"twitter:label1\" content=\"Est. reading time\" \/>\n\t<meta name=\"twitter:data1\" content=\"2 minutes\" \/>\n<script type=\"application\/ld+json\" class=\"yoast-schema-graph\">{\"@context\":\"https:\/\/schema.org\",\"@graph\":[{\"@type\":\"WebPage\",\"@id\":\"https:\/\/alexandredeschaumes.com\/en\/expositions\/\",\"url\":\"https:\/\/alexandredeschaumes.com\/en\/expositions\/\",\"name\":\"Expositions &#8226; Alexandre Deschaumes\",\"isPartOf\":{\"@id\":\"https:\/\/www.alexandredeschaumes.com\/en\/#website\"},\"datePublished\":\"2022-03-25T13:50:36+00:00\",\"dateModified\":\"2026-01-05T14:12:32+00:00\",\"breadcrumb\":{\"@id\":\"https:\/\/alexandredeschaumes.com\/en\/expositions\/#breadcrumb\"},\"inLanguage\":\"en-US\",\"potentialAction\":[{\"@type\":\"ReadAction\",\"target\":[\"https:\/\/alexandredeschaumes.com\/en\/expositions\/\"]}]},{\"@type\":\"BreadcrumbList\",\"@id\":\"https:\/\/alexandredeschaumes.com\/en\/expositions\/#breadcrumb\",\"itemListElement\":[{\"@type\":\"ListItem\",\"position\":1,\"name\":\"Accueil\",\"item\":\"https:\/\/www.alexandredeschaumes.com\/en\/\"},{\"@type\":\"ListItem\",\"position\":2,\"name\":\"Expositions\"}]},{\"@type\":\"WebSite\",\"@id\":\"https:\/\/www.alexandredeschaumes.com\/en\/#website\",\"url\":\"https:\/\/www.alexandredeschaumes.com\/en\/\",\"name\":\"Alexandre Deschaumes\",\"description\":\"Voyage \u00c9th\u00e9r\u00e9\",\"publisher\":{\"@id\":\"https:\/\/www.alexandredeschaumes.com\/en\/#\/schema\/person\/3f2eb1dca0b06296625cf6271563acac\"},\"potentialAction\":[{\"@type\":\"SearchAction\",\"target\":{\"@type\":\"EntryPoint\",\"urlTemplate\":\"https:\/\/www.alexandredeschaumes.com\/en\/?s={search_term_string}\"},\"query-input\":{\"@type\":\"PropertyValueSpecification\",\"valueRequired\":true,\"valueName\":\"search_term_string\"}}],\"inLanguage\":\"en-US\"},{\"@type\":[\"Person\",\"Organization\"],\"@id\":\"https:\/\/www.alexandredeschaumes.com\/en\/#\/schema\/person\/3f2eb1dca0b06296625cf6271563acac\",\"name\":\"Alexandre Deschaumes\",\"image\":{\"@type\":\"ImageObject\",\"inLanguage\":\"en-US\",\"@id\":\"https:\/\/www.alexandredeschaumes.com\/en\/#\/schema\/person\/image\/\",\"url\":\"https:\/\/alexandredeschaumes.com\/wordpress\/wp-content\/uploads\/Avatar-AlexandreDeschaumes-Brown.jpg\",\"contentUrl\":\"https:\/\/alexandredeschaumes.com\/wordpress\/wp-content\/uploads\/Avatar-AlexandreDeschaumes-Brown.jpg\",\"width\":1200,\"height\":1200,\"caption\":\"Alexandre Deschaumes\"},\"logo\":{\"@id\":\"https:\/\/www.alexandredeschaumes.com\/en\/#\/schema\/person\/image\/\"}}]}<\/script>\n<!-- \/ Yoast SEO plugin. -->","yoast_head_json":{"title":"Expositions &#8226; Alexandre Deschaumes","robots":{"index":"index","follow":"follow","max-snippet":"max-snippet:-1","max-image-preview":"max-image-preview:large","max-video-preview":"max-video-preview:-1"},"canonical":"https:\/\/alexandredeschaumes.com\/en\/expositions\/","og_locale":"en_US","og_type":"article","og_title":"Expositions &#8226; Alexandre Deschaumes","og_description":"EXPOSITIONS 2026 2025 2024 2023 2022 2021 2020 2018 2017 2016 2015 2014 2013 2012 2011 2007","og_url":"https:\/\/alexandredeschaumes.com\/en\/expositions\/","og_site_name":"Alexandre Deschaumes","article_modified_time":"2026-01-05T14:12:32+00:00","twitter_card":"summary_large_image","twitter_misc":{"Est. reading time":"2 minutes"},"schema":{"@context":"https:\/\/schema.org","@graph":[{"@type":"WebPage","@id":"https:\/\/alexandredeschaumes.com\/en\/expositions\/","url":"https:\/\/alexandredeschaumes.com\/en\/expositions\/","name":"Expositions &#8226; Alexandre Deschaumes","isPartOf":{"@id":"https:\/\/www.alexandredeschaumes.com\/en\/#website"},"datePublished":"2022-03-25T13:50:36+00:00","dateModified":"2026-01-05T14:12:32+00:00","breadcrumb":{"@id":"https:\/\/alexandredeschaumes.com\/en\/expositions\/#breadcrumb"},"inLanguage":"en-US","potentialAction":[{"@type":"ReadAction","target":["https:\/\/alexandredeschaumes.com\/en\/expositions\/"]}]},{"@type":"BreadcrumbList","@id":"https:\/\/alexandredeschaumes.com\/en\/expositions\/#breadcrumb","itemListElement":[{"@type":"ListItem","position":1,"name":"Accueil","item":"https:\/\/www.alexandredeschaumes.com\/en\/"},{"@type":"ListItem","position":2,"name":"Expositions"}]},{"@type":"WebSite","@id":"https:\/\/www.alexandredeschaumes.com\/en\/#website","url":"https:\/\/www.alexandredeschaumes.com\/en\/","name":"Alexandre Deschaumes","description":"Voyage \u00c9th\u00e9r\u00e9","publisher":{"@id":"https:\/\/www.alexandredeschaumes.com\/en\/#\/schema\/person\/3f2eb1dca0b06296625cf6271563acac"},"potentialAction":[{"@type":"SearchAction","target":{"@type":"EntryPoint","urlTemplate":"https:\/\/www.alexandredeschaumes.com\/en\/?s={search_term_string}"},"query-input":{"@type":"PropertyValueSpecification","valueRequired":true,"valueName":"search_term_string"}}],"inLanguage":"en-US"},{"@type":["Person","Organization"],"@id":"https:\/\/www.alexandredeschaumes.com\/en\/#\/schema\/person\/3f2eb1dca0b06296625cf6271563acac","name":"Alexandre Deschaumes","image":{"@type":"ImageObject","inLanguage":"en-US","@id":"https:\/\/www.alexandredeschaumes.com\/en\/#\/schema\/person\/image\/","url":"https:\/\/alexandredeschaumes.com\/wordpress\/wp-content\/uploads\/Avatar-AlexandreDeschaumes-Brown.jpg","contentUrl":"https:\/\/alexandredeschaumes.com\/wordpress\/wp-content\/uploads\/Avatar-AlexandreDeschaumes-Brown.jpg","width":1200,"height":1200,"caption":"Alexandre Deschaumes"},"logo":{"@id":"https:\/\/www.alexandredeschaumes.com\/en\/#\/schema\/person\/image\/"}}]}},"_links":{"self":[{"href":"https:\/\/alexandredeschaumes.com\/en\/wp-json\/wp\/v2\/pages\/5989","targetHints":{"allow":["GET"]}}],"collection":[{"href":"https:\/\/alexandredeschaumes.com\/en\/wp-json\/wp\/v2\/pages"}],"about":[{"href":"https:\/\/alexandredeschaumes.com\/en\/wp-json\/wp\/v2\/types\/page"}],"author":[{"embeddable":true,"href":"https:\/\/alexandredeschaumes.com\/en\/wp-json\/wp\/v2\/users\/4"}],"replies":[{"embeddable":true,"href":"https:\/\/alexandredeschaumes.com\/en\/wp-json\/wp\/v2\/comments?post=5989"}],"version-history":[{"count":16,"href":"https:\/\/alexandredeschaumes.com\/en\/wp-json\/wp\/v2\/pages\/5989\/revisions"}],"predecessor-version":[{"id":9435,"href":"https:\/\/alexandredeschaumes.com\/en\/wp-json\/wp\/v2\/pages\/5989\/revisions\/9435"}],"wp:attachment":[{"href":"https:\/\/alexandredeschaumes.com\/en\/wp-json\/wp\/v2\/media?parent=5989"}],"curies":[{"name":"wp","href":"https:\/\/api.w.org\/{rel}","templated":true}]}}