{"id":5555,"date":"2022-01-28T12:42:20","date_gmt":"2022-01-28T11:42:20","guid":{"rendered":"https:\/\/alexandredeschaumes.com\/?page_id=5555"},"modified":"2024-01-05T15:08:40","modified_gmt":"2024-01-05T14:08:40","slug":"stages-photo-prives","status":"publish","type":"page","link":"https:\/\/alexandredeschaumes.com\/en\/stages-photo-prives\/","title":{"rendered":"Stages photo priv\u00e9s"},"content":{"rendered":"\n<h1 class=\"has-text-align-center wp-block-heading\">STAGE PHOTO PRIV\u00c9<\/h1>\n\n\n\n<h3 class=\"has-text-align-center wp-block-heading\">En ligne ou en personne<\/h3>\n\n\n\n<div style=\"height:75px\" aria-hidden=\"true\" class=\"wp-block-spacer\"><\/div>\n\n\n\n<p>Ces stages permettent de passer un moment avec moi pour d\u00e9couvrir et apprendre. <\/p>\n\n\n\n<p>Selon vos attentes personnelles, nous discuterons et analyserons les diff\u00e9rentes techniques photographiques et cr\u00e9atives.<\/p>\n\n\n\n<p><\/p>\n\n\n\n<div style=\"height:12px\" aria-hidden=\"true\" class=\"wp-block-spacer\"><\/div>\n\n\n\n<h4 class=\"wp-block-heading\">\u00c9tapes de r\u00e9servation :<\/h4>\n\n\n\n<ol class=\"wp-block-list\">\n<li>Contactez-moi pour modeler le temps disponible entre la discussion \u00e0 la maison (Sallanches, Haute-Savoie) et une sortie dans la nature environnante pour pratiquer.<\/li>\n\n\n\n<li>Nous d\u00e9ciderons ensuite d'une date en fonction du meilleur cr\u00e9neau m\u00e9t\u00e9o selon nos disponibilit\u00e9s.<\/li>\n\n\n\n<li>Rendez-vous la date convenue en ligne ou chez moi pour l'apprentissage.<\/li>\n<\/ol>\n\n\n<hr class=\"taz_separator\" data-not-visible=\"1\" style=\"margin-top: 3rem; margin-bottom: 3rem;\">\n\n\n<div class=\"wp-block-columns taz_fitIconColumns is-layout-flex wp-container-core-columns-is-layout-9d6595d7 wp-block-columns-is-layout-flex\">\n<div class=\"wp-block-column is-layout-flow wp-block-column-is-layout-flow\">\n<div class=\"taz_icon\" data-align=\"center\" data-context=\"default\" data-icon-size=\"default\" data-inline-text=\"\" style=\"padding: 1rem;\" data-style=\" inverted\" data-text-size=\"default\">\n\t<div class=\"taz_layouter\" style=\"padding: 2rem;\"><i class=\"fas fa-chalkboard-teacher\" aria-hidden=\"true\"><\/i><div class=\"taz_icon-texts\"><p>&nbsp;<\/p>\n<p style=\"text-align: center;\">2h | 180 \u20ac<\/p>\n<ul>\n<li style=\"text-align: left;\">Session personnalis\u00e9e en Visioconf\u00e9rence.<\/li>\n<li>\u00e9change constructif sur la vision et la technique, en \u00e9cran partag\u00e9.<\/li>\n<li style=\"text-align: left;\">Possibilit\u00e9 pour vous de montrer vos travaux et avoir une analyse.<\/li>\n<\/ul>\n<\/div>\n\t<\/div>\n<\/div>\n\n<hr class=\"taz_separator\" data-not-visible=\"1\" style=\"margin-top: 0.5rem; margin-bottom: 0.5rem;\">\n\n\n<p><\/p>\n<\/div>\n\n\n\n<div class=\"wp-block-column is-vertically-aligned-top is-layout-flow wp-block-column-is-layout-flow\">\n<div class=\"taz_icon\" data-align=\"center\" data-context=\"default\" data-icon-size=\"default\" data-inline-text=\"\" style=\"padding: 1rem;\" data-style=\" inverted\" data-text-size=\"default\">\n\t<div class=\"taz_layouter\" style=\"padding: 2rem;\"><i class=\"fas fa-user-graduate\" aria-hidden=\"true\"><\/i><div class=\"taz_icon-texts\"><p>&nbsp;<\/p>\n<p style=\"text-align: center;\">1 jour | 550 \u20ac<\/p>\n<ul>\n<li style=\"text-align: left;\">\u00c9changes sur les th\u00e8mes cit\u00e9s plus haut \u00e0 la maison, sur l'ordinateur et le mat\u00e9riel photo.<\/li>\n<li style=\"text-align: left;\">Suivi d'une sortie pour exp\u00e9rimenter ensemble dans la nature.<\/li>\n<li style=\"text-align: left;\">Le temps pass\u00e9 dehors ou \u00e0 la maison est modulable selon vos pr\u00e9f\u00e9rences. De nombreuses id\u00e9es aux alentours sont possibles sans faire une grande randonn\u00e9e.<\/li>\n<li style=\"text-align: left;\">For\u00eat, d\u00e9tails, montagnes.<\/li>\n<\/ul>\n<\/div>\n\t<\/div>\n<\/div>\n\n<hr class=\"taz_separator\" data-not-visible=\"1\" style=\"margin-top: 0.5rem; margin-bottom: 0.5rem;\"><\/div>\n\n\n\n<div class=\"wp-block-column is-layout-flow wp-block-column-is-layout-flow\">\n<div class=\"taz_icon\" data-align=\"center\" data-context=\"default\" data-icon-size=\"default\" data-inline-text=\"\" style=\"padding: 1rem;\" data-style=\" inverted\" data-text-size=\"default\">\n\t<div class=\"taz_layouter\" style=\"padding: 2rem;\"><i class=\"fas fa-hiking\" aria-hidden=\"true\"><\/i><div class=\"taz_icon-texts\"><p>&nbsp;<\/p>\n<p style=\"text-align: center;\">1 jour 1\/2 | 750 \u20ac<\/p>\n<ul>\n<li style=\"text-align: left;\">Sur un weekend ou dans la semaine.<\/li>\n<li style=\"text-align: left;\">Briefing technique et analyse le premier jour ( 3-4h )<\/li>\n<li style=\"text-align: left;\">Sortie sur le terrain en immersion nature sur toute la journ\u00e9e du lendemain, selon votre niveau et les conditions.<\/li>\n<li>Le meilleur moyen de comprendre et d'explorer le processus cr\u00e9atif.<\/li>\n<\/ul>\n<\/div>\n\t<\/div>\n<\/div>\n\n<hr class=\"taz_separator\" data-not-visible=\"1\" style=\"margin-top: 0.5rem; margin-bottom: 0.5rem;\"><\/div>\n<\/div>\n\n\n\n<div style=\"height:10px\" aria-hidden=\"true\" class=\"wp-block-spacer\"><\/div>\n\n\n\n<h4 class=\"has-text-align-center wp-block-heading\">Pour r\u00e9server&nbsp;:<\/h4>\n\n\n\n<div style=\"height:30px\" aria-hidden=\"true\" class=\"wp-block-spacer\"><\/div>\n\n\n\n<div class=\"wp-block-columns group is-layout-flex wp-container-core-columns-is-layout-9d6595d7 wp-block-columns-is-layout-flex\">\n<div class=\"wp-block-column is-layout-flow wp-block-column-is-layout-flow\" style=\"flex-basis:50%\"><button type=\"button\" class=\"taz_button\" data-align=\"center\" data-context=\"default\" onclick=\"window.open('https:\/\/wa.me\/+330612322617','_self')\" data-size=\"large\" data-style=\"inverted\"><i class=\"fab fa-whatsapp\" aria-hidden=\"true\"><\/i><span>Contactez-moi sur WhatsApp<\/span><\/button>\n\n\n<div style=\"height:40px\" aria-hidden=\"true\" class=\"wp-block-spacer\"><\/div>\n<\/div>\n<\/div>\n\n\n<div class=\"frm_forms  with_frm_style frm_style_style-formidable\" id=\"frm_form_5_container\" data-token=\"7dd4e304c356c07597729262c3862468\">\n<form enctype=\"multipart\/form-data\" method=\"post\" class=\"frm-show-form  frm_js_validate  frm_ajax_submit  frm_pro_form \" id=\"form_contact\" data-token=\"7dd4e304c356c07597729262c3862468\">\n<div class=\"frm_form_fields \">\n<fieldset>\n<legend class=\"frm_screen_reader\">Contact<\/legend>\r\n\r\n<div class=\"frm_fields_container\">\n<input type=\"hidden\" name=\"frm_action\" value=\"create\" \/>\n<input type=\"hidden\" name=\"form_id\" value=\"5\" \/>\n<input type=\"hidden\" name=\"frm_hide_fields_5\" id=\"frm_hide_fields_5\" value=\"\" \/>\n<input type=\"hidden\" name=\"form_key\" value=\"contact\" \/>\n<input type=\"hidden\" name=\"item_meta[0]\" value=\"\" \/>\n<input type=\"hidden\" id=\"frm_submit_entry_5\" name=\"frm_submit_entry_5\" value=\"49e15e5093\" \/><input type=\"hidden\" name=\"_wp_http_referer\" value=\"\/en\/wp-json\/wp\/v2\/pages\/5555\" \/><div id=\"frm_field_46_container\" class=\"frm_form_field form-field  frm_required_field frm_top_container frm_full\">\r\n    <label for=\"field_hhtlp\" id=\"field_hhtlp_label\" class=\"frm_primary_label\">Nom\r\n        <span class=\"frm_required\">*<\/span>\r\n    <\/label>\r\n    <input  type=\"text\" id=\"field_hhtlp\" name=\"item_meta[46]\" value=\"\"  data-reqmsg=\"Ce champ ne peut pas \u00eatre vide\" aria-required=\"true\" data-invmsg=\"Text is invalid\" aria-invalid=\"false\"   \/>\r\n    \r\n    \r\n<\/div>\n<div id=\"frm_field_47_container\" class=\"frm_form_field form-field  frm_required_field frm_top_container frm_full\">\r\n    <label for=\"field_4paya\" id=\"field_4paya_label\" class=\"frm_primary_label\">Pr\u00e9nom\r\n        <span class=\"frm_required\">*<\/span>\r\n    <\/label>\r\n    <input  type=\"text\" id=\"field_4paya\" name=\"item_meta[47]\" value=\"\"  data-reqmsg=\"Ce champ ne peut pas \u00eatre vide\" aria-required=\"true\" data-invmsg=\"Text is invalid\" aria-invalid=\"false\"   \/>\r\n    \r\n    \r\n<\/div>\n<div id=\"frm_field_48_container\" class=\"frm_form_field form-field  frm_required_field frm_top_container frm_first frm_half\">\r\n    <label for=\"field_g90j1\" id=\"field_g90j1_label\" class=\"frm_primary_label\">E-mail\r\n        <span class=\"frm_required\">*<\/span>\r\n    <\/label>\r\n    <input type=\"email\" id=\"field_g90j1\" name=\"item_meta[48]\" value=\"\"  style=\"width:100%\" data-reqmsg=\"Ce champ ne peut pas \u00eatre vide\" aria-required=\"true\" data-invmsg=\"Email is invalid\" class=\"auto_width\" aria-invalid=\"false\"  \/>\r\n    \r\n    \r\n<\/div>\n<div id=\"frm_field_conf_48_container\" class=\"frm_form_field frm_hidden_container frm_conf_field form-field  frm_required_field frm_top_container  frm6\">\r\n    <label for=\"field_conf_g90j1\" id=\"field_conf_g90j1_label\" class=\"frm_conf_label frm_primary_label\">Confirm E-mail\r\n        <span class=\"frm_required\">*<\/span>\r\n    <\/label>\r\n    <input type=\"email\" id=\"field_conf_g90j1\" name=\"item_meta[conf_48]\" value=\"\"  style=\"width:100%\" placeholder=\"Confirmer e-mail\" data-reqmsg=\"Ce champ ne peut pas \u00eatre vide\" aria-required=\"true\" data-confmsg=\"The entered values do not match\" data-invmsg=\"Email is invalid\" class=\"auto_width\" aria-invalid=\"false\"  \/>\r\n    \r\n    \r\n<\/div>\n<div id=\"frm_field_161_container\" class=\"frm_form_field form-field  frm_required_field frm_top_container frm_full frm_other_container\">\n    <label for=\"field_o192d\" id=\"field_o192d_label\" class=\"frm_primary_label\">Raison de votre contact\n        <span class=\"frm_required\" aria-hidden=\"true\">*<\/span>\n    <\/label>\n    \t\t<select name=\"item_meta[161]\" id=\"field_o192d\"  data-frmval=\"generale\" data-reqmsg=\"Ce champ ne peut pas \u00eatre vide\" aria-required=\"true\" data-invmsg=\"Raison de votre contact is invalid\" aria-invalid=\"false\"  >\n\t\t<option  value=\"generale\" selected='selected'>G\u00e9n\u00e9rale<\/option><option  value=\"stages\">Stages<\/option><option  value=\"Autre\" class=\"frm_other_trigger\">Autre<\/option>\t<\/select>\n\t<label for=\"field_o192d-otext\" class=\"frm_screen_reader frm_hidden\">Raison de votre contact<\/label><input type=\"text\" id=\"field_o192d-otext\" class=\"frm_other_input frm_pos_none\"  name=\"item_meta[other][161]\" value=\"\" \/>\n    \n    \n<\/div>\n<div id=\"frm_field_162_container\" class=\"frm_form_field form-field  frm_required_field frm_top_container frm_full\">\n    <label for=\"field_conaf\" id=\"field_conaf_label\" class=\"frm_primary_label\">Stages\n        <span class=\"frm_required\" aria-hidden=\"true\">*<\/span>\n    <\/label>\n    \t\t<select name=\"item_meta[162]\" id=\"field_conaf\"  data-reqmsg=\"Ce champ ne peut pas \u00eatre vide\" aria-required=\"true\" data-invmsg=\"Stages is invalid\" aria-invalid=\"false\"  >\n\t\t<option  value=\"\" selected='selected'> <\/option><option  value=\"en_conscience_haut_giffre_07_2024\">Stage &quot;En Conscience&quot; Haut-Giffre 8-14 Juillet 2024<\/option><option  value=\"en_conscience_claree_10_2024\">Stage &quot;En Conscience&quot; Vall\u00e9e de la Clar\u00e9e 19-25 Octobre 2024<\/option><option  value=\"ecosse_10_2024\">Stage Ecosse 28 Octobre - 4 Novembre 2024<\/option><option  value=\"hivernal_02_2025\">Stage hivernal 3 f\u00e9vrier - 9 f\u00e9vrier 2025<\/option><option  value=\"Patagonie\">Patagonie - Avril 2025<\/option><option  value=\"priv\u00e9\">Stage Priv\u00e9<\/option>\t<\/select>\n\t\n    \n    \n<\/div>\n<div id=\"frm_field_49_container\" class=\"frm_form_field form-field  frm_required_field frm_top_container frm_full\">\r\n    <label for=\"field_mjb95\" id=\"field_mjb95_label\" class=\"frm_primary_label\">Votre message\r\n        <span class=\"frm_required\">*<\/span>\r\n    <\/label>\r\n    <textarea name=\"item_meta[49]\" id=\"field_mjb95\" rows=\"5\"  data-reqmsg=\"Ce champ ne peut pas \u00eatre vide\" aria-required=\"true\" data-invmsg=\"Votre message is invalid\" aria-invalid=\"false\"  ><\/textarea>\r\n    \r\n    \r\n<\/div>\n\t<input type=\"hidden\" name=\"item_key\" value=\"\" \/>\n\t\t\t<div id=\"frm_field_186_container\">\n\t\t\t<label for=\"field_gd9z0\"  style=\"display:none;\">\n\t\t\t\tIf you are human, leave this field blank.\t\t\t<\/label>\n\t\t\t<input  id=\"field_gd9z0\" type=\"text\" class=\"frm_form_field form-field frm_verify\" name=\"item_meta[186]\" value=\"\"  style=\"display:none;\" \/>\n\t\t<\/div>\n\t\t<input name=\"frm_state\" type=\"hidden\" value=\"5YZ+NEJC1v1TEU47F83Gr9N2BfZT4QjGO3rLH9NqPvDDmyV0Kb0v+5B0PvPp2PYJ\" \/><div class=\"frm_submit\">\r\n\r\n<button class=\"frm_button_submit frm_final_submit taz_button\" data-context=\"default\" data-style=\"inverted\" data-size=\"default\" type=\"submit\"   formnovalidate=\"formnovalidate\">Envoyer<\/button>\r\n\r\n<\/div><\/div>\n<\/fieldset>\n<\/div>\n\n<p style=\"display: none !important;\" class=\"akismet-fields-container\" data-prefix=\"ak_\"><label>&#916;<textarea name=\"ak_hp_textarea\" cols=\"45\" rows=\"8\" maxlength=\"100\"><\/textarea><\/label><input type=\"hidden\" id=\"ak_js_1\" name=\"ak_js\" value=\"11\"\/><script>document.getElementById( \"ak_js_1\" ).setAttribute( \"value\", ( new Date() ).getTime() );<\/script><\/p><\/form>\n<\/div>\n\n\n<hr class=\"taz_separator\" data-not-visible=\"1\" style=\"margin-top: 3rem; margin-bottom: 3rem;\">\n\n\n<div style=\"height:15px\" aria-hidden=\"true\" class=\"wp-block-spacer\"><\/div>\n","protected":false},"excerpt":{"rendered":"<p>STAGE PHOTO PRIV\u00c9 En ligne ou en personne Ces stages permettent de passer un moment avec moi pour d\u00e9couvrir et apprendre. Selon vos attentes personnelles, nous discuterons et analyserons les diff\u00e9rentes techniques photographiques et cr\u00e9atives. \u00c9tapes de r\u00e9servation : Pour r\u00e9server&nbsp;:<\/p>\n","protected":false},"author":4,"featured_media":0,"parent":0,"menu_order":0,"comment_status":"closed","ping_status":"closed","template":"","meta":{"_acf_changed":false,"footnotes":""},"class_list":["post-5555","page","type-page","status-publish","hentry"],"acf":[],"yoast_head":"<!-- This site is optimized with the Yoast SEO plugin v27.1.1 - https:\/\/yoast.com\/product\/yoast-seo-wordpress\/ -->\n<title>Stages photo priv\u00e9s &#8226; Alexandre Deschaumes<\/title>\n<meta name=\"robots\" content=\"index, follow, max-snippet:-1, max-image-preview:large, max-video-preview:-1\" \/>\n<link rel=\"canonical\" href=\"https:\/\/alexandredeschaumes.com\/en\/stages-photo-prives\/\" \/>\n<meta property=\"og:locale\" content=\"en_US\" \/>\n<meta property=\"og:type\" content=\"article\" \/>\n<meta property=\"og:title\" content=\"Stages photo priv\u00e9s &#8226; Alexandre Deschaumes\" \/>\n<meta property=\"og:description\" content=\"STAGE PHOTO PRIV\u00c9 En ligne ou en personne Ces stages permettent de passer un moment avec moi pour d\u00e9couvrir et apprendre. Selon vos attentes personnelles, nous discuterons et analyserons les diff\u00e9rentes techniques photographiques et cr\u00e9atives. \u00c9tapes de r\u00e9servation : Pour r\u00e9server&nbsp;:\" \/>\n<meta property=\"og:url\" content=\"https:\/\/alexandredeschaumes.com\/en\/stages-photo-prives\/\" \/>\n<meta property=\"og:site_name\" content=\"Alexandre Deschaumes\" \/>\n<meta property=\"article:modified_time\" content=\"2024-01-05T14:08:40+00:00\" \/>\n<meta name=\"twitter:card\" content=\"summary_large_image\" \/>\n<meta name=\"twitter:label1\" content=\"Est. reading time\" \/>\n\t<meta name=\"twitter:data1\" content=\"1 minute\" \/>\n<script type=\"application\/ld+json\" class=\"yoast-schema-graph\">{\"@context\":\"https:\/\/schema.org\",\"@graph\":[{\"@type\":\"WebPage\",\"@id\":\"https:\/\/alexandredeschaumes.com\/en\/stages-photo-prives\/\",\"url\":\"https:\/\/alexandredeschaumes.com\/en\/stages-photo-prives\/\",\"name\":\"Stages photo priv\u00e9s &#8226; Alexandre Deschaumes\",\"isPartOf\":{\"@id\":\"https:\/\/alexandredeschaumes.com\/en\/#website\"},\"datePublished\":\"2022-01-28T11:42:20+00:00\",\"dateModified\":\"2024-01-05T14:08:40+00:00\",\"breadcrumb\":{\"@id\":\"https:\/\/alexandredeschaumes.com\/en\/stages-photo-prives\/#breadcrumb\"},\"inLanguage\":\"en-US\",\"potentialAction\":[{\"@type\":\"ReadAction\",\"target\":[\"https:\/\/alexandredeschaumes.com\/en\/stages-photo-prives\/\"]}]},{\"@type\":\"BreadcrumbList\",\"@id\":\"https:\/\/alexandredeschaumes.com\/en\/stages-photo-prives\/#breadcrumb\",\"itemListElement\":[{\"@type\":\"ListItem\",\"position\":1,\"name\":\"Accueil\",\"item\":\"https:\/\/alexandredeschaumes.com\/en\/\"},{\"@type\":\"ListItem\",\"position\":2,\"name\":\"Stages photo priv\u00e9s\"}]},{\"@type\":\"WebSite\",\"@id\":\"https:\/\/alexandredeschaumes.com\/en\/#website\",\"url\":\"https:\/\/alexandredeschaumes.com\/en\/\",\"name\":\"Alexandre Deschaumes\",\"description\":\"Voyage \u00c9th\u00e9r\u00e9\",\"publisher\":{\"@id\":\"https:\/\/alexandredeschaumes.com\/en\/#\/schema\/person\/3f2eb1dca0b06296625cf6271563acac\"},\"potentialAction\":[{\"@type\":\"SearchAction\",\"target\":{\"@type\":\"EntryPoint\",\"urlTemplate\":\"https:\/\/alexandredeschaumes.com\/en\/?s={search_term_string}\"},\"query-input\":{\"@type\":\"PropertyValueSpecification\",\"valueRequired\":true,\"valueName\":\"search_term_string\"}}],\"inLanguage\":\"en-US\"},{\"@type\":[\"Person\",\"Organization\"],\"@id\":\"https:\/\/alexandredeschaumes.com\/en\/#\/schema\/person\/3f2eb1dca0b06296625cf6271563acac\",\"name\":\"Alexandre Deschaumes\",\"image\":{\"@type\":\"ImageObject\",\"inLanguage\":\"en-US\",\"@id\":\"https:\/\/alexandredeschaumes.com\/en\/#\/schema\/person\/image\/\",\"url\":\"https:\/\/alexandredeschaumes.com\/wordpress\/wp-content\/uploads\/Avatar-AlexandreDeschaumes-Brown.jpg\",\"contentUrl\":\"https:\/\/alexandredeschaumes.com\/wordpress\/wp-content\/uploads\/Avatar-AlexandreDeschaumes-Brown.jpg\",\"width\":1200,\"height\":1200,\"caption\":\"Alexandre Deschaumes\"},\"logo\":{\"@id\":\"https:\/\/alexandredeschaumes.com\/en\/#\/schema\/person\/image\/\"}}]}<\/script>\n<!-- \/ Yoast SEO plugin. -->","yoast_head_json":{"title":"Stages photo priv\u00e9s &#8226; Alexandre Deschaumes","robots":{"index":"index","follow":"follow","max-snippet":"max-snippet:-1","max-image-preview":"max-image-preview:large","max-video-preview":"max-video-preview:-1"},"canonical":"https:\/\/alexandredeschaumes.com\/en\/stages-photo-prives\/","og_locale":"en_US","og_type":"article","og_title":"Stages photo priv\u00e9s &#8226; Alexandre Deschaumes","og_description":"STAGE PHOTO PRIV\u00c9 En ligne ou en personne Ces stages permettent de passer un moment avec moi pour d\u00e9couvrir et apprendre. Selon vos attentes personnelles, nous discuterons et analyserons les diff\u00e9rentes techniques photographiques et cr\u00e9atives. \u00c9tapes de r\u00e9servation : Pour r\u00e9server&nbsp;:","og_url":"https:\/\/alexandredeschaumes.com\/en\/stages-photo-prives\/","og_site_name":"Alexandre Deschaumes","article_modified_time":"2024-01-05T14:08:40+00:00","twitter_card":"summary_large_image","twitter_misc":{"Est. reading time":"1 minute"},"schema":{"@context":"https:\/\/schema.org","@graph":[{"@type":"WebPage","@id":"https:\/\/alexandredeschaumes.com\/en\/stages-photo-prives\/","url":"https:\/\/alexandredeschaumes.com\/en\/stages-photo-prives\/","name":"Stages photo priv\u00e9s &#8226; Alexandre Deschaumes","isPartOf":{"@id":"https:\/\/alexandredeschaumes.com\/en\/#website"},"datePublished":"2022-01-28T11:42:20+00:00","dateModified":"2024-01-05T14:08:40+00:00","breadcrumb":{"@id":"https:\/\/alexandredeschaumes.com\/en\/stages-photo-prives\/#breadcrumb"},"inLanguage":"en-US","potentialAction":[{"@type":"ReadAction","target":["https:\/\/alexandredeschaumes.com\/en\/stages-photo-prives\/"]}]},{"@type":"BreadcrumbList","@id":"https:\/\/alexandredeschaumes.com\/en\/stages-photo-prives\/#breadcrumb","itemListElement":[{"@type":"ListItem","position":1,"name":"Accueil","item":"https:\/\/alexandredeschaumes.com\/en\/"},{"@type":"ListItem","position":2,"name":"Stages photo priv\u00e9s"}]},{"@type":"WebSite","@id":"https:\/\/alexandredeschaumes.com\/en\/#website","url":"https:\/\/alexandredeschaumes.com\/en\/","name":"Alexandre Deschaumes","description":"Voyage \u00c9th\u00e9r\u00e9","publisher":{"@id":"https:\/\/alexandredeschaumes.com\/en\/#\/schema\/person\/3f2eb1dca0b06296625cf6271563acac"},"potentialAction":[{"@type":"SearchAction","target":{"@type":"EntryPoint","urlTemplate":"https:\/\/alexandredeschaumes.com\/en\/?s={search_term_string}"},"query-input":{"@type":"PropertyValueSpecification","valueRequired":true,"valueName":"search_term_string"}}],"inLanguage":"en-US"},{"@type":["Person","Organization"],"@id":"https:\/\/alexandredeschaumes.com\/en\/#\/schema\/person\/3f2eb1dca0b06296625cf6271563acac","name":"Alexandre Deschaumes","image":{"@type":"ImageObject","inLanguage":"en-US","@id":"https:\/\/alexandredeschaumes.com\/en\/#\/schema\/person\/image\/","url":"https:\/\/alexandredeschaumes.com\/wordpress\/wp-content\/uploads\/Avatar-AlexandreDeschaumes-Brown.jpg","contentUrl":"https:\/\/alexandredeschaumes.com\/wordpress\/wp-content\/uploads\/Avatar-AlexandreDeschaumes-Brown.jpg","width":1200,"height":1200,"caption":"Alexandre Deschaumes"},"logo":{"@id":"https:\/\/alexandredeschaumes.com\/en\/#\/schema\/person\/image\/"}}]}},"_links":{"self":[{"href":"https:\/\/alexandredeschaumes.com\/en\/wp-json\/wp\/v2\/pages\/5555","targetHints":{"allow":["GET"]}}],"collection":[{"href":"https:\/\/alexandredeschaumes.com\/en\/wp-json\/wp\/v2\/pages"}],"about":[{"href":"https:\/\/alexandredeschaumes.com\/en\/wp-json\/wp\/v2\/types\/page"}],"author":[{"embeddable":true,"href":"https:\/\/alexandredeschaumes.com\/en\/wp-json\/wp\/v2\/users\/4"}],"replies":[{"embeddable":true,"href":"https:\/\/alexandredeschaumes.com\/en\/wp-json\/wp\/v2\/comments?post=5555"}],"version-history":[{"count":5,"href":"https:\/\/alexandredeschaumes.com\/en\/wp-json\/wp\/v2\/pages\/5555\/revisions"}],"predecessor-version":[{"id":7621,"href":"https:\/\/alexandredeschaumes.com\/en\/wp-json\/wp\/v2\/pages\/5555\/revisions\/7621"}],"wp:attachment":[{"href":"https:\/\/alexandredeschaumes.com\/en\/wp-json\/wp\/v2\/media?parent=5555"}],"curies":[{"name":"wp","href":"https:\/\/api.w.org\/{rel}","templated":true}]}}