{"id":225,"date":"2019-11-05T14:54:47","date_gmt":"2019-11-05T13:54:47","guid":{"rendered":"http:\/\/alexandredeschaumes.com\/?page_id=225"},"modified":"2023-01-12T09:49:03","modified_gmt":"2023-01-12T08:49:03","slug":"film-quete-inspiration","status":"publish","type":"page","link":"https:\/\/alexandredeschaumes.com\/en\/film-quete-inspiration\/","title":{"rendered":"La Qu\u00eate d'Inspiration"},"content":{"rendered":"\n<div class=\"wp-block-columns is-layout-flex wp-container-core-columns-is-layout-9d6595d7 wp-block-columns-is-layout-flex\">\n<div class=\"wp-block-column is-layout-flow wp-block-column-is-layout-flow\" style=\"flex-basis:50%\">\n<blockquote class=\"wp-block-quote is-layout-flow wp-block-quote-is-layout-flow\">\n<p>L\u2019inspiration doit rester la chose primordiale, la beaut\u00e9 permet l\u2019\u00e9l\u00e9vation de l\u2019esprit, et donne \u00e0 jamais l\u2019envie d\u2019atteindre les sph\u00e8res \u00e9th\u00e9r\u00e9es. <\/p>\n<cite>Alexandre Deschaumes<\/cite><\/blockquote>\n<\/div>\n<\/div>\n\n\n\n<p>C\u2019est \u00e0 la suite de nombreuses errances solitaires \u00e0 travers les for\u00eats automnales qu\u2019Alexandre Deschaumes, photographe de paysage, a d\u00e9velopp\u00e9 son propre univers. Guid\u00e9 par les atmosph\u00e8res oniriques et envo\u00fbtantes de la nature sauvage, il tente de transformer ses \u00e9motions en une certaine forme de beaut\u00e9 \u00e9vocatrice. Alors qu\u2019il pr\u00e9pare une nouvelle exp\u00e9dition en Patagonie, Alexandre doit faire face aux tourments de la nature dans cette qu\u00eate.<\/p>\n\n\n\n<div style=\"padding:56.25% 0 0 0;position:relative;\"><iframe src=\"https:\/\/player.vimeo.com\/video\/54003139?h=53933e1c65&color=f08c00\" style=\"position:absolute;top:0;left:0;width:100%;height:100%;\" frameborder=\"0\" allow=\"autoplay; fullscreen; picture-in-picture\" allowfullscreen><\/iframe><\/div><script src=\"https:\/\/player.vimeo.com\/api\/player.js\"><\/script>\n\n\n\n<p><br><strong>Coproduction&nbsp;:<\/strong>&nbsp;Mona Lisa Production, M2L Productions, Montagne TV, avec le soutien du Centre National de la Cin\u00e9matographie et de l\u2019Image Anim\u00e9e<br><strong>Ann\u00e9e de production&nbsp;:<\/strong>&nbsp;2012<br><strong>Musiques&nbsp;:<\/strong>&nbsp;Raison d\u2019\u00eatre de Peter Andersson, The Best Pessimist de Sergey Lunev, Ratel Road de Un autre jour, Biosphere de Geir Jenssen, Sephiroth de Cold Meat Industry<br><strong>Mixage audio&nbsp;:<\/strong>&nbsp;Studio Miroslav Pilon<br><strong>Sponsors&nbsp;:<\/strong>&nbsp;Canon France, PhotoAddict<br><strong>Diffuseurs&nbsp;:<\/strong>&nbsp;TV5 Monde, Montagne TV, Ushua\u00efa TV, Canal Off<\/p>\n\n\n\n<h5 class=\"wp-block-heading\">R\u00e9compenses<\/h5>\n\n\n\n<figure class=\"taz_figure\" data-availability=\"high\" data-canzoom=\"\" data-item-id=\"4054\" data-module=\"image\">\n\t<div class=\"taz_layouter\"><span class=\"taz_imageNoLink\"><span class=\"taz_imageWrapper taz_noStyle\"><img decoding=\"async\" class=\"taz_image\" alt=\"Film La Qu&ecirc;te dInspiration\" src=\"\/wordpress\/wp-content\/themes\/AlexandreDeschaumes\/DevKit\/inc\/taz_imagePlaceholder.php?width=960&height=802&color=transparent\" data-src=\"\/wordpress\/wp-content\/uploads\/Awards.png\" title=\"Awards\"><\/span><\/span>\n\t\t<img decoding=\"async\" class=\"taz_item-frame\" src=\"\/wordpress\/wp-content\/themes\/AlexandreDeschaumes\/DevKit\/inc\/taz_imagePlaceholder.php?width=960&height=802&color=%23FFFFFF00\"> \n\t<\/div>\n<\/figure>\n\n\n<p><sub>R\u00e9compense d\u2019Argent \u2013 Video Festival Imperia, Italie, 2013<br>Meilleure Photographie \u2013 44\u00e8me Festival International du Film Alpin des Diablerets, Suisse, 2013<br>Prix Jeunes Regards \u2013 Festival International du Film Ornithologique de M\u00e9nigoute, France, 2013<br>Nomin\u00e9 pour la Meilleure Postproduction \u2013 Green Screen International Wildlife Film Festival, Allemagne, 2013<br>Meilleure Photographie \u2013 7\u00e8me Bilbao Mendi Film Festival, Espagne, 2014<br>Prix Beaut\u00e9 de la Nature \u2013 Medzin\u00e1rodn\u00fd Festival Horsk\u00fdch Filmov Poprad, Slovaquie, 2015<br>Meilleur Jeune R\u00e9alisateur \u2013 13\u00e8me Internationales Bergfilm Festival Tegernsee, Allemagne, 2015<br>Meilleur Film de Montagne et Nature \u2013 13\u00e8me Internationales Bergfilm Festival Tegernsee, Allemagne, 2015<br>Prix Sp\u00e9cial du Jury \u2013 T-Film International Film Festival Ostrava, R\u00e9publique Tch\u00e8que, 2016<\/sub><\/p>\n\n\n\n<h5 class=\"wp-block-heading\">Critique apparue dans Telerama<\/h5>\n\n\n\n<p>\u201cLe film commence \u00e0 l\u2019automne et se termine en hiver. Des flamb\u00e9es mordor\u00e9es aux vertiges du blanc.<br>Le printemps et l\u2019\u00e9t\u00e9 ne sont pas les saisons pr\u00e9f\u00e9r\u00e9es d\u2019Alexandre Deschaumes. Trop mi\u00e8vres, trop \u00e9videntes. Compliqu\u00e9 d\u2019y traquer la beaut\u00e9. C\u2019est elle qui fait courir sur les cimes escarp\u00e9es, sur les goutti\u00e8res de cascades et la frange des glaciers ce jeune photographe, qui va chercher dans la nature la plus extr\u00eame la traduction, en images, de son univers int\u00e9rieur : un monde esseul\u00e9, grandiose et souvent inqui\u00e9tant, spectral ou incandescent,<br>o\u00f9 la fantasmagorie r\u00e8gne.<\/p>\n\n\n\n<p>Mathieu Le Lay a suivi l\u2019artiste au gr\u00e9 de ses p\u00e9r\u00e9grinations : Patagonie, Islande, Argentine\u2026 Tout aussi \u00e9pris de lumi\u00e8re que son sujet, montant ses images comme on cr\u00e9e une rythmique, le r\u00e9alisateur a capt\u00e9 les paysages bluffants d\u2019une nature sauvage et royale. Pas de commentaires, si ce n\u2019est celui, en voix off, du photographe, qui, par bribes, nous renseigne sur cette n\u00e9cessit\u00e9 vitale de cadrer les endroits les plus recul\u00e9s comme on invente sa propre langue. Sans pr\u00e9tention ni grandiloquence, il \u00e9voque la peur et la fascination comme carburants d\u2019un art qui parfois l\u2019emprisonne, parfois l\u2019\u00e9l\u00e8ve. On n\u2019a pas forc\u00e9ment besoin de partager son esth\u00e9tique pour \u00eatre happ\u00e9 par sa qu\u00eate.\u201d<\/p>\n\n\n\n<div class=\"wp-block-columns is-layout-flex wp-container-core-columns-is-layout-9d6595d7 wp-block-columns-is-layout-flex\">\n<div class=\"wp-block-column is-layout-flow wp-block-column-is-layout-flow\">\n<p><strong>S\u00e9lections officielles en festivals<\/strong><br><br><sup>Video Festival Imperia 2013, Italie<br>Pelicam International Film festival 2013, Roumanie<br>44\u00e8me Festival International du Film Alpin des Diablerets 2013, Suisse<br>29\u00e8me Festival International du Film Ornithologique de M\u00e9nigoute 2013, France<br>Green Screen International Wildlife Film Festival 2013, Allemagne<br>30\u00e8me Festival International du Film de Montagne d\u2019Autrans 2013, France<br>31\u00e8me Festival de Cinema de Muntanya de Torell\u00f3 2013, Espagne<br>40th International Festival Ekofilm 2014, R\u00e9publique Tch\u00e8que<br>Internationales Berg &amp; Abenteuer Filmfestival Graz 2014, Autriche<br>12th Bansko International Mountain Film Festival 2014, Bulgarie<br>7th Bilbao Mendi Film Festival 2014, Espagne<br>2\u00e8me Festival du Film de Montagne Regards d\u2019Altitude, France<br>11\u00e8me Festival Partances 2014, France<br>Festival Objectif Aventure 2015, France<br>Festival Internacional de Cine de Monta\u00f1a Ushuaia Shh 2015, Argentine<br>Inkafest Mountain Film Festival 2015, P\u00e9rou<br>Matsalu Nature Film Festival 2015, Estonie<br>Medzin\u00e1rodn\u00fd Festival Horsk\u00fdch Filmov Poprad 2015, Slovaquie<br>13 Internationales Bergfilm Festival Tegernsee 2015, Allemagne<br>Dutch Mountain Film Festival 2016, Pays-Bas<br>Wasatch Mountain Film Festival 2016, \u00c9tats-Unis<br>Pakistan International Mountain Film Festival 2016, Pakistan<br>10th PICURT Mostra de Cinema de Muntanya dels Pirineus 2016, Espagne<br>15\u00e8me Grand Bivouac d\u2019Albertville 2016, France<br>T-Film International Film Festival Ostrava 2016, R\u00e9publique Tch\u00e8que<\/sup><\/p>\n<\/div>\n\n\n\n<div class=\"wp-block-column is-layout-flow wp-block-column-is-layout-flow\">\n<p><strong>Autres projections publiques<\/strong><br><br><sub>Cin\u00e9ma La Turbine de Cran-G\u00e9vrier 2012, France<br>Cin\u00e9 Mont-Blanc de Sallanches 2013, France<br>Cin\u00e9 Ubaye de Barcelonnette 2013, France<br>Cin\u00e9ma L\u2019Atmosph\u00e8re de Saint-Genix-sur-Guiers 2013, France<br>F\u00eate de la Nature \u00e0 la salle Valbergane de Valberg 2013, France<br>Les Films d\u2019en Haut, Champagny-en-Vanoise 2013, France<br>MIPE de Dol de Bretagne 2013, France<br>Club for the International Pop Underground de Vera Zienema 2013, France<br>Mois du film documentaire \u00e0 la Biblioth\u00e8que Faidherbe de Paris 2013, France<br>Atelier G-REM de Dinard 2013, France<br>Th\u00e9\u00e2tre Montjoie de Saint-Gervais-les-Bains 2013, France<br>18\u00e8me Festival de la Photo Animali\u00e8re et de Nature de Montier-en-Der 2013<br>26\u00e8me Festival des Globe-Trotters \u2013 Aventure du Bout du Monde 2014, France<br>Festival Cin\u00e9-Nature de Callac 2014, France<br>Amphith\u00e9\u00e2tre de l\u2019Universit\u00e9 de Savoie 2014, France<br>Festival de la Photo de Mouans-Sartoux 2014<br>Festival Image Montagne de Pau 2014, France<br>Festival Nature de Hauteville 2014, France<br>Atelier \u00e9quiTh\u00e9s des Houches 2014, France<br>18\u00e8me Festival Escales Voyageuses d\u2019Avignon 2015, France<br>Cin\u00e9ma Le Parnal de Thorens-Gli\u00e8res 2015, France<br>Drone Photo &amp; Film Festival 2016, Belgique<br>3\u00e8me Bucharest PhotoFest 2016, Roumanie<br>M\u00fcnchner Bergfilmtage 2016 &amp; 2017, Allemagne<br>Vereinigung Kunstschaffender Unterfrankens VKU 2016, Allemagne<br>7\u00e8me Salon de la Photographie de Nature de Barr 2016, France<br>San Luis Obispo Museum of Art de Los Angeles 2016, \u00c9tats-Unis<br>Rendez-vous du carnet de voyage 2016, France<br>Festival Vysok\u00e9 Hory \u017dilina 2016, Slovaquie<br>Festival Curieux voyageurs 2017, France<br>Cin\u00e9ma Casino de Vence 2018, France<br>Association Images &amp; Expressions de Cagnes-sur-Mer 2018, France<br>Projection organis\u00e9e par Reflexe Photo \u00e0 Paris 2018, France<br>Mois du film documentaire \u00e0 la Biblioth\u00e8que municipale de Beaune 2018, France<\/sub><\/p>\n<\/div>\n<\/div>\n\n\n<hr class=\"taz_separator\" data-not-visible=\"1\" style=\"margin-top: 3rem; margin-bottom: 3rem;\">\n\n\n<div class=\"wp-block-columns is-layout-flex wp-container-core-columns-is-layout-9d6595d7 wp-block-columns-is-layout-flex\">\n<div class=\"wp-block-column is-layout-flow wp-block-column-is-layout-flow\"><\/div>\n\n\n\n<div class=\"wp-block-column is-layout-flow wp-block-column-is-layout-flow\">\n<figure class=\"wp-block-image size-full\"><img loading=\"lazy\" decoding=\"async\" width=\"768\" height=\"768\" src=\"https:\/\/alexandredeschaumes.com\/wordpress\/wp-content\/uploads\/LA-QUETE-OF-INSPIRATION_DVD-768x768-1.png\" alt=\"\" class=\"wp-image-6877\" srcset=\"https:\/\/alexandredeschaumes.com\/wordpress\/wp-content\/uploads\/LA-QUETE-OF-INSPIRATION_DVD-768x768-1.png 768w, https:\/\/alexandredeschaumes.com\/wordpress\/wp-content\/uploads\/LA-QUETE-OF-INSPIRATION_DVD-768x768-1-640x640.png 640w, https:\/\/alexandredeschaumes.com\/wordpress\/wp-content\/uploads\/LA-QUETE-OF-INSPIRATION_DVD-768x768-1-320x320.png 320w\" sizes=\"auto, (max-width: 768px) 100vw, 768px\" \/><\/figure>\n\n\n<button type=\"button\" class=\"taz_button\" data-align=\"center\" data-context=\"default\" onclick=\"window.open('https:\/\/alexandredeschaumes.com\/shop\/','_self')\" data-size=\"default\" data-style=\"inverted\"><span>Commander le DVD<\/span><\/button><\/div>\n\n\n\n<div class=\"wp-block-column is-layout-flow wp-block-column-is-layout-flow\"><\/div>\n<\/div>\n","protected":false},"excerpt":{"rendered":"<p>L\u2019inspiration doit rester la chose primordiale, la beaut\u00e9 permet l\u2019\u00e9l\u00e9vation de l\u2019esprit, et donne \u00e0 jamais l\u2019envie d\u2019atteindre les sph\u00e8res \u00e9th\u00e9r\u00e9es. C\u2019est \u00e0 la suite de nombreuses errances solitaires \u00e0 travers les for\u00eats automnales qu\u2019Alexandre Deschaumes, photographe de paysage, a d\u00e9velopp\u00e9 son propre univers. Guid\u00e9 par les atmosph\u00e8res oniriques et envo\u00fbtantes de la nature sauvage, [&hellip;]<\/p>\n","protected":false},"author":1,"featured_media":4823,"parent":0,"menu_order":0,"comment_status":"closed","ping_status":"closed","template":"","meta":{"_acf_changed":false,"footnotes":""},"class_list":["post-225","page","type-page","status-publish","has-post-thumbnail","hentry"],"acf":[],"yoast_head":"<!-- This site is optimized with the Yoast SEO plugin v27.1.1 - https:\/\/yoast.com\/product\/yoast-seo-wordpress\/ -->\n<title>Film La Qu\u00eate d&#039;Inspiration &#8226; Alexandre Deschaumes<\/title>\n<meta name=\"description\" content=\"Le Film La Qu\u00eate d&#039;Inspiration commence \u00e0 l\u2019automne et se termine en hiver. Le printemps et l\u2019\u00e9t\u00e9 ne sont pas les saisons pr\u00e9f\u00e9r\u00e9es d\u2019Alexandre.\" \/>\n<meta name=\"robots\" content=\"index, follow, max-snippet:-1, max-image-preview:large, max-video-preview:-1\" \/>\n<link rel=\"canonical\" href=\"https:\/\/alexandredeschaumes.com\/en\/film-quete-inspiration\/\" \/>\n<meta property=\"og:locale\" content=\"en_US\" \/>\n<meta property=\"og:type\" content=\"article\" \/>\n<meta property=\"og:title\" content=\"Film La Qu\u00eate d&#039;Inspiration &#8226; Alexandre Deschaumes\" \/>\n<meta property=\"og:description\" content=\"Le Film La Qu\u00eate d&#039;Inspiration commence \u00e0 l\u2019automne et se termine en hiver. Le printemps et l\u2019\u00e9t\u00e9 ne sont pas les saisons pr\u00e9f\u00e9r\u00e9es d\u2019Alexandre.\" \/>\n<meta property=\"og:url\" content=\"https:\/\/alexandredeschaumes.com\/en\/film-quete-inspiration\/\" \/>\n<meta property=\"og:site_name\" content=\"Alexandre Deschaumes\" \/>\n<meta property=\"article:modified_time\" content=\"2023-01-12T08:49:03+00:00\" \/>\n<meta property=\"og:image\" content=\"https:\/\/www.alexandredeschaumes.com\/wordpress\/wp-content\/uploads\/12132580_914441371942910_1843129710728647783_o.jpg\" \/>\n\t<meta property=\"og:image:width\" content=\"1600\" \/>\n\t<meta property=\"og:image:height\" content=\"1067\" \/>\n\t<meta property=\"og:image:type\" content=\"image\/jpeg\" \/>\n<meta name=\"twitter:card\" content=\"summary_large_image\" \/>\n<meta name=\"twitter:label1\" content=\"Est. reading time\" \/>\n\t<meta name=\"twitter:data1\" content=\"5 minutes\" \/>\n<script type=\"application\/ld+json\" class=\"yoast-schema-graph\">{\"@context\":\"https:\/\/schema.org\",\"@graph\":[{\"@type\":\"WebPage\",\"@id\":\"https:\/\/alexandredeschaumes.com\/en\/film-quete-inspiration\/\",\"url\":\"https:\/\/alexandredeschaumes.com\/en\/film-quete-inspiration\/\",\"name\":\"Film La Qu\u00eate d'Inspiration &#8226; Alexandre Deschaumes\",\"isPartOf\":{\"@id\":\"https:\/\/www.alexandredeschaumes.com\/en\/#website\"},\"primaryImageOfPage\":{\"@id\":\"https:\/\/alexandredeschaumes.com\/en\/film-quete-inspiration\/#primaryimage\"},\"image\":{\"@id\":\"https:\/\/alexandredeschaumes.com\/en\/film-quete-inspiration\/#primaryimage\"},\"thumbnailUrl\":\"https:\/\/alexandredeschaumes.com\/wordpress\/wp-content\/uploads\/12132580_914441371942910_1843129710728647783_o.jpg\",\"datePublished\":\"2019-11-05T13:54:47+00:00\",\"dateModified\":\"2023-01-12T08:49:03+00:00\",\"description\":\"Le Film La Qu\u00eate d'Inspiration commence \u00e0 l\u2019automne et se termine en hiver. Le printemps et l\u2019\u00e9t\u00e9 ne sont pas les saisons pr\u00e9f\u00e9r\u00e9es d\u2019Alexandre.\",\"breadcrumb\":{\"@id\":\"https:\/\/alexandredeschaumes.com\/en\/film-quete-inspiration\/#breadcrumb\"},\"inLanguage\":\"en-US\",\"potentialAction\":[{\"@type\":\"ReadAction\",\"target\":[\"https:\/\/alexandredeschaumes.com\/en\/film-quete-inspiration\/\"]}]},{\"@type\":\"ImageObject\",\"inLanguage\":\"en-US\",\"@id\":\"https:\/\/alexandredeschaumes.com\/en\/film-quete-inspiration\/#primaryimage\",\"url\":\"https:\/\/alexandredeschaumes.com\/wordpress\/wp-content\/uploads\/12132580_914441371942910_1843129710728647783_o.jpg\",\"contentUrl\":\"https:\/\/alexandredeschaumes.com\/wordpress\/wp-content\/uploads\/12132580_914441371942910_1843129710728647783_o.jpg\",\"width\":1600,\"height\":1067},{\"@type\":\"BreadcrumbList\",\"@id\":\"https:\/\/alexandredeschaumes.com\/en\/film-quete-inspiration\/#breadcrumb\",\"itemListElement\":[{\"@type\":\"ListItem\",\"position\":1,\"name\":\"Accueil\",\"item\":\"https:\/\/www.alexandredeschaumes.com\/en\/\"},{\"@type\":\"ListItem\",\"position\":2,\"name\":\"La Qu\u00eate d'Inspiration\"}]},{\"@type\":\"WebSite\",\"@id\":\"https:\/\/www.alexandredeschaumes.com\/en\/#website\",\"url\":\"https:\/\/www.alexandredeschaumes.com\/en\/\",\"name\":\"Alexandre Deschaumes\",\"description\":\"Voyage \u00c9th\u00e9r\u00e9\",\"publisher\":{\"@id\":\"https:\/\/www.alexandredeschaumes.com\/en\/#\/schema\/person\/3f2eb1dca0b06296625cf6271563acac\"},\"potentialAction\":[{\"@type\":\"SearchAction\",\"target\":{\"@type\":\"EntryPoint\",\"urlTemplate\":\"https:\/\/www.alexandredeschaumes.com\/en\/?s={search_term_string}\"},\"query-input\":{\"@type\":\"PropertyValueSpecification\",\"valueRequired\":true,\"valueName\":\"search_term_string\"}}],\"inLanguage\":\"en-US\"},{\"@type\":[\"Person\",\"Organization\"],\"@id\":\"https:\/\/www.alexandredeschaumes.com\/en\/#\/schema\/person\/3f2eb1dca0b06296625cf6271563acac\",\"name\":\"Alexandre Deschaumes\",\"image\":{\"@type\":\"ImageObject\",\"inLanguage\":\"en-US\",\"@id\":\"https:\/\/www.alexandredeschaumes.com\/en\/#\/schema\/person\/image\/\",\"url\":\"https:\/\/alexandredeschaumes.com\/wordpress\/wp-content\/uploads\/Avatar-AlexandreDeschaumes-Brown.jpg\",\"contentUrl\":\"https:\/\/alexandredeschaumes.com\/wordpress\/wp-content\/uploads\/Avatar-AlexandreDeschaumes-Brown.jpg\",\"width\":1200,\"height\":1200,\"caption\":\"Alexandre Deschaumes\"},\"logo\":{\"@id\":\"https:\/\/www.alexandredeschaumes.com\/en\/#\/schema\/person\/image\/\"}}]}<\/script>\n<!-- \/ Yoast SEO plugin. -->","yoast_head_json":{"title":"Film La Qu\u00eate d'Inspiration &#8226; Alexandre Deschaumes","description":"Le Film La Qu\u00eate d'Inspiration commence \u00e0 l\u2019automne et se termine en hiver. Le printemps et l\u2019\u00e9t\u00e9 ne sont pas les saisons pr\u00e9f\u00e9r\u00e9es d\u2019Alexandre.","robots":{"index":"index","follow":"follow","max-snippet":"max-snippet:-1","max-image-preview":"max-image-preview:large","max-video-preview":"max-video-preview:-1"},"canonical":"https:\/\/alexandredeschaumes.com\/en\/film-quete-inspiration\/","og_locale":"en_US","og_type":"article","og_title":"Film La Qu\u00eate d'Inspiration &#8226; Alexandre Deschaumes","og_description":"Le Film La Qu\u00eate d'Inspiration commence \u00e0 l\u2019automne et se termine en hiver. Le printemps et l\u2019\u00e9t\u00e9 ne sont pas les saisons pr\u00e9f\u00e9r\u00e9es d\u2019Alexandre.","og_url":"https:\/\/alexandredeschaumes.com\/en\/film-quete-inspiration\/","og_site_name":"Alexandre Deschaumes","article_modified_time":"2023-01-12T08:49:03+00:00","og_image":[{"width":1600,"height":1067,"url":"https:\/\/www.alexandredeschaumes.com\/wordpress\/wp-content\/uploads\/12132580_914441371942910_1843129710728647783_o.jpg","type":"image\/jpeg"}],"twitter_card":"summary_large_image","twitter_misc":{"Est. reading time":"5 minutes"},"schema":{"@context":"https:\/\/schema.org","@graph":[{"@type":"WebPage","@id":"https:\/\/alexandredeschaumes.com\/en\/film-quete-inspiration\/","url":"https:\/\/alexandredeschaumes.com\/en\/film-quete-inspiration\/","name":"Film La Qu\u00eate d'Inspiration &#8226; Alexandre Deschaumes","isPartOf":{"@id":"https:\/\/www.alexandredeschaumes.com\/en\/#website"},"primaryImageOfPage":{"@id":"https:\/\/alexandredeschaumes.com\/en\/film-quete-inspiration\/#primaryimage"},"image":{"@id":"https:\/\/alexandredeschaumes.com\/en\/film-quete-inspiration\/#primaryimage"},"thumbnailUrl":"https:\/\/alexandredeschaumes.com\/wordpress\/wp-content\/uploads\/12132580_914441371942910_1843129710728647783_o.jpg","datePublished":"2019-11-05T13:54:47+00:00","dateModified":"2023-01-12T08:49:03+00:00","description":"Le Film La Qu\u00eate d'Inspiration commence \u00e0 l\u2019automne et se termine en hiver. Le printemps et l\u2019\u00e9t\u00e9 ne sont pas les saisons pr\u00e9f\u00e9r\u00e9es d\u2019Alexandre.","breadcrumb":{"@id":"https:\/\/alexandredeschaumes.com\/en\/film-quete-inspiration\/#breadcrumb"},"inLanguage":"en-US","potentialAction":[{"@type":"ReadAction","target":["https:\/\/alexandredeschaumes.com\/en\/film-quete-inspiration\/"]}]},{"@type":"ImageObject","inLanguage":"en-US","@id":"https:\/\/alexandredeschaumes.com\/en\/film-quete-inspiration\/#primaryimage","url":"https:\/\/alexandredeschaumes.com\/wordpress\/wp-content\/uploads\/12132580_914441371942910_1843129710728647783_o.jpg","contentUrl":"https:\/\/alexandredeschaumes.com\/wordpress\/wp-content\/uploads\/12132580_914441371942910_1843129710728647783_o.jpg","width":1600,"height":1067},{"@type":"BreadcrumbList","@id":"https:\/\/alexandredeschaumes.com\/en\/film-quete-inspiration\/#breadcrumb","itemListElement":[{"@type":"ListItem","position":1,"name":"Accueil","item":"https:\/\/www.alexandredeschaumes.com\/en\/"},{"@type":"ListItem","position":2,"name":"La Qu\u00eate d'Inspiration"}]},{"@type":"WebSite","@id":"https:\/\/www.alexandredeschaumes.com\/en\/#website","url":"https:\/\/www.alexandredeschaumes.com\/en\/","name":"Alexandre Deschaumes","description":"Voyage \u00c9th\u00e9r\u00e9","publisher":{"@id":"https:\/\/www.alexandredeschaumes.com\/en\/#\/schema\/person\/3f2eb1dca0b06296625cf6271563acac"},"potentialAction":[{"@type":"SearchAction","target":{"@type":"EntryPoint","urlTemplate":"https:\/\/www.alexandredeschaumes.com\/en\/?s={search_term_string}"},"query-input":{"@type":"PropertyValueSpecification","valueRequired":true,"valueName":"search_term_string"}}],"inLanguage":"en-US"},{"@type":["Person","Organization"],"@id":"https:\/\/www.alexandredeschaumes.com\/en\/#\/schema\/person\/3f2eb1dca0b06296625cf6271563acac","name":"Alexandre Deschaumes","image":{"@type":"ImageObject","inLanguage":"en-US","@id":"https:\/\/www.alexandredeschaumes.com\/en\/#\/schema\/person\/image\/","url":"https:\/\/alexandredeschaumes.com\/wordpress\/wp-content\/uploads\/Avatar-AlexandreDeschaumes-Brown.jpg","contentUrl":"https:\/\/alexandredeschaumes.com\/wordpress\/wp-content\/uploads\/Avatar-AlexandreDeschaumes-Brown.jpg","width":1200,"height":1200,"caption":"Alexandre Deschaumes"},"logo":{"@id":"https:\/\/www.alexandredeschaumes.com\/en\/#\/schema\/person\/image\/"}}]}},"_links":{"self":[{"href":"https:\/\/alexandredeschaumes.com\/en\/wp-json\/wp\/v2\/pages\/225","targetHints":{"allow":["GET"]}}],"collection":[{"href":"https:\/\/alexandredeschaumes.com\/en\/wp-json\/wp\/v2\/pages"}],"about":[{"href":"https:\/\/alexandredeschaumes.com\/en\/wp-json\/wp\/v2\/types\/page"}],"author":[{"embeddable":true,"href":"https:\/\/alexandredeschaumes.com\/en\/wp-json\/wp\/v2\/users\/1"}],"replies":[{"embeddable":true,"href":"https:\/\/alexandredeschaumes.com\/en\/wp-json\/wp\/v2\/comments?post=225"}],"version-history":[{"count":64,"href":"https:\/\/alexandredeschaumes.com\/en\/wp-json\/wp\/v2\/pages\/225\/revisions"}],"predecessor-version":[{"id":6899,"href":"https:\/\/alexandredeschaumes.com\/en\/wp-json\/wp\/v2\/pages\/225\/revisions\/6899"}],"wp:featuredmedia":[{"embeddable":true,"href":"https:\/\/alexandredeschaumes.com\/en\/wp-json\/wp\/v2\/media\/4823"}],"wp:attachment":[{"href":"https:\/\/alexandredeschaumes.com\/en\/wp-json\/wp\/v2\/media?parent=225"}],"curies":[{"name":"wp","href":"https:\/\/api.w.org\/{rel}","templated":true}]}}